{"id":815,"date":"2022-06-21T13:24:28","date_gmt":"2022-06-21T13:24:28","guid":{"rendered":"https:\/\/carlossousa.pt\/?post_type=product&#038;p=815"},"modified":"2022-07-14T10:57:48","modified_gmt":"2022-07-14T10:57:48","slug":"fitas-de-elevacao-300-mm-2","status":"publish","type":"product","link":"https:\/\/carlossousa.pt\/en\/product\/fitas-de-elevacao-300-mm-2\/","title":{"rendered":"Webbing (Lifting) \u2013 300 mm"},"content":{"rendered":"","protected":false},"excerpt":{"rendered":"<p>Breaking load 54000 kg<\/p>","protected":false},"featured_media":816,"comment_status":"open","ping_status":"closed","template":"","meta":{"_et_pb_use_builder":"","_et_pb_old_content":"","_et_gb_content_width":"","_monsterinsights_skip_tracking":false,"_monsterinsights_sitenote_active":false,"_monsterinsights_sitenote_note":"","_monsterinsights_sitenote_category":0},"product_brand":[],"product_cat":[58,61],"product_tag":[],"class_list":{"0":"post-815","1":"product","2":"type-product","3":"status-publish","4":"has-post-thumbnail","6":"product_cat-fitas","7":"product_cat-fitas-para-elevacao","9":"first","10":"instock","11":"shipping-taxable","12":"product-type-simple"},"yoast_head":"<!-- This site is optimized with the Yoast SEO plugin v27.3 - https:\/\/yoast.com\/product\/yoast-seo-wordpress\/ -->\n<title>Fitas de eleva\u00e7\u00e3o \u2013 300 mm - Carlos Sousa<\/title>\n<meta name=\"robots\" content=\"index, follow, max-snippet:-1, max-image-preview:large, max-video-preview:-1\" \/>\n<link rel=\"canonical\" href=\"https:\/\/carlossousa.pt\/en\/product\/fitas-de-elevacao-300-mm-2\/\" \/>\n<meta property=\"og:locale\" content=\"en_GB\" \/>\n<meta property=\"og:type\" content=\"article\" \/>\n<meta property=\"og:title\" content=\"Fitas de eleva\u00e7\u00e3o \u2013 300 mm - Carlos Sousa\" \/>\n<meta property=\"og:description\" content=\"Carga de rotura 54000 kg\" \/>\n<meta property=\"og:url\" content=\"https:\/\/carlossousa.pt\/en\/product\/fitas-de-elevacao-300-mm-2\/\" \/>\n<meta property=\"og:site_name\" content=\"Carlos Sousa\" \/>\n<meta property=\"article:modified_time\" content=\"2022-07-14T10:57:48+00:00\" \/>\n<meta property=\"og:image\" content=\"https:\/\/carlossousa.pt\/wp-content\/uploads\/2022\/06\/KR_04314-scaled.jpg\" \/>\n\t<meta property=\"og:image:width\" content=\"2560\" \/>\n\t<meta property=\"og:image:height\" content=\"1707\" \/>\n\t<meta property=\"og:image:type\" content=\"image\/jpeg\" \/>\n<meta name=\"twitter:card\" content=\"summary_large_image\" \/>\n<script type=\"application\/ld+json\" class=\"yoast-schema-graph\">{\"@context\":\"https:\\\/\\\/schema.org\",\"@graph\":[{\"@type\":\"WebPage\",\"@id\":\"https:\\\/\\\/carlossousa.pt\\\/produto\\\/fitas-de-elevacao-300-mm-2\\\/\",\"url\":\"https:\\\/\\\/carlossousa.pt\\\/produto\\\/fitas-de-elevacao-300-mm-2\\\/\",\"name\":\"Fitas de eleva\u00e7\u00e3o \u2013 300 mm - Carlos Sousa\",\"isPartOf\":{\"@id\":\"http:\\\/\\\/carlossousa.pt\\\/#website\"},\"primaryImageOfPage\":{\"@id\":\"https:\\\/\\\/carlossousa.pt\\\/produto\\\/fitas-de-elevacao-300-mm-2\\\/#primaryimage\"},\"image\":{\"@id\":\"https:\\\/\\\/carlossousa.pt\\\/produto\\\/fitas-de-elevacao-300-mm-2\\\/#primaryimage\"},\"thumbnailUrl\":\"https:\\\/\\\/carlossousa.pt\\\/wp-content\\\/uploads\\\/2022\\\/06\\\/KR_04314-scaled.jpg\",\"datePublished\":\"2022-06-21T13:24:28+00:00\",\"dateModified\":\"2022-07-14T10:57:48+00:00\",\"breadcrumb\":{\"@id\":\"https:\\\/\\\/carlossousa.pt\\\/produto\\\/fitas-de-elevacao-300-mm-2\\\/#breadcrumb\"},\"inLanguage\":\"en-GB\",\"potentialAction\":[{\"@type\":\"ReadAction\",\"target\":[\"https:\\\/\\\/carlossousa.pt\\\/produto\\\/fitas-de-elevacao-300-mm-2\\\/\"]}]},{\"@type\":\"ImageObject\",\"inLanguage\":\"en-GB\",\"@id\":\"https:\\\/\\\/carlossousa.pt\\\/produto\\\/fitas-de-elevacao-300-mm-2\\\/#primaryimage\",\"url\":\"https:\\\/\\\/carlossousa.pt\\\/wp-content\\\/uploads\\\/2022\\\/06\\\/KR_04314-scaled.jpg\",\"contentUrl\":\"https:\\\/\\\/carlossousa.pt\\\/wp-content\\\/uploads\\\/2022\\\/06\\\/KR_04314-scaled.jpg\",\"width\":2560,\"height\":1707,\"caption\":\"Fitas Eleva\u00e7\u00e3o\"},{\"@type\":\"BreadcrumbList\",\"@id\":\"https:\\\/\\\/carlossousa.pt\\\/produto\\\/fitas-de-elevacao-300-mm-2\\\/#breadcrumb\",\"itemListElement\":[{\"@type\":\"ListItem\",\"position\":1,\"name\":\"In\u00edcio\",\"item\":\"https:\\\/\\\/carlossousa.pt\\\/\"},{\"@type\":\"ListItem\",\"position\":2,\"name\":\"Produtos\",\"item\":\"https:\\\/\\\/carlossousa.pt\\\/cintas-de-amarracao-cintas-de-elevacao-fitas-slings\\\/\"},{\"@type\":\"ListItem\",\"position\":3,\"name\":\"Fitas de eleva\u00e7\u00e3o \u2013 300 mm\"}]},{\"@type\":\"WebSite\",\"@id\":\"http:\\\/\\\/carlossousa.pt\\\/#website\",\"url\":\"http:\\\/\\\/carlossousa.pt\\\/\",\"name\":\"Carlos Sousa\",\"description\":\"Fabrico de Cintas de Eleva\u00e7\u00e3o e Amarra\u00e7\u00e3o, Fitas Tecidas, Acess\u00f3rios, Slings e Bigbags.\",\"publisher\":{\"@id\":\"http:\\\/\\\/carlossousa.pt\\\/#organization\"},\"potentialAction\":[{\"@type\":\"SearchAction\",\"target\":{\"@type\":\"EntryPoint\",\"urlTemplate\":\"http:\\\/\\\/carlossousa.pt\\\/?s={search_term_string}\"},\"query-input\":{\"@type\":\"PropertyValueSpecification\",\"valueRequired\":true,\"valueName\":\"search_term_string\"}}],\"inLanguage\":\"en-GB\"},{\"@type\":\"Organization\",\"@id\":\"http:\\\/\\\/carlossousa.pt\\\/#organization\",\"name\":\"Carlos Sousa\",\"url\":\"http:\\\/\\\/carlossousa.pt\\\/\",\"logo\":{\"@type\":\"ImageObject\",\"inLanguage\":\"en-GB\",\"@id\":\"http:\\\/\\\/carlossousa.pt\\\/#\\\/schema\\\/logo\\\/image\\\/\",\"url\":\"https:\\\/\\\/carlossousa.pt\\\/wp-content\\\/uploads\\\/2022\\\/05\\\/Asset-1.png\",\"contentUrl\":\"https:\\\/\\\/carlossousa.pt\\\/wp-content\\\/uploads\\\/2022\\\/05\\\/Asset-1.png\",\"width\":1771,\"height\":558,\"caption\":\"Carlos Sousa\"},\"image\":{\"@id\":\"http:\\\/\\\/carlossousa.pt\\\/#\\\/schema\\\/logo\\\/image\\\/\"}}]}<\/script>\n<!-- \/ Yoast SEO plugin. -->","yoast_head_json":{"title":"Fitas de eleva\u00e7\u00e3o \u2013 300 mm - Carlos Sousa","robots":{"index":"index","follow":"follow","max-snippet":"max-snippet:-1","max-image-preview":"max-image-preview:large","max-video-preview":"max-video-preview:-1"},"canonical":"https:\/\/carlossousa.pt\/en\/product\/fitas-de-elevacao-300-mm-2\/","og_locale":"en_GB","og_type":"article","og_title":"Fitas de eleva\u00e7\u00e3o \u2013 300 mm - Carlos Sousa","og_description":"Carga de rotura 54000 kg","og_url":"https:\/\/carlossousa.pt\/en\/product\/fitas-de-elevacao-300-mm-2\/","og_site_name":"Carlos Sousa","article_modified_time":"2022-07-14T10:57:48+00:00","og_image":[{"width":2560,"height":1707,"url":"https:\/\/carlossousa.pt\/wp-content\/uploads\/2022\/06\/KR_04314-scaled.jpg","type":"image\/jpeg"}],"twitter_card":"summary_large_image","schema":{"@context":"https:\/\/schema.org","@graph":[{"@type":"WebPage","@id":"https:\/\/carlossousa.pt\/produto\/fitas-de-elevacao-300-mm-2\/","url":"https:\/\/carlossousa.pt\/produto\/fitas-de-elevacao-300-mm-2\/","name":"Fitas de eleva\u00e7\u00e3o \u2013 300 mm - Carlos Sousa","isPartOf":{"@id":"http:\/\/carlossousa.pt\/#website"},"primaryImageOfPage":{"@id":"https:\/\/carlossousa.pt\/produto\/fitas-de-elevacao-300-mm-2\/#primaryimage"},"image":{"@id":"https:\/\/carlossousa.pt\/produto\/fitas-de-elevacao-300-mm-2\/#primaryimage"},"thumbnailUrl":"https:\/\/carlossousa.pt\/wp-content\/uploads\/2022\/06\/KR_04314-scaled.jpg","datePublished":"2022-06-21T13:24:28+00:00","dateModified":"2022-07-14T10:57:48+00:00","breadcrumb":{"@id":"https:\/\/carlossousa.pt\/produto\/fitas-de-elevacao-300-mm-2\/#breadcrumb"},"inLanguage":"en-GB","potentialAction":[{"@type":"ReadAction","target":["https:\/\/carlossousa.pt\/produto\/fitas-de-elevacao-300-mm-2\/"]}]},{"@type":"ImageObject","inLanguage":"en-GB","@id":"https:\/\/carlossousa.pt\/produto\/fitas-de-elevacao-300-mm-2\/#primaryimage","url":"https:\/\/carlossousa.pt\/wp-content\/uploads\/2022\/06\/KR_04314-scaled.jpg","contentUrl":"https:\/\/carlossousa.pt\/wp-content\/uploads\/2022\/06\/KR_04314-scaled.jpg","width":2560,"height":1707,"caption":"Fitas Eleva\u00e7\u00e3o"},{"@type":"BreadcrumbList","@id":"https:\/\/carlossousa.pt\/produto\/fitas-de-elevacao-300-mm-2\/#breadcrumb","itemListElement":[{"@type":"ListItem","position":1,"name":"In\u00edcio","item":"https:\/\/carlossousa.pt\/"},{"@type":"ListItem","position":2,"name":"Produtos","item":"https:\/\/carlossousa.pt\/cintas-de-amarracao-cintas-de-elevacao-fitas-slings\/"},{"@type":"ListItem","position":3,"name":"Fitas de eleva\u00e7\u00e3o \u2013 300 mm"}]},{"@type":"WebSite","@id":"http:\/\/carlossousa.pt\/#website","url":"http:\/\/carlossousa.pt\/","name":"Carlos Sousa","description":"Fabrico de Cintas de Eleva\u00e7\u00e3o e Amarra\u00e7\u00e3o, Fitas Tecidas, Acess\u00f3rios, Slings e Bigbags.","publisher":{"@id":"http:\/\/carlossousa.pt\/#organization"},"potentialAction":[{"@type":"SearchAction","target":{"@type":"EntryPoint","urlTemplate":"http:\/\/carlossousa.pt\/?s={search_term_string}"},"query-input":{"@type":"PropertyValueSpecification","valueRequired":true,"valueName":"search_term_string"}}],"inLanguage":"en-GB"},{"@type":"Organization","@id":"http:\/\/carlossousa.pt\/#organization","name":"Carlos Sousa","url":"http:\/\/carlossousa.pt\/","logo":{"@type":"ImageObject","inLanguage":"en-GB","@id":"http:\/\/carlossousa.pt\/#\/schema\/logo\/image\/","url":"https:\/\/carlossousa.pt\/wp-content\/uploads\/2022\/05\/Asset-1.png","contentUrl":"https:\/\/carlossousa.pt\/wp-content\/uploads\/2022\/05\/Asset-1.png","width":1771,"height":558,"caption":"Carlos Sousa"},"image":{"@id":"http:\/\/carlossousa.pt\/#\/schema\/logo\/image\/"}}]}},"_links":{"self":[{"href":"https:\/\/carlossousa.pt\/en\/wp-json\/wp\/v2\/product\/815","targetHints":{"allow":["GET"]}}],"collection":[{"href":"https:\/\/carlossousa.pt\/en\/wp-json\/wp\/v2\/product"}],"about":[{"href":"https:\/\/carlossousa.pt\/en\/wp-json\/wp\/v2\/types\/product"}],"replies":[{"embeddable":true,"href":"https:\/\/carlossousa.pt\/en\/wp-json\/wp\/v2\/comments?post=815"}],"wp:featuredmedia":[{"embeddable":true,"href":"https:\/\/carlossousa.pt\/en\/wp-json\/wp\/v2\/media\/816"}],"wp:attachment":[{"href":"https:\/\/carlossousa.pt\/en\/wp-json\/wp\/v2\/media?parent=815"}],"wp:term":[{"taxonomy":"product_brand","embeddable":true,"href":"https:\/\/carlossousa.pt\/en\/wp-json\/wp\/v2\/product_brand?post=815"},{"taxonomy":"product_cat","embeddable":true,"href":"https:\/\/carlossousa.pt\/en\/wp-json\/wp\/v2\/product_cat?post=815"},{"taxonomy":"product_tag","embeddable":true,"href":"https:\/\/carlossousa.pt\/en\/wp-json\/wp\/v2\/product_tag?post=815"}],"curies":[{"name":"wp","href":"https:\/\/api.w.org\/{rel}","templated":true}]}}