{"id":21,"date":"2022-05-10T23:05:05","date_gmt":"2022-05-10T23:05:05","guid":{"rendered":"https:\/\/carlossousa.pt\/?page_id=21"},"modified":"2025-10-03T15:39:54","modified_gmt":"2025-10-03T15:39:54","slug":"produtos-slings-cintas-de-amarracao-cintas-de-elevacao-fitas-2","status":"publish","type":"page","link":"https:\/\/carlossousa.pt\/en\/produtos-slings-cintas-de-amarracao-cintas-de-elevacao-fitas-2\/","title":{"rendered":"Produtos 2"},"content":{"rendered":"<p>[et_pb_section fb_built=&#8221;1&#8243; _builder_version=&#8221;4.17.3&#8243; _module_preset=&#8221;default&#8221; background_image=&#8221;https:\/\/carlossousa.pt\/wp-content\/uploads\/2022\/07\/KR_00133-scaled.jpg&#8221; custom_padding=&#8221;||142px|||&#8221; bottom_divider_style=&#8221;arrow3&#8243; bottom_divider_color=&#8221;#FFFFFF&#8221; bottom_divider_flip=&#8221;vertical|horizontal&#8221; locked=&#8221;off&#8221; global_colors_info=&#8221;{}&#8221;][et_pb_row column_structure=&#8221;1_2,1_2&#8243; _builder_version=&#8221;4.17.3&#8243; _module_preset=&#8221;default&#8221; custom_margin=&#8221;-24px|auto|38px|auto||&#8221; custom_padding=&#8221;2px|||||&#8221; global_colors_info=&#8221;{}&#8221;][et_pb_column type=&#8221;1_2&#8243; _builder_version=&#8221;4.17.3&#8243; _module_preset=&#8221;default&#8221; global_colors_info=&#8221;{}&#8221;][et_pb_text _builder_version=&#8221;4.17.3&#8243; _module_preset=&#8221;default&#8221; header_2_font=&#8221;|600|||||||&#8221; header_2_text_color=&#8221;#FFFFFF&#8221; header_2_font_size=&#8221;33px&#8221; header_2_line_height=&#8221;1.7em&#8221; custom_margin=&#8221;66px|||||&#8221; custom_padding=&#8221;37px|||||&#8221; global_colors_info=&#8221;{}&#8221;]<\/p>\n<h2>Os nossos Produtos<\/h2>\n<p>&nbsp;<\/p>\n<p>[\/et_pb_text][\/et_pb_column][et_pb_column type=&#8221;1_2&#8243; _builder_version=&#8221;4.17.3&#8243; _module_preset=&#8221;default&#8221; global_colors_info=&#8221;{}&#8221;][\/et_pb_column][\/et_pb_row][\/et_pb_section][et_pb_section fb_built=&#8221;1&#8243; _builder_version=&#8221;4.17.3&#8243; _module_preset=&#8221;default&#8221; global_colors_info=&#8221;{}&#8221;][et_pb_row column_structure=&#8221;3_4,1_4&#8243; custom_padding_last_edited=&#8221;on|phone&#8221; _builder_version=&#8221;4.17.3&#8243; _module_preset=&#8221;default&#8221; width=&#8221;100%&#8221; custom_margin=&#8221;||||false|false&#8221; custom_padding=&#8221;||||false|true&#8221; custom_padding_tablet=&#8221;||||false|true&#8221; custom_padding_phone=&#8221;|15px||15px|false|true&#8221; global_colors_info=&#8221;{}&#8221;][et_pb_column type=&#8221;3_4&#8243; _builder_version=&#8221;4.17.3&#8243; _module_preset=&#8221;default&#8221; global_colors_info=&#8221;{}&#8221;][et_pb_code _builder_version=&#8221;4.27.4&#8243; _module_preset=&#8221;default&#8221; hover_enabled=&#8221;0&#8243; custom_css_free_form=&#8221;.select2-container&#8211;default .select2-selection&#8211;single .select2-selection__rendered {||    color: #444;||    line-height: 7px !important;||}&#8221; global_colors_info=&#8221;{}&#8221; sticky_enabled=&#8221;0&#8243;]        <form\n\t\t\tdata-post-id=\"21\"\n\t\t\tdata-slug=\"produtos\"\n\t\t\taction=\"https:\/\/carlossousa.pt\/en\/cintas-de-amarracao-cintas-de-elevacao-fitas-slings\/\"\n\t\t\tdata-shop=\"https:\/\/carlossousa.pt\/en\/cintas-de-amarracao-cintas-de-elevacao-fitas-slings\/\"\n\t\t\tmethod=\"get\"\n\t\t\tclass=\"wpf_form wpf_form_produtos wpf_submit_on_change\"\n\t\t\tstyle=\"visibility: hidden;\"\n\t\t\tdata-infinitybuffer=\"300\"\n\t\t>\n            <input type=\"hidden\" name=\"wpf\" value=\"produtos\" \/>\n\t\t\t<input type=\"hidden\" name=\"orderby\" value=\"\" \/>\n\t\t\t<input type=\"hidden\" name=\"wpf_cols\" value=\"\" \/>\n\t\t\t<input type=\"hidden\" name=\"wpf_page\" value=\"1\" \/>\n\t\t\t                        <div class=\"wpf_items_wrapper wpf_layout_vertical\">\n                                                                                                                <div class=\"wpf_item wpf_item_wpf_cat\">\n                                                                    <div class=\"wpf_item_name\">Produtos<\/div>\n                                                                                                <select  name=\"wpf_produtos\" class=\"wpf_dropdown\">\n                                                                                    \n                    \n                            <option value=\"cintas-de-elevacao\">\n                                        Cintas de Eleva\u00e7\u00e3o                     &nbsp;(19)                <\/option>\n                                    \n                    \n                            <option value=\"cintas-de-elevacao-com-alcas\">\n                    &nbsp;&nbsp;&nbsp;                    Cintas de Eleva\u00e7\u00e3o com Al\u00e7as                     &nbsp;(9)                <\/option>\n                                                \n                            <option value=\"cintas-de-elevacao-redondas\">\n                    &nbsp;&nbsp;&nbsp;                    Cintas de Eleva\u00e7\u00e3o Redondas                     &nbsp;(8)                <\/option>\n                                                \n                            <option value=\"cintas-sem-fim\">\n                    &nbsp;&nbsp;&nbsp;                    Cintas sem Fim                     &nbsp;(1)                <\/option>\n                                                                                            \n                            <option value=\"cintas-de-amarracao\">\n                                        Cintas de Amarra\u00e7\u00e3o                     &nbsp;(24)                <\/option>\n                                    \n                    \n                            <option value=\"cinta-para-camioes\">\n                    &nbsp;&nbsp;&nbsp;                    Cinta para Cami\u00f5es                     &nbsp;(2)                <\/option>\n                                                \n                            <option value=\"cinta-sem-tensor\">\n                    &nbsp;&nbsp;&nbsp;                    Cinta Sem Tensor                     &nbsp;(5)                <\/option>\n                                                \n                            <option value=\"cintas-completas\">\n                    &nbsp;&nbsp;&nbsp;                    Cintas Completas                     &nbsp;(5)                <\/option>\n                                                \n                            <option value=\"cinta-porta-carros\">\n                    &nbsp;&nbsp;&nbsp;                    Cinta Porta Carros                     &nbsp;(3)                <\/option>\n                                                \n                            <option value=\"esticador-de-cortinas\">\n                    &nbsp;&nbsp;&nbsp;                    Esticador de Cortinas                     &nbsp;(2)                <\/option>\n                                                \n                            <option value=\"tensor-completo\">\n                    &nbsp;&nbsp;&nbsp;                    Tensor Completo                     &nbsp;(5)                <\/option>\n                                                                                            \n                            <option value=\"fitas\">\n                                        Fitas                     &nbsp;(14)                <\/option>\n                                    \n                    \n                            <option value=\"fitas-de-estores\">\n                    &nbsp;&nbsp;&nbsp;                    Fitas de Estores                     &nbsp;(1)                <\/option>\n                                                \n                            <option value=\"fitas-para-amarracao\">\n                    &nbsp;&nbsp;&nbsp;                    Fitas para amarra\u00e7\u00e3o                     &nbsp;(4)                <\/option>\n                                                \n                            <option value=\"fitas-para-elevacao\">\n                    &nbsp;&nbsp;&nbsp;                    Fitas para Eleva\u00e7\u00e3o                     &nbsp;(9)                <\/option>\n                                                                                            \n                            <option value=\"acessorios\">\n                                        Acess\u00f3rios                     &nbsp;(25)                <\/option>\n                                                \n                            <option value=\"slings\">\n                                        Slings e Bigbags                     &nbsp;(2)                <\/option>\n                                                                                                                            <\/select>\t\t\t\t\t\t\t\t\t                                                            <\/div>\n                                                                        <\/div>\n            \n\t\t\t<div class=\"wpf-no-products-found\" style=\"display: none;\">\n\t\t\t\t<p class=\"woocommerce-info\">No products were found matching your selection.<\/p>\n\t\t\t<\/div>\n        <\/form>\n        [\/et_pb_code][\/et_pb_column][et_pb_column type=&#8221;1_4&#8243; _builder_version=&#8221;4.17.3&#8243; _module_preset=&#8221;default&#8221; global_colors_info=&#8221;{}&#8221;][et_pb_button button_url=&#8221;https:\/\/carlossousa.pt\/produtos-slings-cintas-de-amarracao-cintas-de-elevacao-fitas-2\/&#8221; button_text=&#8221;Ver Todos&#8221; _builder_version=&#8221;4.21.0&#8243; _module_preset=&#8221;default&#8221; custom_button=&#8221;on&#8221; button_text_size=&#8221;15px&#8221; button_text_color=&#8221;#333333&#8243; button_bg_color=&#8221;#F3F3F3&#8243; button_border_width=&#8221;0px&#8221; button_border_color=&#8221;#333333&#8243; button_icon=&#8221;&#x35;||divi||400&#8243; custom_margin=&#8221;47px|||||&#8221; custom_margin_tablet=&#8221;47px|||||&#8221; custom_margin_phone=&#8221;-40px||||false|false&#8221; custom_margin_last_edited=&#8221;on|phone&#8221; global_colors_info=&#8221;{}&#8221;][\/et_pb_button][\/et_pb_column][\/et_pb_row][et_pb_row custom_padding_last_edited=&#8221;on|phone&#8221; _builder_version=&#8221;4.17.3&#8243; _module_preset=&#8221;default&#8221; width=&#8221;100%&#8221; max_width=&#8221;1091px&#8221; custom_margin=&#8221;-18px|auto||auto||&#8221; custom_margin_tablet=&#8221;-18px|auto||auto||&#8221; custom_margin_phone=&#8221;-18px||||false|true&#8221; custom_margin_last_edited=&#8221;on|phone&#8221; custom_padding_tablet=&#8221;&#8221; custom_padding_phone=&#8221;|15px||15px|false|true&#8221; global_colors_info=&#8221;{}&#8221;][et_pb_column type=&#8221;4_4&#8243; _builder_version=&#8221;4.17.3&#8243; _module_preset=&#8221;default&#8221; global_colors_info=&#8221;{}&#8221;][et_pb_shop columns_number=&#8221;3&#8243; icon_hover_color=&#8221;RGBA(255,255,255,0)&#8221; hover_overlay_color=&#8221;RGBA(255,255,255,0)&#8221; show_price=&#8221;off&#8221; show_rating=&#8221;off&#8221; show_sale_badge=&#8221;off&#8221; _builder_version=&#8221;4.17.3&#8243; _module_preset=&#8221;default&#8221; title_font=&#8221;|600|||||||&#8221; title_text_align=&#8221;center&#8221; title_font_size=&#8221;15px&#8221; title_line_height=&#8221;1.4em&#8221; background_enable_color=&#8221;off&#8221; custom_margin=&#8221;-15px|||||&#8221; global_colors_info=&#8221;{}&#8221;][\/et_pb_shop][\/et_pb_column][\/et_pb_row][\/et_pb_section]<\/p>\n","protected":false},"excerpt":{"rendered":"<p>Our Products &nbsp;        <form\n\t\t\tdata-post-id=\"21\"\n\t\t\tdata-slug=\"produtos\"\n\t\t\taction=\"https:\/\/carlossousa.pt\/en\/cintas-de-amarracao-cintas-de-elevacao-fitas-slings\/\"\n\t\t\tdata-shop=\"https:\/\/carlossousa.pt\/en\/cintas-de-amarracao-cintas-de-elevacao-fitas-slings\/\"\n\t\t\tmethod=\"get\"\n\t\t\tclass=\"wpf_form wpf_form_produtos wpf_submit_on_change\"\n\t\t\tstyle=\"visibility: hidden;\"\n\t\t\tdata-infinitybuffer=\"300\" data-trp-original-action=\"https:\/\/carlossousa.pt\/en\/cintas-de-amarracao-cintas-de-elevacao-fitas-slings\/\"\n\t\t>\n            <input type=\"hidden\" name=\"wpf\" value=\"produtos\" \/>\n\t\t\t<input type=\"hidden\" name=\"orderby\" value=\"\" \/>\n\t\t\t<input type=\"hidden\" name=\"wpf_cols\" value=\"\" \/>\n\t\t\t<input type=\"hidden\" name=\"wpf_page\" value=\"1\" \/>\n\t\t\t                        <div class=\"wpf_items_wrapper wpf_layout_vertical\">\n                                                                                                                <div class=\"wpf_item wpf_item_wpf_cat\">\n                                                                    <div class=\"wpf_item_name\">Products<\/div>\n                                                                                                <select  name=\"wpf_produtos\" class=\"wpf_dropdown\">\n                                                                                    \n                    \n                            <option value=\"cintas-de-elevacao\">\n                                        Cintas de Eleva\u00e7\u00e3o                     &nbsp;(19)                <\/option>\n                                    \n                    \n                            <option value=\"cintas-de-elevacao-com-alcas\">\n                    &nbsp;&nbsp;&nbsp;                    Cintas de Eleva\u00e7\u00e3o com Al\u00e7as                     &nbsp;(9)                <\/option>\n                                                \n                            <option value=\"cintas-de-elevacao-redondas\">\n                    &nbsp;&nbsp;&nbsp;                    Cintas de Eleva\u00e7\u00e3o Redondas                     &nbsp;(8)                <\/option>\n                                                \n                            <option value=\"cintas-sem-fim\">\n                    &nbsp;&nbsp;&nbsp;                    Cintas sem Fim                     &nbsp;(1)                <\/option>\n                                                                                            \n                            <option value=\"cintas-de-amarracao\">\n                                        Cintas de Amarra\u00e7\u00e3o                     &nbsp;(24)                <\/option>\n                                    \n                    \n                            <option value=\"cinta-para-camioes\">\n                    &nbsp;&nbsp;&nbsp;                    Cinta para Cami\u00f5es                     &nbsp;(2)                <\/option>\n                                                \n                            <option value=\"cinta-sem-tensor\">\n                    &nbsp;&nbsp;&nbsp;                    Cinta Sem Tensor                     &nbsp;(5)                <\/option>\n                                                \n                            <option value=\"cintas-completas\">\n                    &nbsp;&nbsp;&nbsp;                    Cintas Completas                     &nbsp;(5)                <\/option>\n                                                \n                            <option value=\"cinta-porta-carros\">\n                    &nbsp;&nbsp;&nbsp;                    Cinta Porta Carros                     &nbsp;(3)                <\/option>\n                                                \n                            <option value=\"esticador-de-cortinas\">\n                    &nbsp;&nbsp;&nbsp;                    Esticador de Cortinas                     &nbsp;(2)                <\/option>\n                                                \n                            <option value=\"tensor-completo\">\n                    &nbsp;&nbsp;&nbsp;                    Tensor Completo                     &nbsp;(5)                <\/option>\n                                                                                            \n                            <option value=\"fitas\">\n                                        Fitas                     &nbsp;(14)                <\/option>\n                                    \n                    \n                            <option value=\"fitas-de-estores\">\n                    &nbsp;&nbsp;&nbsp;                    Fitas de Estores                     &nbsp;(1)                <\/option>\n                                                \n                            <option value=\"fitas-para-amarracao\">\n                    &nbsp;&nbsp;&nbsp;                    Fitas para amarra\u00e7\u00e3o                     &nbsp;(4)                <\/option>\n                                                \n                            <option value=\"fitas-para-elevacao\">\n                    &nbsp;&nbsp;&nbsp;                    Fitas para Eleva\u00e7\u00e3o                     &nbsp;(9)                <\/option>\n                                                                                            \n                            <option value=\"acessorios\">\n                                        Acess\u00f3rios                     &nbsp;(25)                <\/option>\n                                                \n                            <option value=\"slings\">\n                                        Slings e Bigbags                     &nbsp;(2)                <\/option>\n                                                                                                                            <\/select>\t\t\t\t\t\t\t\t\t                                                            <\/div>\n                                                                        <\/div>\n            \n\t\t\t<div class=\"wpf-no-products-found\" style=\"display: none;\">\n\t\t\t\t<p class=\"woocommerce-info\">No products were found matching your selection.<\/p>\n\t\t\t<\/div>\n        <input type=\"hidden\" name=\"trp-form-language\" value=\"en\"\/><\/form>\n        <\/p>","protected":false},"author":1,"featured_media":0,"parent":0,"menu_order":0,"comment_status":"closed","ping_status":"open","template":"","meta":{"_et_pb_use_builder":"on","_et_pb_old_content":"","_et_gb_content_width":"","_monsterinsights_skip_tracking":false,"_monsterinsights_sitenote_active":false,"_monsterinsights_sitenote_note":"","_monsterinsights_sitenote_category":0,"footnotes":""},"class_list":["post-21","page","type-page","status-publish","hentry"],"yoast_head":"<!-- This site is optimized with the Yoast SEO plugin v27.4 - https:\/\/yoast.com\/product\/yoast-seo-wordpress\/ -->\n<title>Cintas de Amarra\u00e7\u00e3o, Cintas de Eleva\u00e7\u00e3o Fitas, Slings<\/title>\n<meta name=\"description\" content=\"Slings, Cintas de Amarra\u00e7\u00e3o, Cintas de Eleva\u00e7\u00e3o, Fitas. Zelamos pela seguran\u00e7a das mercadorias dos nossos clientes.\" \/>\n<meta name=\"robots\" content=\"index, follow, max-snippet:-1, max-image-preview:large, max-video-preview:-1\" \/>\n<link rel=\"canonical\" href=\"https:\/\/carlossousa.pt\/en\/produtos-slings-cintas-de-amarracao-cintas-de-elevacao-fitas-2\/\" \/>\n<meta property=\"og:locale\" content=\"en_GB\" \/>\n<meta property=\"og:type\" content=\"article\" \/>\n<meta property=\"og:title\" content=\"Cintas de Amarra\u00e7\u00e3o, Cintas de Eleva\u00e7\u00e3o Fitas, Slings\" \/>\n<meta property=\"og:description\" content=\"Slings, Cintas de Amarra\u00e7\u00e3o, Cintas de Eleva\u00e7\u00e3o, Fitas. Zelamos pela seguran\u00e7a das mercadorias dos nossos clientes.\" \/>\n<meta property=\"og:url\" content=\"https:\/\/carlossousa.pt\/en\/produtos-slings-cintas-de-amarracao-cintas-de-elevacao-fitas-2\/\" \/>\n<meta property=\"og:site_name\" content=\"Carlos Sousa\" \/>\n<meta property=\"article:modified_time\" content=\"2025-10-03T15:39:54+00:00\" \/>\n<meta name=\"twitter:card\" content=\"summary_large_image\" \/>\n<meta name=\"twitter:label1\" content=\"Estimated reading time\" \/>\n\t<meta name=\"twitter:data1\" content=\"1 minute\" \/>\n<script type=\"application\/ld+json\" class=\"yoast-schema-graph\">{\"@context\":\"https:\\\/\\\/schema.org\",\"@graph\":[{\"@type\":\"WebPage\",\"@id\":\"https:\\\/\\\/carlossousa.pt\\\/produtos-slings-cintas-de-amarracao-cintas-de-elevacao-fitas-2\\\/\",\"url\":\"https:\\\/\\\/carlossousa.pt\\\/produtos-slings-cintas-de-amarracao-cintas-de-elevacao-fitas-2\\\/\",\"name\":\"Cintas de Amarra\u00e7\u00e3o, Cintas de Eleva\u00e7\u00e3o Fitas, Slings\",\"isPartOf\":{\"@id\":\"http:\\\/\\\/carlossousa.pt\\\/#website\"},\"datePublished\":\"2022-05-10T23:05:05+00:00\",\"dateModified\":\"2025-10-03T15:39:54+00:00\",\"description\":\"Slings, Cintas de Amarra\u00e7\u00e3o, Cintas de Eleva\u00e7\u00e3o, Fitas. Zelamos pela seguran\u00e7a das mercadorias dos nossos clientes.\",\"breadcrumb\":{\"@id\":\"https:\\\/\\\/carlossousa.pt\\\/produtos-slings-cintas-de-amarracao-cintas-de-elevacao-fitas-2\\\/#breadcrumb\"},\"inLanguage\":\"en-GB\",\"potentialAction\":[{\"@type\":\"ReadAction\",\"target\":[\"https:\\\/\\\/carlossousa.pt\\\/produtos-slings-cintas-de-amarracao-cintas-de-elevacao-fitas-2\\\/\"]}]},{\"@type\":\"BreadcrumbList\",\"@id\":\"https:\\\/\\\/carlossousa.pt\\\/produtos-slings-cintas-de-amarracao-cintas-de-elevacao-fitas-2\\\/#breadcrumb\",\"itemListElement\":[{\"@type\":\"ListItem\",\"position\":1,\"name\":\"In\u00edcio\",\"item\":\"https:\\\/\\\/carlossousa.pt\\\/\"},{\"@type\":\"ListItem\",\"position\":2,\"name\":\"Produtos 2\"}]},{\"@type\":\"WebSite\",\"@id\":\"http:\\\/\\\/carlossousa.pt\\\/#website\",\"url\":\"http:\\\/\\\/carlossousa.pt\\\/\",\"name\":\"Carlos Sousa\",\"description\":\"Fabrico de Cintas de Eleva\u00e7\u00e3o e Amarra\u00e7\u00e3o, Fitas Tecidas, Acess\u00f3rios, Slings e Bigbags.\",\"publisher\":{\"@id\":\"http:\\\/\\\/carlossousa.pt\\\/#organization\"},\"potentialAction\":[{\"@type\":\"SearchAction\",\"target\":{\"@type\":\"EntryPoint\",\"urlTemplate\":\"http:\\\/\\\/carlossousa.pt\\\/?s={search_term_string}\"},\"query-input\":{\"@type\":\"PropertyValueSpecification\",\"valueRequired\":true,\"valueName\":\"search_term_string\"}}],\"inLanguage\":\"en-GB\"},{\"@type\":\"Organization\",\"@id\":\"http:\\\/\\\/carlossousa.pt\\\/#organization\",\"name\":\"Carlos Sousa\",\"url\":\"http:\\\/\\\/carlossousa.pt\\\/\",\"logo\":{\"@type\":\"ImageObject\",\"inLanguage\":\"en-GB\",\"@id\":\"http:\\\/\\\/carlossousa.pt\\\/#\\\/schema\\\/logo\\\/image\\\/\",\"url\":\"https:\\\/\\\/carlossousa.pt\\\/wp-content\\\/uploads\\\/2022\\\/05\\\/Asset-1.png\",\"contentUrl\":\"https:\\\/\\\/carlossousa.pt\\\/wp-content\\\/uploads\\\/2022\\\/05\\\/Asset-1.png\",\"width\":1771,\"height\":558,\"caption\":\"Carlos Sousa\"},\"image\":{\"@id\":\"http:\\\/\\\/carlossousa.pt\\\/#\\\/schema\\\/logo\\\/image\\\/\"}}]}<\/script>\n<!-- \/ Yoast SEO plugin. -->","yoast_head_json":{"title":"Cintas de Amarra\u00e7\u00e3o, Cintas de Eleva\u00e7\u00e3o Fitas, Slings","description":"Slings, Cintas de Amarra\u00e7\u00e3o, Cintas de Eleva\u00e7\u00e3o, Fitas. Zelamos pela seguran\u00e7a das mercadorias dos nossos clientes.","robots":{"index":"index","follow":"follow","max-snippet":"max-snippet:-1","max-image-preview":"max-image-preview:large","max-video-preview":"max-video-preview:-1"},"canonical":"https:\/\/carlossousa.pt\/en\/produtos-slings-cintas-de-amarracao-cintas-de-elevacao-fitas-2\/","og_locale":"en_GB","og_type":"article","og_title":"Cintas de Amarra\u00e7\u00e3o, Cintas de Eleva\u00e7\u00e3o Fitas, Slings","og_description":"Slings, Cintas de Amarra\u00e7\u00e3o, Cintas de Eleva\u00e7\u00e3o, Fitas. Zelamos pela seguran\u00e7a das mercadorias dos nossos clientes.","og_url":"https:\/\/carlossousa.pt\/en\/produtos-slings-cintas-de-amarracao-cintas-de-elevacao-fitas-2\/","og_site_name":"Carlos Sousa","article_modified_time":"2025-10-03T15:39:54+00:00","twitter_card":"summary_large_image","twitter_misc":{"Estimated reading time":"1 minute"},"schema":{"@context":"https:\/\/schema.org","@graph":[{"@type":"WebPage","@id":"https:\/\/carlossousa.pt\/produtos-slings-cintas-de-amarracao-cintas-de-elevacao-fitas-2\/","url":"https:\/\/carlossousa.pt\/produtos-slings-cintas-de-amarracao-cintas-de-elevacao-fitas-2\/","name":"Cintas de Amarra\u00e7\u00e3o, Cintas de Eleva\u00e7\u00e3o Fitas, Slings","isPartOf":{"@id":"http:\/\/carlossousa.pt\/#website"},"datePublished":"2022-05-10T23:05:05+00:00","dateModified":"2025-10-03T15:39:54+00:00","description":"Slings, Cintas de Amarra\u00e7\u00e3o, Cintas de Eleva\u00e7\u00e3o, Fitas. Zelamos pela seguran\u00e7a das mercadorias dos nossos clientes.","breadcrumb":{"@id":"https:\/\/carlossousa.pt\/produtos-slings-cintas-de-amarracao-cintas-de-elevacao-fitas-2\/#breadcrumb"},"inLanguage":"en-GB","potentialAction":[{"@type":"ReadAction","target":["https:\/\/carlossousa.pt\/produtos-slings-cintas-de-amarracao-cintas-de-elevacao-fitas-2\/"]}]},{"@type":"BreadcrumbList","@id":"https:\/\/carlossousa.pt\/produtos-slings-cintas-de-amarracao-cintas-de-elevacao-fitas-2\/#breadcrumb","itemListElement":[{"@type":"ListItem","position":1,"name":"In\u00edcio","item":"https:\/\/carlossousa.pt\/"},{"@type":"ListItem","position":2,"name":"Produtos 2"}]},{"@type":"WebSite","@id":"http:\/\/carlossousa.pt\/#website","url":"http:\/\/carlossousa.pt\/","name":"Carlos Sousa","description":"Fabrico de Cintas de Eleva\u00e7\u00e3o e Amarra\u00e7\u00e3o, Fitas Tecidas, Acess\u00f3rios, Slings e Bigbags.","publisher":{"@id":"http:\/\/carlossousa.pt\/#organization"},"potentialAction":[{"@type":"SearchAction","target":{"@type":"EntryPoint","urlTemplate":"http:\/\/carlossousa.pt\/?s={search_term_string}"},"query-input":{"@type":"PropertyValueSpecification","valueRequired":true,"valueName":"search_term_string"}}],"inLanguage":"en-GB"},{"@type":"Organization","@id":"http:\/\/carlossousa.pt\/#organization","name":"Carlos Sousa","url":"http:\/\/carlossousa.pt\/","logo":{"@type":"ImageObject","inLanguage":"en-GB","@id":"http:\/\/carlossousa.pt\/#\/schema\/logo\/image\/","url":"https:\/\/carlossousa.pt\/wp-content\/uploads\/2022\/05\/Asset-1.png","contentUrl":"https:\/\/carlossousa.pt\/wp-content\/uploads\/2022\/05\/Asset-1.png","width":1771,"height":558,"caption":"Carlos Sousa"},"image":{"@id":"http:\/\/carlossousa.pt\/#\/schema\/logo\/image\/"}}]}},"_links":{"self":[{"href":"https:\/\/carlossousa.pt\/en\/wp-json\/wp\/v2\/pages\/21","targetHints":{"allow":["GET"]}}],"collection":[{"href":"https:\/\/carlossousa.pt\/en\/wp-json\/wp\/v2\/pages"}],"about":[{"href":"https:\/\/carlossousa.pt\/en\/wp-json\/wp\/v2\/types\/page"}],"author":[{"embeddable":true,"href":"https:\/\/carlossousa.pt\/en\/wp-json\/wp\/v2\/users\/1"}],"replies":[{"embeddable":true,"href":"https:\/\/carlossousa.pt\/en\/wp-json\/wp\/v2\/comments?post=21"}],"version-history":[{"count":28,"href":"https:\/\/carlossousa.pt\/en\/wp-json\/wp\/v2\/pages\/21\/revisions"}],"predecessor-version":[{"id":5909,"href":"https:\/\/carlossousa.pt\/en\/wp-json\/wp\/v2\/pages\/21\/revisions\/5909"}],"wp:attachment":[{"href":"https:\/\/carlossousa.pt\/en\/wp-json\/wp\/v2\/media?parent=21"}],"curies":[{"name":"wp","href":"https:\/\/api.w.org\/{rel}","templated":true}]}}