{"id":1311,"date":"2022-07-28T09:46:57","date_gmt":"2022-07-28T09:46:57","guid":{"rendered":"https:\/\/carlossousa.pt\/?page_id=1311"},"modified":"2022-07-28T09:53:51","modified_gmt":"2022-07-28T09:53:51","slug":"products","status":"publish","type":"page","link":"https:\/\/carlossousa.pt\/en\/products\/","title":{"rendered":"Products"},"content":{"rendered":"<p>[et_pb_section fb_built=&#8221;1&#8243; _builder_version=&#8221;4.17.3&#8243; _module_preset=&#8221;default&#8221; background_image=&#8221;https:\/\/carlossousa.pt\/wp-content\/uploads\/2022\/06\/tratado-scaled.jpg&#8221; custom_padding=&#8221;||142px|||&#8221; bottom_divider_style=&#8221;arrow3&#8243; bottom_divider_color=&#8221;#FFFFFF&#8221; bottom_divider_flip=&#8221;vertical|horizontal&#8221; locked=&#8221;off&#8221; global_colors_info=&#8221;{}&#8221; theme_builder_area=&#8221;post_content&#8221;][et_pb_row column_structure=&#8221;1_2,1_2&#8243; _builder_version=&#8221;4.17.3&#8243; _module_preset=&#8221;default&#8221; custom_margin=&#8221;-24px|auto|38px|auto||&#8221; custom_padding=&#8221;2px|||||&#8221; global_colors_info=&#8221;{}&#8221; theme_builder_area=&#8221;post_content&#8221;][et_pb_column type=&#8221;1_2&#8243; _builder_version=&#8221;4.17.3&#8243; _module_preset=&#8221;default&#8221; global_colors_info=&#8221;{}&#8221; theme_builder_area=&#8221;post_content&#8221;][et_pb_text _builder_version=&#8221;4.17.3&#8243; _module_preset=&#8221;default&#8221; header_2_font=&#8221;|600|||||||&#8221; header_2_text_color=&#8221;#FFFFFF&#8221; header_2_font_size=&#8221;33px&#8221; header_2_line_height=&#8221;1.7em&#8221; custom_margin=&#8221;66px|||||&#8221; custom_padding=&#8221;37px|||||&#8221; hover_enabled=&#8221;0&#8243; global_colors_info=&#8221;{}&#8221; theme_builder_area=&#8221;post_content&#8221; sticky_enabled=&#8221;0&#8243;]<\/p>\n<h2>OUR PRODUCTS<\/h2>\n<p>&nbsp;<\/p>\n<p>[\/et_pb_text][\/et_pb_column][et_pb_column type=&#8221;1_2&#8243; _builder_version=&#8221;4.17.3&#8243; _module_preset=&#8221;default&#8221; global_colors_info=&#8221;{}&#8221; theme_builder_area=&#8221;post_content&#8221;][\/et_pb_column][\/et_pb_row][\/et_pb_section][et_pb_section fb_built=&#8221;1&#8243; _builder_version=&#8221;4.17.3&#8243; _module_preset=&#8221;default&#8221; custom_padding=&#8221;76px|||||&#8221; global_colors_info=&#8221;{}&#8221; theme_builder_area=&#8221;post_content&#8221;][et_pb_row column_structure=&#8221;1_2,1_2&#8243; use_custom_gutter=&#8221;on&#8221; gutter_width=&#8221;2&#8243; _builder_version=&#8221;4.17.3&#8243; _module_preset=&#8221;default&#8221; width=&#8221;91%&#8221; max_width=&#8221;1143px&#8221; global_colors_info=&#8221;{}&#8221; theme_builder_area=&#8221;post_content&#8221;][et_pb_column type=&#8221;1_2&#8243; _builder_version=&#8221;4.17.3&#8243; _module_preset=&#8221;default&#8221; global_colors_info=&#8221;{}&#8221; theme_builder_area=&#8221;post_content&#8221;][et_pb_text _builder_version=&#8221;4.17.3&#8243; _module_preset=&#8221;default&#8221; header_font=&#8221;|600|||||||&#8221; header_text_align=&#8221;left&#8221; header_text_color=&#8221;#000000&#8243; header_font_size=&#8221;24px&#8221; background_color=&#8221;#777777&#8243; use_background_color_gradient=&#8221;on&#8221; background_color_gradient_stops=&#8221;rgba(0,0,0,0.56) 1%|rgba(0,0,0,0.56) 100%&#8221; background_image=&#8221;https:\/\/carlossousa.pt\/wp-content\/uploads\/2022\/06\/alterado1-scaled.jpg&#8221; background_blend=&#8221;overlay&#8221; background_enable_mask_style=&#8221;on&#8221; background_mask_style=&#8221;diagonal-bars&#8221; background_mask_color=&#8221;#f3f3f3&#8243; custom_padding=&#8221;||0px|||&#8221; link_option_url=&#8221;https:\/\/carlossousa.pt\/produtos-2\/?wpf=produtos&#038;wpf_cols=3&#038;wpf_produtos=cintas-de-elevacao&#8221; link_option_url_new_window=&#8221;on&#8221; hover_enabled=&#8221;0&#8243; global_colors_info=&#8221;{}&#8221; theme_builder_area=&#8221;post_content&#8221; sticky_enabled=&#8221;0&#8243;]<\/p>\n<h1 style=\"text-align: center;\"><\/h1>\n<h1 style=\"text-align: center;\"><\/h1>\n<h1 style=\"text-align: center;\"><\/h1>\n<p>&nbsp;<\/p>\n<h1 style=\"text-align: center;\"><\/h1>\n<h1>LIFTING STRAPS<\/h1>\n<p>&nbsp;<\/p>\n<p>&nbsp;<\/p>\n<p>[\/et_pb_text][et_pb_button button_url=&#8221;https:\/\/carlossousa.pt\/produtos-2\/?wpf=produtos&#038;wpf_cols=3&#038;wpf_produtos=cintas-de-elevacao-com-alcas&#8221; url_new_window=&#8221;on&#8221; button_text=&#8221;Lifting Straps with Straps&#8221; button_alignment=&#8221;left&#8221; _builder_version=&#8221;4.17.3&#8243; _module_preset=&#8221;default&#8221; custom_button=&#8221;on&#8221; button_text_size=&#8221;15px&#8221; button_text_color=&#8221;#333333&#8243; button_border_width=&#8221;0px&#8221; button_border_color=&#8221;#2968B1&#8243; button_font=&#8221;|600||on|||||&#8221; hover_enabled=&#8221;0&#8243; global_colors_info=&#8221;{}&#8221; button_bg_color__hover_enabled=&#8221;on|hover&#8221; button_bg_color__hover=&#8221;RGBA(255,255,255,0)&#8221; button_bg_enable_color__hover=&#8221;on&#8221; theme_builder_area=&#8221;post_content&#8221; sticky_enabled=&#8221;0&#8243;][\/et_pb_button][et_pb_button button_url=&#8221;https:\/\/carlossousa.pt\/produtos-2\/?wpf=produtos&#038;wpf_cols=3&#038;wpf_produtos=cintas-de-elevacao-redondas&#8221; url_new_window=&#8221;on&#8221; button_text=&#8221;Round Lifting Straps&#8221; button_alignment=&#8221;left&#8221; _builder_version=&#8221;4.17.3&#8243; _module_preset=&#8221;default&#8221; custom_button=&#8221;on&#8221; button_text_size=&#8221;15px&#8221; button_text_color=&#8221;#333333&#8243; button_border_width=&#8221;0px&#8221; button_border_color=&#8221;#2968B1&#8243; button_font=&#8221;|600||on|||||&#8221; hover_enabled=&#8221;0&#8243; global_colors_info=&#8221;{}&#8221; button_bg_color__hover=&#8221;RGBA(255,255,255,0)&#8221; button_bg_color__hover_enabled=&#8221;on|hover&#8221; theme_builder_area=&#8221;post_content&#8221; sticky_enabled=&#8221;0&#8243;][\/et_pb_button][et_pb_button button_url=&#8221;https:\/\/carlossousa.pt\/produtos-2\/?wpf=produtos&#038;wpf_cols=3&#038;wpf_produtos=cintas-sem-fim&#8221; url_new_window=&#8221;on&#8221; button_text=&#8221;endless straps&#8221; button_alignment=&#8221;left&#8221; _builder_version=&#8221;4.17.3&#8243; _module_preset=&#8221;default&#8221; custom_button=&#8221;on&#8221; button_text_size=&#8221;15px&#8221; button_text_color=&#8221;#333333&#8243; button_border_width=&#8221;0px&#8221; button_border_color=&#8221;#2968B1&#8243; button_font=&#8221;|600||on|||||&#8221; hover_enabled=&#8221;0&#8243; global_colors_info=&#8221;{}&#8221; button_bg_color__hover=&#8221;RGBA(255,255,255,0)&#8221; button_bg_color__hover_enabled=&#8221;on|hover&#8221; theme_builder_area=&#8221;post_content&#8221; sticky_enabled=&#8221;0&#8243;][\/et_pb_button][et_pb_text _builder_version=&#8221;4.17.3&#8243; _module_preset=&#8221;default&#8221; header_font=&#8221;|600|||||||&#8221; header_text_align=&#8221;left&#8221; header_text_color=&#8221;#000000&#8243; header_font_size=&#8221;24px&#8221; background_color=&#8221;#777777&#8243; use_background_color_gradient=&#8221;on&#8221; background_color_gradient_stops=&#8221;rgba(0,0,0,0.56) 1%|rgba(0,0,0,0.56) 100%&#8221; background_image=&#8221;https:\/\/carlossousa.pt\/wp-content\/uploads\/2022\/06\/alterado1-scaled.jpg&#8221; background_blend=&#8221;overlay&#8221; background_enable_mask_style=&#8221;on&#8221; background_mask_style=&#8221;diagonal-bars&#8221; background_mask_color=&#8221;#f3f3f3&#8243; custom_padding=&#8221;||0px|||&#8221; link_option_url=&#8221;https:\/\/carlossousa.pt\/produtos-2\/?wpf=produtos&#038;wpf_cols=3&#038;wpf_page=1&#038;wpf_produtos=cintas-de-amarracao&#8221; link_option_url_new_window=&#8221;on&#8221; hover_enabled=&#8221;0&#8243; global_colors_info=&#8221;{}&#8221; theme_builder_area=&#8221;post_content&#8221; sticky_enabled=&#8221;0&#8243;]<\/p>\n<h1 style=\"text-align: center;\"><\/h1>\n<h1 style=\"text-align: center;\"><\/h1>\n<h1 style=\"text-align: center;\"><\/h1>\n<p>&nbsp;<\/p>\n<h1 style=\"text-align: center;\"><\/h1>\n<h1>MOORING STRAPS<\/h1>\n<p>&nbsp;<\/p>\n<p>&nbsp;<\/p>\n<p>[\/et_pb_text][et_pb_button button_url=&#8221;https:\/\/carlossousa.pt\/produtos-2\/?wpf=produtos&#038;wpf_cols=3&#038;wpf_produtos=cintas-completas&#8221; url_new_window=&#8221;on&#8221; button_text=&#8221;Complete Straps&#8221; button_alignment=&#8221;left&#8221; _builder_version=&#8221;4.17.3&#8243; _module_preset=&#8221;default&#8221; custom_button=&#8221;on&#8221; button_text_size=&#8221;15px&#8221; button_text_color=&#8221;#333333&#8243; button_border_width=&#8221;0px&#8221; button_border_color=&#8221;#2968B1&#8243; button_font=&#8221;|600||on|||||&#8221; hover_enabled=&#8221;0&#8243; global_colors_info=&#8221;{}&#8221; button_bg_color__hover=&#8221;RGBA(255,255,255,0)&#8221; button_bg_color__hover_enabled=&#8221;on|hover&#8221; theme_builder_area=&#8221;post_content&#8221; sticky_enabled=&#8221;0&#8243;][\/et_pb_button][et_pb_button button_url=&#8221;https:\/\/carlossousa.pt\/produtos-2\/?wpf=produtos&#038;wpf_cols=3&#038;wpf_produtos=cinta-sem-tensor&#8221; url_new_window=&#8221;on&#8221; button_text=&#8221;Straps without tensioner&#8221; button_alignment=&#8221;left&#8221; _builder_version=&#8221;4.17.3&#8243; _module_preset=&#8221;default&#8221; custom_button=&#8221;on&#8221; button_text_size=&#8221;15px&#8221; button_text_color=&#8221;#333333&#8243; button_border_width=&#8221;0px&#8221; button_border_color=&#8221;#2968B1&#8243; button_font=&#8221;|600||on|||||&#8221; hover_enabled=&#8221;0&#8243; global_colors_info=&#8221;{}&#8221; button_bg_color__hover=&#8221;RGBA(255,255,255,0)&#8221; button_bg_color__hover_enabled=&#8221;on|hover&#8221; theme_builder_area=&#8221;post_content&#8221; sticky_enabled=&#8221;0&#8243;][\/et_pb_button][et_pb_button button_url=&#8221;https:\/\/carlossousa.pt\/produtos-2\/?wpf=produtos&#038;wpf_cols=3&#038;wpf_produtos=tensor-completo&#8221; url_new_window=&#8221;on&#8221; button_text=&#8221;Complete tensioner&#8221; button_alignment=&#8221;left&#8221; _builder_version=&#8221;4.17.3&#8243; _module_preset=&#8221;default&#8221; custom_button=&#8221;on&#8221; button_text_size=&#8221;15px&#8221; button_text_color=&#8221;#333333&#8243; button_border_width=&#8221;0px&#8221; button_border_color=&#8221;#2968B1&#8243; button_font=&#8221;|600||on|||||&#8221; hover_enabled=&#8221;0&#8243; global_colors_info=&#8221;{}&#8221; button_bg_color__hover=&#8221;RGBA(255,255,255,0)&#8221; button_bg_color__hover_enabled=&#8221;on|hover&#8221; theme_builder_area=&#8221;post_content&#8221; sticky_enabled=&#8221;0&#8243;][\/et_pb_button][et_pb_button button_url=&#8221;https:\/\/carlossousa.pt\/produtos-2\/?wpf=produtos&#038;wpf_cols=3&#038;wpf_produtos=cinta-para-camioes&#8221; url_new_window=&#8221;on&#8221; button_text=&#8221;Belt for Refrigerated Trucks&#8221; button_alignment=&#8221;left&#8221; _builder_version=&#8221;4.17.3&#8243; _module_preset=&#8221;default&#8221; custom_button=&#8221;on&#8221; button_text_size=&#8221;15px&#8221; button_text_color=&#8221;#333333&#8243; button_border_width=&#8221;0px&#8221; button_border_color=&#8221;#2968B1&#8243; button_font=&#8221;|600||on|||||&#8221; hover_enabled=&#8221;0&#8243; global_colors_info=&#8221;{}&#8221; button_bg_color__hover_enabled=&#8221;on|hover&#8221; button_bg_color__hover=&#8221;RGBA(255,255,255,0)&#8221; button_bg_enable_color__hover=&#8221;on&#8221; theme_builder_area=&#8221;post_content&#8221; sticky_enabled=&#8221;0&#8243;][\/et_pb_button][et_pb_button button_url=&#8221;https:\/\/carlossousa.pt\/produtos-2\/?wpf=produtos&#038;wpf_cols=3&#038;wpf_produtos=cinta-porta-carros&#8221; url_new_window=&#8221;on&#8221; button_text=&#8221;Car Carrier Strap&#8221; button_alignment=&#8221;left&#8221; _builder_version=&#8221;4.17.3&#8243; _module_preset=&#8221;default&#8221; custom_button=&#8221;on&#8221; button_text_size=&#8221;15px&#8221; button_text_color=&#8221;#333333&#8243; button_border_width=&#8221;0px&#8221; button_border_color=&#8221;#2968B1&#8243; button_font=&#8221;|600||on|||||&#8221; hover_enabled=&#8221;0&#8243; global_colors_info=&#8221;{}&#8221; button_bg_color__hover=&#8221;RGBA(255,255,255,0)&#8221; button_bg_color__hover_enabled=&#8221;on|hover&#8221; theme_builder_area=&#8221;post_content&#8221; sticky_enabled=&#8221;0&#8243;][\/et_pb_button][et_pb_button button_url=&#8221;https:\/\/carlossousa.pt\/produtos-2\/?wpf=produtos&#038;wpf_cols=3&#038;wpf_produtos=esticador-de-cortinas&#8221; url_new_window=&#8221;on&#8221; button_text=&#8221;curtain stretcher&#8221; button_alignment=&#8221;left&#8221; _builder_version=&#8221;4.17.3&#8243; _module_preset=&#8221;default&#8221; custom_button=&#8221;on&#8221; button_text_size=&#8221;15px&#8221; button_text_color=&#8221;#333333&#8243; button_border_width=&#8221;0px&#8221; button_border_color=&#8221;#2968B1&#8243; button_font=&#8221;|600||on|||||&#8221; hover_enabled=&#8221;0&#8243; global_colors_info=&#8221;{}&#8221; button_bg_color__hover=&#8221;RGBA(255,255,255,0)&#8221; button_bg_color__hover_enabled=&#8221;on|hover&#8221; theme_builder_area=&#8221;post_content&#8221; sticky_enabled=&#8221;0&#8243;][\/et_pb_button][\/et_pb_column][et_pb_column type=&#8221;1_2&#8243; _builder_version=&#8221;4.17.3&#8243; _module_preset=&#8221;default&#8221; global_colors_info=&#8221;{}&#8221; theme_builder_area=&#8221;post_content&#8221;][et_pb_text _builder_version=&#8221;4.17.3&#8243; _module_preset=&#8221;default&#8221; header_font=&#8221;|600|||||||&#8221; header_text_align=&#8221;left&#8221; header_text_color=&#8221;#000000&#8243; header_font_size=&#8221;24px&#8221; background_color=&#8221;#777777&#8243; use_background_color_gradient=&#8221;on&#8221; background_color_gradient_stops=&#8221;rgba(0,0,0,0.56) 1%|rgba(0,0,0,0.56) 100%&#8221; background_image=&#8221;https:\/\/carlossousa.pt\/wp-content\/uploads\/2022\/06\/alterado1-scaled.jpg&#8221; background_blend=&#8221;overlay&#8221; background_enable_mask_style=&#8221;on&#8221; background_mask_style=&#8221;diagonal-bars&#8221; background_mask_color=&#8221;#f3f3f3&#8243; custom_padding=&#8221;||0px|||&#8221; link_option_url=&#8221;https:\/\/carlossousa.pt\/produtos-2\/?wpf=produtos&#038;wpf_cols=3&#038;wpf_produtos=fitas&#8221; link_option_url_new_window=&#8221;on&#8221; hover_enabled=&#8221;0&#8243; global_colors_info=&#8221;{}&#8221; theme_builder_area=&#8221;post_content&#8221; sticky_enabled=&#8221;0&#8243;]<\/p>\n<h1 style=\"text-align: center;\"><\/h1>\n<h1 style=\"text-align: center;\"><\/h1>\n<h1 style=\"text-align: center;\"><\/h1>\n<p>&nbsp;<\/p>\n<h1 style=\"text-align: center;\"><\/h1>\n<h1>RIBBONS<\/h1>\n<p>&nbsp;<\/p>\n<p>&nbsp;<\/p>\n<p>[\/et_pb_text][et_pb_button button_url=&#8221;https:\/\/carlossousa.pt\/produtos-2\/?wpf=produtos&#038;wpf_cols=3&#038;wpf_produtos=fitas-de-estores&#8221; url_new_window=&#8221;on&#8221; button_text=&#8221;blind tapes&#8221; button_alignment=&#8221;left&#8221; _builder_version=&#8221;4.17.3&#8243; _module_preset=&#8221;default&#8221; custom_button=&#8221;on&#8221; button_text_size=&#8221;15px&#8221; button_text_color=&#8221;#333333&#8243; button_border_width=&#8221;0px&#8221; button_border_color=&#8221;#2968B1&#8243; button_font=&#8221;|600||on|||||&#8221; hover_enabled=&#8221;0&#8243; global_colors_info=&#8221;{}&#8221; button_bg_color__hover=&#8221;RGBA(255,255,255,0)&#8221; button_bg_color__hover_enabled=&#8221;on|hover&#8221; theme_builder_area=&#8221;post_content&#8221; sticky_enabled=&#8221;0&#8243;][\/et_pb_button][et_pb_button button_url=&#8221;https:\/\/carlossousa.pt\/produtos-2\/?wpf=produtos&#038;wpf_cols=3&#038;wpf_produtos=fitas-para-amarracao&#8221; url_new_window=&#8221;on&#8221; button_text=&#8221;Ribbons for Mooring&#8221; button_alignment=&#8221;left&#8221; _builder_version=&#8221;4.17.3&#8243; _module_preset=&#8221;default&#8221; custom_button=&#8221;on&#8221; button_text_size=&#8221;15px&#8221; button_text_color=&#8221;#333333&#8243; button_border_width=&#8221;0px&#8221; button_border_color=&#8221;#2968B1&#8243; button_font=&#8221;|600||on|||||&#8221; hover_enabled=&#8221;0&#8243; global_colors_info=&#8221;{}&#8221; button_bg_color__hover=&#8221;RGBA(255,255,255,0)&#8221; button_bg_color__hover_enabled=&#8221;on|hover&#8221; theme_builder_area=&#8221;post_content&#8221; sticky_enabled=&#8221;0&#8243;][\/et_pb_button][et_pb_button button_url=&#8221;https:\/\/carlossousa.pt\/produtos-2\/?wpf=produtos&#038;wpf_cols=3&#038;wpf_produtos=fitas-para-elevacao&#8221; url_new_window=&#8221;on&#8221; button_text=&#8221;Lifting Straps&#8221; button_alignment=&#8221;left&#8221; _builder_version=&#8221;4.17.3&#8243; _module_preset=&#8221;default&#8221; custom_button=&#8221;on&#8221; button_text_size=&#8221;15px&#8221; button_text_color=&#8221;#333333&#8243; button_border_width=&#8221;0px&#8221; button_border_color=&#8221;#2968B1&#8243; button_font=&#8221;|600||on|||||&#8221; hover_enabled=&#8221;0&#8243; global_colors_info=&#8221;{}&#8221; button_bg_color__hover=&#8221;RGBA(255,255,255,0)&#8221; button_bg_color__hover_enabled=&#8221;on|hover&#8221; theme_builder_area=&#8221;post_content&#8221; sticky_enabled=&#8221;0&#8243;][\/et_pb_button][et_pb_text _builder_version=&#8221;4.17.3&#8243; _module_preset=&#8221;default&#8221; header_font=&#8221;|600|||||||&#8221; header_text_align=&#8221;left&#8221; header_text_color=&#8221;#000000&#8243; header_font_size=&#8221;24px&#8221; background_color=&#8221;#777777&#8243; use_background_color_gradient=&#8221;on&#8221; background_color_gradient_stops=&#8221;rgba(0,0,0,0.56) 1%|rgba(0,0,0,0.56) 100%&#8221; background_image=&#8221;https:\/\/carlossousa.pt\/wp-content\/uploads\/2022\/06\/alterado1-scaled.jpg&#8221; background_blend=&#8221;overlay&#8221; background_enable_mask_style=&#8221;on&#8221; background_mask_style=&#8221;diagonal-bars&#8221; background_mask_color=&#8221;#f3f3f3&#8243; custom_padding=&#8221;||0px|||&#8221; link_option_url=&#8221;https:\/\/carlossousa.pt\/produtos-2\/?wpf=produtos&#038;wpf_cols=3&#038;wpf_produtos=acessorios&#8221; link_option_url_new_window=&#8221;on&#8221; hover_enabled=&#8221;0&#8243; global_colors_info=&#8221;{}&#8221; theme_builder_area=&#8221;post_content&#8221; sticky_enabled=&#8221;0&#8243;]<\/p>\n<h1 style=\"text-align: center;\"><\/h1>\n<h1 style=\"text-align: center;\"><\/h1>\n<h1 style=\"text-align: center;\"><\/h1>\n<p>&nbsp;<\/p>\n<h1 style=\"text-align: center;\"><\/h1>\n<h1>ACCESSORIES<\/h1>\n<p>&nbsp;<\/p>\n<p>&nbsp;<\/p>\n<p>[\/et_pb_text][et_pb_text _builder_version=&#8221;4.17.3&#8243; _module_preset=&#8221;default&#8221; header_font=&#8221;|600|||||||&#8221; header_text_align=&#8221;left&#8221; header_text_color=&#8221;#000000&#8243; header_font_size=&#8221;24px&#8221; background_color=&#8221;#777777&#8243; use_background_color_gradient=&#8221;on&#8221; background_color_gradient_stops=&#8221;rgba(0,0,0,0.56) 1%|rgba(0,0,0,0.56) 100%&#8221; background_image=&#8221;https:\/\/carlossousa.pt\/wp-content\/uploads\/2022\/06\/alterado1-scaled.jpg&#8221; background_blend=&#8221;overlay&#8221; background_enable_mask_style=&#8221;on&#8221; background_mask_style=&#8221;diagonal-bars&#8221; background_mask_color=&#8221;#f3f3f3&#8243; custom_padding=&#8221;||0px|||&#8221; link_option_url=&#8221;https:\/\/carlossousa.pt\/produtos-2\/?wpf=produtos&#038;wpf_cols=3&#038;wpf_produtos=slings&#8221; link_option_url_new_window=&#8221;on&#8221; global_colors_info=&#8221;{}&#8221; theme_builder_area=&#8221;post_content&#8221;]<\/p>\n<h1 style=\"text-align: center;\"><\/h1>\n<h1 style=\"text-align: center;\"><\/h1>\n<h1 style=\"text-align: center;\"><\/h1>\n<p>&nbsp;<\/p>\n<h1 style=\"text-align: center;\"><\/h1>\n<h1>\u00a0 SLINGS e BIGBAGS<\/h1>\n<p>&nbsp;<\/p>\n<p>&nbsp;<\/p>\n<p>[\/et_pb_text][\/et_pb_column][\/et_pb_row][\/et_pb_section]<\/p>\n","protected":false},"excerpt":{"rendered":"<p>OUR PRODUCTS &nbsp; &nbsp; LIFTING STRAPS &nbsp; &nbsp; &nbsp; MOORING STRAPS &nbsp; &nbsp; &nbsp; RIBBONS &nbsp; &nbsp; &nbsp; ACCESSORIES &nbsp; &nbsp; &nbsp; \u00a0 SLINGS e BIGBAGS &nbsp; &nbsp;<\/p>","protected":false},"author":1,"featured_media":0,"parent":0,"menu_order":0,"comment_status":"closed","ping_status":"closed","template":"","meta":{"_et_pb_use_builder":"on","_et_pb_old_content":"","_et_gb_content_width":"","_monsterinsights_skip_tracking":false,"_monsterinsights_sitenote_active":false,"_monsterinsights_sitenote_note":"","_monsterinsights_sitenote_category":0,"footnotes":""},"class_list":["post-1311","page","type-page","status-publish","hentry"],"yoast_head":"<!-- This site is optimized with the Yoast SEO plugin v27.4 - https:\/\/yoast.com\/product\/yoast-seo-wordpress\/ -->\n<title>Products - Carlos Sousa<\/title>\n<meta name=\"robots\" content=\"index, follow, max-snippet:-1, max-image-preview:large, max-video-preview:-1\" \/>\n<link rel=\"canonical\" href=\"http:\/\/carlossousa.pt\/en\/products\/\" \/>\n<meta property=\"og:locale\" content=\"en_GB\" \/>\n<meta property=\"og:type\" content=\"article\" \/>\n<meta property=\"og:title\" content=\"Products - Carlos Sousa\" \/>\n<meta property=\"og:description\" content=\"OUR PRODUCTS &nbsp; &nbsp; LIFTING STRAPS &nbsp; &nbsp; &nbsp; MOORING STRAPS &nbsp; &nbsp; &nbsp; RIBBONS &nbsp; &nbsp; &nbsp; ACCESSORIES &nbsp; &nbsp; &nbsp; \u00a0 SLINGS e BIGBAGS &nbsp; &nbsp;\" \/>\n<meta property=\"og:url\" content=\"http:\/\/carlossousa.pt\/en\/products\/\" \/>\n<meta property=\"og:site_name\" content=\"Carlos Sousa\" \/>\n<meta property=\"article:modified_time\" content=\"2022-07-28T09:53:51+00:00\" \/>\n<meta name=\"twitter:card\" content=\"summary_large_image\" \/>\n<meta name=\"twitter:label1\" content=\"Estimated reading time\" \/>\n\t<meta name=\"twitter:data1\" content=\"9 minutes\" \/>\n<script type=\"application\/ld+json\" class=\"yoast-schema-graph\">{\"@context\":\"https:\\\/\\\/schema.org\",\"@graph\":[{\"@type\":\"WebPage\",\"@id\":\"http:\\\/\\\/carlossousa.pt\\\/en\\\/products\\\/\",\"url\":\"http:\\\/\\\/carlossousa.pt\\\/en\\\/products\\\/\",\"name\":\"Products - Carlos Sousa\",\"isPartOf\":{\"@id\":\"http:\\\/\\\/carlossousa.pt\\\/#website\"},\"datePublished\":\"2022-07-28T09:46:57+00:00\",\"dateModified\":\"2022-07-28T09:53:51+00:00\",\"breadcrumb\":{\"@id\":\"http:\\\/\\\/carlossousa.pt\\\/en\\\/products\\\/#breadcrumb\"},\"inLanguage\":\"en-GB\",\"potentialAction\":[{\"@type\":\"ReadAction\",\"target\":[\"http:\\\/\\\/carlossousa.pt\\\/en\\\/products\\\/\"]}]},{\"@type\":\"BreadcrumbList\",\"@id\":\"http:\\\/\\\/carlossousa.pt\\\/en\\\/products\\\/#breadcrumb\",\"itemListElement\":[{\"@type\":\"ListItem\",\"position\":1,\"name\":\"In\u00edcio\",\"item\":\"https:\\\/\\\/carlossousa.pt\\\/\"},{\"@type\":\"ListItem\",\"position\":2,\"name\":\"Products\"}]},{\"@type\":\"WebSite\",\"@id\":\"http:\\\/\\\/carlossousa.pt\\\/#website\",\"url\":\"http:\\\/\\\/carlossousa.pt\\\/\",\"name\":\"Carlos Sousa\",\"description\":\"Fabrico de Cintas de Eleva\u00e7\u00e3o e Amarra\u00e7\u00e3o, Fitas Tecidas, Acess\u00f3rios, Slings e Bigbags.\",\"publisher\":{\"@id\":\"http:\\\/\\\/carlossousa.pt\\\/#organization\"},\"potentialAction\":[{\"@type\":\"SearchAction\",\"target\":{\"@type\":\"EntryPoint\",\"urlTemplate\":\"http:\\\/\\\/carlossousa.pt\\\/?s={search_term_string}\"},\"query-input\":{\"@type\":\"PropertyValueSpecification\",\"valueRequired\":true,\"valueName\":\"search_term_string\"}}],\"inLanguage\":\"en-GB\"},{\"@type\":\"Organization\",\"@id\":\"http:\\\/\\\/carlossousa.pt\\\/#organization\",\"name\":\"Carlos Sousa\",\"url\":\"http:\\\/\\\/carlossousa.pt\\\/\",\"logo\":{\"@type\":\"ImageObject\",\"inLanguage\":\"en-GB\",\"@id\":\"http:\\\/\\\/carlossousa.pt\\\/#\\\/schema\\\/logo\\\/image\\\/\",\"url\":\"https:\\\/\\\/carlossousa.pt\\\/wp-content\\\/uploads\\\/2022\\\/05\\\/Asset-1.png\",\"contentUrl\":\"https:\\\/\\\/carlossousa.pt\\\/wp-content\\\/uploads\\\/2022\\\/05\\\/Asset-1.png\",\"width\":1771,\"height\":558,\"caption\":\"Carlos Sousa\"},\"image\":{\"@id\":\"http:\\\/\\\/carlossousa.pt\\\/#\\\/schema\\\/logo\\\/image\\\/\"}}]}<\/script>\n<!-- \/ Yoast SEO plugin. -->","yoast_head_json":{"title":"Products - Carlos Sousa","robots":{"index":"index","follow":"follow","max-snippet":"max-snippet:-1","max-image-preview":"max-image-preview:large","max-video-preview":"max-video-preview:-1"},"canonical":"http:\/\/carlossousa.pt\/en\/products\/","og_locale":"en_GB","og_type":"article","og_title":"Products - Carlos Sousa","og_description":"OUR PRODUCTS &nbsp; &nbsp; LIFTING STRAPS &nbsp; &nbsp; &nbsp; MOORING STRAPS &nbsp; &nbsp; &nbsp; RIBBONS &nbsp; &nbsp; &nbsp; ACCESSORIES &nbsp; &nbsp; &nbsp; \u00a0 SLINGS e BIGBAGS &nbsp; &nbsp;","og_url":"http:\/\/carlossousa.pt\/en\/products\/","og_site_name":"Carlos Sousa","article_modified_time":"2022-07-28T09:53:51+00:00","twitter_card":"summary_large_image","twitter_misc":{"Estimated reading time":"9 minutes"},"schema":{"@context":"https:\/\/schema.org","@graph":[{"@type":"WebPage","@id":"http:\/\/carlossousa.pt\/en\/products\/","url":"http:\/\/carlossousa.pt\/en\/products\/","name":"Products - Carlos Sousa","isPartOf":{"@id":"http:\/\/carlossousa.pt\/#website"},"datePublished":"2022-07-28T09:46:57+00:00","dateModified":"2022-07-28T09:53:51+00:00","breadcrumb":{"@id":"http:\/\/carlossousa.pt\/en\/products\/#breadcrumb"},"inLanguage":"en-GB","potentialAction":[{"@type":"ReadAction","target":["http:\/\/carlossousa.pt\/en\/products\/"]}]},{"@type":"BreadcrumbList","@id":"http:\/\/carlossousa.pt\/en\/products\/#breadcrumb","itemListElement":[{"@type":"ListItem","position":1,"name":"In\u00edcio","item":"https:\/\/carlossousa.pt\/"},{"@type":"ListItem","position":2,"name":"Products"}]},{"@type":"WebSite","@id":"http:\/\/carlossousa.pt\/#website","url":"http:\/\/carlossousa.pt\/","name":"Carlos Sousa","description":"Fabrico de Cintas de Eleva\u00e7\u00e3o e Amarra\u00e7\u00e3o, Fitas Tecidas, Acess\u00f3rios, Slings e Bigbags.","publisher":{"@id":"http:\/\/carlossousa.pt\/#organization"},"potentialAction":[{"@type":"SearchAction","target":{"@type":"EntryPoint","urlTemplate":"http:\/\/carlossousa.pt\/?s={search_term_string}"},"query-input":{"@type":"PropertyValueSpecification","valueRequired":true,"valueName":"search_term_string"}}],"inLanguage":"en-GB"},{"@type":"Organization","@id":"http:\/\/carlossousa.pt\/#organization","name":"Carlos Sousa","url":"http:\/\/carlossousa.pt\/","logo":{"@type":"ImageObject","inLanguage":"en-GB","@id":"http:\/\/carlossousa.pt\/#\/schema\/logo\/image\/","url":"https:\/\/carlossousa.pt\/wp-content\/uploads\/2022\/05\/Asset-1.png","contentUrl":"https:\/\/carlossousa.pt\/wp-content\/uploads\/2022\/05\/Asset-1.png","width":1771,"height":558,"caption":"Carlos Sousa"},"image":{"@id":"http:\/\/carlossousa.pt\/#\/schema\/logo\/image\/"}}]}},"_links":{"self":[{"href":"https:\/\/carlossousa.pt\/en\/wp-json\/wp\/v2\/pages\/1311","targetHints":{"allow":["GET"]}}],"collection":[{"href":"https:\/\/carlossousa.pt\/en\/wp-json\/wp\/v2\/pages"}],"about":[{"href":"https:\/\/carlossousa.pt\/en\/wp-json\/wp\/v2\/types\/page"}],"author":[{"embeddable":true,"href":"https:\/\/carlossousa.pt\/en\/wp-json\/wp\/v2\/users\/1"}],"replies":[{"embeddable":true,"href":"https:\/\/carlossousa.pt\/en\/wp-json\/wp\/v2\/comments?post=1311"}],"version-history":[{"count":2,"href":"https:\/\/carlossousa.pt\/en\/wp-json\/wp\/v2\/pages\/1311\/revisions"}],"predecessor-version":[{"id":1315,"href":"https:\/\/carlossousa.pt\/en\/wp-json\/wp\/v2\/pages\/1311\/revisions\/1315"}],"wp:attachment":[{"href":"https:\/\/carlossousa.pt\/en\/wp-json\/wp\/v2\/media?parent=1311"}],"curies":[{"name":"wp","href":"https:\/\/api.w.org\/{rel}","templated":true}]}}