{"id":845,"date":"2022-06-21T15:52:49","date_gmt":"2022-06-21T15:52:49","guid":{"rendered":"https:\/\/carlossousa.pt\/?post_type=product&#038;p=845"},"modified":"2022-07-26T08:54:50","modified_gmt":"2022-07-26T08:54:50","slug":"cintas-de-elevacao-redondas-75-mm","status":"publish","type":"product","link":"http:\/\/carlossousa.pt\/en\/product\/cintas-de-elevacao-redondas-75-mm\/","title":{"rendered":"Rounslings for 5000 Kg S.F. 7:1 (75mm)"},"content":{"rendered":"","protected":false},"excerpt":{"rendered":"<p>Norma 1492-2<\/p>\n<p>CMU 5000 kg \u2013 Fator de seguran\u00e7a 7:1<\/p>","protected":false},"featured_media":846,"comment_status":"open","ping_status":"closed","template":"","meta":{"_et_pb_use_builder":"","_et_pb_old_content":"","_et_gb_content_width":"","_monsterinsights_skip_tracking":false,"_monsterinsights_sitenote_active":false,"_monsterinsights_sitenote_note":"","_monsterinsights_sitenote_category":0},"product_brand":[],"product_cat":[20,47],"product_tag":[],"class_list":{"0":"post-845","1":"product","2":"type-product","3":"status-publish","4":"has-post-thumbnail","6":"product_cat-cintas-de-elevacao","7":"product_cat-cintas-de-elevacao-redondas","9":"first","10":"instock","11":"shipping-taxable","12":"product-type-simple"},"yoast_head":"<!-- This site is optimized with the Yoast SEO plugin v27.4 - https:\/\/yoast.com\/product\/yoast-seo-wordpress\/ -->\n<title>Cintas de eleva\u00e7\u00e3o redondas para 5000 Kg S.F. 7:1 (75 mm) - Carlos Sousa<\/title>\n<meta name=\"robots\" content=\"index, follow, max-snippet:-1, max-image-preview:large, max-video-preview:-1\" \/>\n<link rel=\"canonical\" href=\"https:\/\/carlossousa.pt\/en\/product\/cintas-de-elevacao-redondas-75-mm\/\" \/>\n<meta property=\"og:locale\" content=\"en_GB\" \/>\n<meta property=\"og:type\" content=\"article\" \/>\n<meta property=\"og:title\" content=\"Cintas de eleva\u00e7\u00e3o redondas para 5000 Kg S.F. 7:1 (75 mm) - Carlos Sousa\" \/>\n<meta property=\"og:description\" content=\"Norma 1492-2  CMU 5000 kg \u2013 Fator de seguran\u00e7a 7:1\" \/>\n<meta property=\"og:url\" content=\"https:\/\/carlossousa.pt\/en\/product\/cintas-de-elevacao-redondas-75-mm\/\" \/>\n<meta property=\"og:site_name\" content=\"Carlos Sousa\" \/>\n<meta property=\"article:modified_time\" content=\"2022-07-26T08:54:50+00:00\" \/>\n<meta property=\"og:image\" content=\"https:\/\/carlossousa.pt\/wp-content\/uploads\/2022\/06\/KR_04358-scaled-e1758213096960.jpg\" \/>\n\t<meta property=\"og:image:width\" content=\"2560\" \/>\n\t<meta property=\"og:image:height\" content=\"1707\" \/>\n\t<meta property=\"og:image:type\" content=\"image\/jpeg\" \/>\n<meta name=\"twitter:card\" content=\"summary_large_image\" \/>\n<script type=\"application\/ld+json\" class=\"yoast-schema-graph\">{\"@context\":\"https:\\\/\\\/schema.org\",\"@graph\":[{\"@type\":\"WebPage\",\"@id\":\"https:\\\/\\\/carlossousa.pt\\\/produto\\\/cintas-de-elevacao-redondas-75-mm\\\/\",\"url\":\"https:\\\/\\\/carlossousa.pt\\\/produto\\\/cintas-de-elevacao-redondas-75-mm\\\/\",\"name\":\"Cintas de eleva\u00e7\u00e3o redondas para 5000 Kg S.F. 7:1 (75 mm) - Carlos Sousa\",\"isPartOf\":{\"@id\":\"http:\\\/\\\/carlossousa.pt\\\/#website\"},\"primaryImageOfPage\":{\"@id\":\"https:\\\/\\\/carlossousa.pt\\\/produto\\\/cintas-de-elevacao-redondas-75-mm\\\/#primaryimage\"},\"image\":{\"@id\":\"https:\\\/\\\/carlossousa.pt\\\/produto\\\/cintas-de-elevacao-redondas-75-mm\\\/#primaryimage\"},\"thumbnailUrl\":\"http:\\\/\\\/carlossousa.pt\\\/wp-content\\\/uploads\\\/2022\\\/06\\\/KR_04358-scaled-e1758213096960.jpg\",\"datePublished\":\"2022-06-21T15:52:49+00:00\",\"dateModified\":\"2022-07-26T08:54:50+00:00\",\"breadcrumb\":{\"@id\":\"https:\\\/\\\/carlossousa.pt\\\/produto\\\/cintas-de-elevacao-redondas-75-mm\\\/#breadcrumb\"},\"inLanguage\":\"en-GB\",\"potentialAction\":[{\"@type\":\"ReadAction\",\"target\":[\"https:\\\/\\\/carlossousa.pt\\\/produto\\\/cintas-de-elevacao-redondas-75-mm\\\/\"]}]},{\"@type\":\"ImageObject\",\"inLanguage\":\"en-GB\",\"@id\":\"https:\\\/\\\/carlossousa.pt\\\/produto\\\/cintas-de-elevacao-redondas-75-mm\\\/#primaryimage\",\"url\":\"http:\\\/\\\/carlossousa.pt\\\/wp-content\\\/uploads\\\/2022\\\/06\\\/KR_04358-scaled-e1758213096960.jpg\",\"contentUrl\":\"http:\\\/\\\/carlossousa.pt\\\/wp-content\\\/uploads\\\/2022\\\/06\\\/KR_04358-scaled-e1758213096960.jpg\",\"width\":2560,\"height\":1707,\"caption\":\"Cintas de eleva\u00e7\u00e3o redondas\"},{\"@type\":\"BreadcrumbList\",\"@id\":\"https:\\\/\\\/carlossousa.pt\\\/produto\\\/cintas-de-elevacao-redondas-75-mm\\\/#breadcrumb\",\"itemListElement\":[{\"@type\":\"ListItem\",\"position\":1,\"name\":\"In\u00edcio\",\"item\":\"https:\\\/\\\/carlossousa.pt\\\/\"},{\"@type\":\"ListItem\",\"position\":2,\"name\":\"Produtos\",\"item\":\"https:\\\/\\\/carlossousa.pt\\\/cintas-de-amarracao-cintas-de-elevacao-fitas-slings\\\/\"},{\"@type\":\"ListItem\",\"position\":3,\"name\":\"Cintas de eleva\u00e7\u00e3o redondas para 5000 Kg S.F. 7:1 (75 mm)\"}]},{\"@type\":\"WebSite\",\"@id\":\"http:\\\/\\\/carlossousa.pt\\\/#website\",\"url\":\"http:\\\/\\\/carlossousa.pt\\\/\",\"name\":\"Carlos Sousa\",\"description\":\"Fabrico de Cintas de Eleva\u00e7\u00e3o e Amarra\u00e7\u00e3o, Fitas Tecidas, Acess\u00f3rios, Slings e Bigbags.\",\"publisher\":{\"@id\":\"http:\\\/\\\/carlossousa.pt\\\/#organization\"},\"potentialAction\":[{\"@type\":\"SearchAction\",\"target\":{\"@type\":\"EntryPoint\",\"urlTemplate\":\"http:\\\/\\\/carlossousa.pt\\\/?s={search_term_string}\"},\"query-input\":{\"@type\":\"PropertyValueSpecification\",\"valueRequired\":true,\"valueName\":\"search_term_string\"}}],\"inLanguage\":\"en-GB\"},{\"@type\":\"Organization\",\"@id\":\"http:\\\/\\\/carlossousa.pt\\\/#organization\",\"name\":\"Carlos Sousa\",\"url\":\"http:\\\/\\\/carlossousa.pt\\\/\",\"logo\":{\"@type\":\"ImageObject\",\"inLanguage\":\"en-GB\",\"@id\":\"http:\\\/\\\/carlossousa.pt\\\/#\\\/schema\\\/logo\\\/image\\\/\",\"url\":\"https:\\\/\\\/carlossousa.pt\\\/wp-content\\\/uploads\\\/2022\\\/05\\\/Asset-1.png\",\"contentUrl\":\"https:\\\/\\\/carlossousa.pt\\\/wp-content\\\/uploads\\\/2022\\\/05\\\/Asset-1.png\",\"width\":1771,\"height\":558,\"caption\":\"Carlos Sousa\"},\"image\":{\"@id\":\"http:\\\/\\\/carlossousa.pt\\\/#\\\/schema\\\/logo\\\/image\\\/\"}}]}<\/script>\n<!-- \/ Yoast SEO plugin. -->","yoast_head_json":{"title":"Cintas de eleva\u00e7\u00e3o redondas para 5000 Kg S.F. 7:1 (75 mm) - Carlos Sousa","robots":{"index":"index","follow":"follow","max-snippet":"max-snippet:-1","max-image-preview":"max-image-preview:large","max-video-preview":"max-video-preview:-1"},"canonical":"https:\/\/carlossousa.pt\/en\/product\/cintas-de-elevacao-redondas-75-mm\/","og_locale":"en_GB","og_type":"article","og_title":"Cintas de eleva\u00e7\u00e3o redondas para 5000 Kg S.F. 7:1 (75 mm) - Carlos Sousa","og_description":"Norma 1492-2  CMU 5000 kg \u2013 Fator de seguran\u00e7a 7:1","og_url":"https:\/\/carlossousa.pt\/en\/product\/cintas-de-elevacao-redondas-75-mm\/","og_site_name":"Carlos Sousa","article_modified_time":"2022-07-26T08:54:50+00:00","og_image":[{"width":2560,"height":1707,"url":"https:\/\/carlossousa.pt\/wp-content\/uploads\/2022\/06\/KR_04358-scaled-e1758213096960.jpg","type":"image\/jpeg"}],"twitter_card":"summary_large_image","schema":{"@context":"https:\/\/schema.org","@graph":[{"@type":"WebPage","@id":"https:\/\/carlossousa.pt\/produto\/cintas-de-elevacao-redondas-75-mm\/","url":"https:\/\/carlossousa.pt\/produto\/cintas-de-elevacao-redondas-75-mm\/","name":"Cintas de eleva\u00e7\u00e3o redondas para 5000 Kg S.F. 7:1 (75 mm) - Carlos Sousa","isPartOf":{"@id":"http:\/\/carlossousa.pt\/#website"},"primaryImageOfPage":{"@id":"https:\/\/carlossousa.pt\/produto\/cintas-de-elevacao-redondas-75-mm\/#primaryimage"},"image":{"@id":"https:\/\/carlossousa.pt\/produto\/cintas-de-elevacao-redondas-75-mm\/#primaryimage"},"thumbnailUrl":"http:\/\/carlossousa.pt\/wp-content\/uploads\/2022\/06\/KR_04358-scaled-e1758213096960.jpg","datePublished":"2022-06-21T15:52:49+00:00","dateModified":"2022-07-26T08:54:50+00:00","breadcrumb":{"@id":"https:\/\/carlossousa.pt\/produto\/cintas-de-elevacao-redondas-75-mm\/#breadcrumb"},"inLanguage":"en-GB","potentialAction":[{"@type":"ReadAction","target":["https:\/\/carlossousa.pt\/produto\/cintas-de-elevacao-redondas-75-mm\/"]}]},{"@type":"ImageObject","inLanguage":"en-GB","@id":"https:\/\/carlossousa.pt\/produto\/cintas-de-elevacao-redondas-75-mm\/#primaryimage","url":"http:\/\/carlossousa.pt\/wp-content\/uploads\/2022\/06\/KR_04358-scaled-e1758213096960.jpg","contentUrl":"http:\/\/carlossousa.pt\/wp-content\/uploads\/2022\/06\/KR_04358-scaled-e1758213096960.jpg","width":2560,"height":1707,"caption":"Cintas de eleva\u00e7\u00e3o redondas"},{"@type":"BreadcrumbList","@id":"https:\/\/carlossousa.pt\/produto\/cintas-de-elevacao-redondas-75-mm\/#breadcrumb","itemListElement":[{"@type":"ListItem","position":1,"name":"In\u00edcio","item":"https:\/\/carlossousa.pt\/"},{"@type":"ListItem","position":2,"name":"Produtos","item":"https:\/\/carlossousa.pt\/cintas-de-amarracao-cintas-de-elevacao-fitas-slings\/"},{"@type":"ListItem","position":3,"name":"Cintas de eleva\u00e7\u00e3o redondas para 5000 Kg S.F. 7:1 (75 mm)"}]},{"@type":"WebSite","@id":"http:\/\/carlossousa.pt\/#website","url":"http:\/\/carlossousa.pt\/","name":"Carlos Sousa","description":"Fabrico de Cintas de Eleva\u00e7\u00e3o e Amarra\u00e7\u00e3o, Fitas Tecidas, Acess\u00f3rios, Slings e Bigbags.","publisher":{"@id":"http:\/\/carlossousa.pt\/#organization"},"potentialAction":[{"@type":"SearchAction","target":{"@type":"EntryPoint","urlTemplate":"http:\/\/carlossousa.pt\/?s={search_term_string}"},"query-input":{"@type":"PropertyValueSpecification","valueRequired":true,"valueName":"search_term_string"}}],"inLanguage":"en-GB"},{"@type":"Organization","@id":"http:\/\/carlossousa.pt\/#organization","name":"Carlos Sousa","url":"http:\/\/carlossousa.pt\/","logo":{"@type":"ImageObject","inLanguage":"en-GB","@id":"http:\/\/carlossousa.pt\/#\/schema\/logo\/image\/","url":"https:\/\/carlossousa.pt\/wp-content\/uploads\/2022\/05\/Asset-1.png","contentUrl":"https:\/\/carlossousa.pt\/wp-content\/uploads\/2022\/05\/Asset-1.png","width":1771,"height":558,"caption":"Carlos Sousa"},"image":{"@id":"http:\/\/carlossousa.pt\/#\/schema\/logo\/image\/"}}]}},"_links":{"self":[{"href":"http:\/\/carlossousa.pt\/en\/wp-json\/wp\/v2\/product\/845","targetHints":{"allow":["GET"]}}],"collection":[{"href":"http:\/\/carlossousa.pt\/en\/wp-json\/wp\/v2\/product"}],"about":[{"href":"http:\/\/carlossousa.pt\/en\/wp-json\/wp\/v2\/types\/product"}],"replies":[{"embeddable":true,"href":"http:\/\/carlossousa.pt\/en\/wp-json\/wp\/v2\/comments?post=845"}],"wp:featuredmedia":[{"embeddable":true,"href":"http:\/\/carlossousa.pt\/en\/wp-json\/wp\/v2\/media\/846"}],"wp:attachment":[{"href":"http:\/\/carlossousa.pt\/en\/wp-json\/wp\/v2\/media?parent=845"}],"wp:term":[{"taxonomy":"product_brand","embeddable":true,"href":"http:\/\/carlossousa.pt\/en\/wp-json\/wp\/v2\/product_brand?post=845"},{"taxonomy":"product_cat","embeddable":true,"href":"http:\/\/carlossousa.pt\/en\/wp-json\/wp\/v2\/product_cat?post=845"},{"taxonomy":"product_tag","embeddable":true,"href":"http:\/\/carlossousa.pt\/en\/wp-json\/wp\/v2\/product_tag?post=845"}],"curies":[{"name":"wp","href":"https:\/\/api.w.org\/{rel}","templated":true}]}}