{"id":827,"date":"2022-06-21T15:33:21","date_gmt":"2022-06-21T15:33:21","guid":{"rendered":"https:\/\/carlossousa.pt\/?post_type=product&#038;p=827"},"modified":"2024-09-18T15:40:36","modified_gmt":"2024-09-18T15:40:36","slug":"cintas-de-elevacao-com-alcas-180-mm","status":"publish","type":"product","link":"http:\/\/carlossousa.pt\/en\/product\/cintas-de-elevacao-com-alcas-180-mm\/","title":{"rendered":"Flat Webbing Slings for 6000 Kg S.F. 7:1 (180mm)"},"content":{"rendered":"","protected":false},"excerpt":{"rendered":"<p>According to standard 1492-1<\/p>\n<p>CMU 6000 kg \u2013 Fator de seguran\u00e7a 7:1<\/p>","protected":false},"featured_media":828,"comment_status":"open","ping_status":"closed","template":"","meta":{"_et_pb_use_builder":"off","_et_pb_old_content":"","_et_gb_content_width":"","_monsterinsights_skip_tracking":false,"_monsterinsights_sitenote_active":false,"_monsterinsights_sitenote_note":"","_monsterinsights_sitenote_category":0},"product_brand":[],"product_cat":[20,46],"product_tag":[],"class_list":{"0":"post-827","1":"product","2":"type-product","3":"status-publish","4":"has-post-thumbnail","6":"product_cat-cintas-de-elevacao","7":"product_cat-cintas-de-elevacao-com-alcas","9":"first","10":"instock","11":"shipping-taxable","12":"product-type-simple"},"yoast_head":"<!-- This site is optimized with the Yoast SEO plugin v27.4 - https:\/\/yoast.com\/product\/yoast-seo-wordpress\/ -->\n<title>Cintas de eleva\u00e7\u00e3o com al\u00e7as para 6000 Kg S.F. 7:1 (180 mm) - Carlos Sousa<\/title>\n<meta name=\"robots\" content=\"index, follow, max-snippet:-1, max-image-preview:large, max-video-preview:-1\" \/>\n<link rel=\"canonical\" href=\"http:\/\/carlossousa.pt\/en\/product\/cintas-de-elevacao-com-alcas-180-mm\/\" \/>\n<meta property=\"og:locale\" content=\"en_GB\" \/>\n<meta property=\"og:type\" content=\"article\" \/>\n<meta property=\"og:title\" content=\"Cintas de eleva\u00e7\u00e3o com al\u00e7as para 6000 Kg S.F. 7:1 (180 mm) - Carlos Sousa\" \/>\n<meta property=\"og:description\" content=\"De acordo com a norma 1492-1  CMU 6000 kg \u2013 Fator de seguran\u00e7a 7:1\" \/>\n<meta property=\"og:url\" content=\"http:\/\/carlossousa.pt\/en\/product\/cintas-de-elevacao-com-alcas-180-mm\/\" \/>\n<meta property=\"og:site_name\" content=\"Carlos Sousa\" \/>\n<meta property=\"article:modified_time\" content=\"2024-09-18T15:40:36+00:00\" \/>\n<meta property=\"og:image\" content=\"http:\/\/carlossousa.pt\/wp-content\/uploads\/2022\/06\/KR_04332-scaled.jpg\" \/>\n\t<meta property=\"og:image:width\" content=\"2560\" \/>\n\t<meta property=\"og:image:height\" content=\"1707\" \/>\n\t<meta property=\"og:image:type\" content=\"image\/jpeg\" \/>\n<meta name=\"twitter:card\" content=\"summary_large_image\" \/>\n<meta name=\"twitter:label1\" content=\"Estimated reading time\" \/>\n\t<meta name=\"twitter:data1\" content=\"1 minute\" \/>\n<script type=\"application\/ld+json\" class=\"yoast-schema-graph\">{\"@context\":\"https:\\\/\\\/schema.org\",\"@graph\":[{\"@type\":\"WebPage\",\"@id\":\"http:\\\/\\\/carlossousa.pt\\\/produto\\\/cintas-de-elevacao-com-alcas-180-mm\\\/\",\"url\":\"http:\\\/\\\/carlossousa.pt\\\/produto\\\/cintas-de-elevacao-com-alcas-180-mm\\\/\",\"name\":\"Cintas de eleva\u00e7\u00e3o com al\u00e7as para 6000 Kg S.F. 7:1 (180 mm) - Carlos Sousa\",\"isPartOf\":{\"@id\":\"http:\\\/\\\/carlossousa.pt\\\/#website\"},\"primaryImageOfPage\":{\"@id\":\"http:\\\/\\\/carlossousa.pt\\\/produto\\\/cintas-de-elevacao-com-alcas-180-mm\\\/#primaryimage\"},\"image\":{\"@id\":\"http:\\\/\\\/carlossousa.pt\\\/produto\\\/cintas-de-elevacao-com-alcas-180-mm\\\/#primaryimage\"},\"thumbnailUrl\":\"http:\\\/\\\/carlossousa.pt\\\/wp-content\\\/uploads\\\/2022\\\/06\\\/KR_04332-scaled.jpg\",\"datePublished\":\"2022-06-21T15:33:21+00:00\",\"dateModified\":\"2024-09-18T15:40:36+00:00\",\"breadcrumb\":{\"@id\":\"http:\\\/\\\/carlossousa.pt\\\/produto\\\/cintas-de-elevacao-com-alcas-180-mm\\\/#breadcrumb\"},\"inLanguage\":\"en-GB\",\"potentialAction\":[{\"@type\":\"ReadAction\",\"target\":[\"http:\\\/\\\/carlossousa.pt\\\/produto\\\/cintas-de-elevacao-com-alcas-180-mm\\\/\"]}]},{\"@type\":\"ImageObject\",\"inLanguage\":\"en-GB\",\"@id\":\"http:\\\/\\\/carlossousa.pt\\\/produto\\\/cintas-de-elevacao-com-alcas-180-mm\\\/#primaryimage\",\"url\":\"http:\\\/\\\/carlossousa.pt\\\/wp-content\\\/uploads\\\/2022\\\/06\\\/KR_04332-scaled.jpg\",\"contentUrl\":\"http:\\\/\\\/carlossousa.pt\\\/wp-content\\\/uploads\\\/2022\\\/06\\\/KR_04332-scaled.jpg\",\"width\":2560,\"height\":1707,\"caption\":\"Cintas de eleva\u00e7\u00e3o com al\u00e7as\"},{\"@type\":\"BreadcrumbList\",\"@id\":\"http:\\\/\\\/carlossousa.pt\\\/produto\\\/cintas-de-elevacao-com-alcas-180-mm\\\/#breadcrumb\",\"itemListElement\":[{\"@type\":\"ListItem\",\"position\":1,\"name\":\"In\u00edcio\",\"item\":\"https:\\\/\\\/carlossousa.pt\\\/\"},{\"@type\":\"ListItem\",\"position\":2,\"name\":\"Produtos\",\"item\":\"https:\\\/\\\/carlossousa.pt\\\/cintas-de-amarracao-cintas-de-elevacao-fitas-slings\\\/\"},{\"@type\":\"ListItem\",\"position\":3,\"name\":\"Cintas de eleva\u00e7\u00e3o com al\u00e7as para 6000 Kg S.F. 7:1 (180 mm)\"}]},{\"@type\":\"WebSite\",\"@id\":\"http:\\\/\\\/carlossousa.pt\\\/#website\",\"url\":\"http:\\\/\\\/carlossousa.pt\\\/\",\"name\":\"Carlos Sousa\",\"description\":\"Fabrico de Cintas de Eleva\u00e7\u00e3o e Amarra\u00e7\u00e3o, Fitas Tecidas, Acess\u00f3rios, Slings e Bigbags.\",\"publisher\":{\"@id\":\"http:\\\/\\\/carlossousa.pt\\\/#organization\"},\"potentialAction\":[{\"@type\":\"SearchAction\",\"target\":{\"@type\":\"EntryPoint\",\"urlTemplate\":\"http:\\\/\\\/carlossousa.pt\\\/?s={search_term_string}\"},\"query-input\":{\"@type\":\"PropertyValueSpecification\",\"valueRequired\":true,\"valueName\":\"search_term_string\"}}],\"inLanguage\":\"en-GB\"},{\"@type\":\"Organization\",\"@id\":\"http:\\\/\\\/carlossousa.pt\\\/#organization\",\"name\":\"Carlos Sousa\",\"url\":\"http:\\\/\\\/carlossousa.pt\\\/\",\"logo\":{\"@type\":\"ImageObject\",\"inLanguage\":\"en-GB\",\"@id\":\"http:\\\/\\\/carlossousa.pt\\\/#\\\/schema\\\/logo\\\/image\\\/\",\"url\":\"https:\\\/\\\/carlossousa.pt\\\/wp-content\\\/uploads\\\/2022\\\/05\\\/Asset-1.png\",\"contentUrl\":\"https:\\\/\\\/carlossousa.pt\\\/wp-content\\\/uploads\\\/2022\\\/05\\\/Asset-1.png\",\"width\":1771,\"height\":558,\"caption\":\"Carlos Sousa\"},\"image\":{\"@id\":\"http:\\\/\\\/carlossousa.pt\\\/#\\\/schema\\\/logo\\\/image\\\/\"}}]}<\/script>\n<!-- \/ Yoast SEO plugin. -->","yoast_head_json":{"title":"Cintas de eleva\u00e7\u00e3o com al\u00e7as para 6000 Kg S.F. 7:1 (180 mm) - Carlos Sousa","robots":{"index":"index","follow":"follow","max-snippet":"max-snippet:-1","max-image-preview":"max-image-preview:large","max-video-preview":"max-video-preview:-1"},"canonical":"http:\/\/carlossousa.pt\/en\/product\/cintas-de-elevacao-com-alcas-180-mm\/","og_locale":"en_GB","og_type":"article","og_title":"Cintas de eleva\u00e7\u00e3o com al\u00e7as para 6000 Kg S.F. 7:1 (180 mm) - Carlos Sousa","og_description":"De acordo com a norma 1492-1  CMU 6000 kg \u2013 Fator de seguran\u00e7a 7:1","og_url":"http:\/\/carlossousa.pt\/en\/product\/cintas-de-elevacao-com-alcas-180-mm\/","og_site_name":"Carlos Sousa","article_modified_time":"2024-09-18T15:40:36+00:00","og_image":[{"width":2560,"height":1707,"url":"http:\/\/carlossousa.pt\/wp-content\/uploads\/2022\/06\/KR_04332-scaled.jpg","type":"image\/jpeg"}],"twitter_card":"summary_large_image","twitter_misc":{"Estimated reading time":"1 minute"},"schema":{"@context":"https:\/\/schema.org","@graph":[{"@type":"WebPage","@id":"http:\/\/carlossousa.pt\/produto\/cintas-de-elevacao-com-alcas-180-mm\/","url":"http:\/\/carlossousa.pt\/produto\/cintas-de-elevacao-com-alcas-180-mm\/","name":"Cintas de eleva\u00e7\u00e3o com al\u00e7as para 6000 Kg S.F. 7:1 (180 mm) - Carlos Sousa","isPartOf":{"@id":"http:\/\/carlossousa.pt\/#website"},"primaryImageOfPage":{"@id":"http:\/\/carlossousa.pt\/produto\/cintas-de-elevacao-com-alcas-180-mm\/#primaryimage"},"image":{"@id":"http:\/\/carlossousa.pt\/produto\/cintas-de-elevacao-com-alcas-180-mm\/#primaryimage"},"thumbnailUrl":"http:\/\/carlossousa.pt\/wp-content\/uploads\/2022\/06\/KR_04332-scaled.jpg","datePublished":"2022-06-21T15:33:21+00:00","dateModified":"2024-09-18T15:40:36+00:00","breadcrumb":{"@id":"http:\/\/carlossousa.pt\/produto\/cintas-de-elevacao-com-alcas-180-mm\/#breadcrumb"},"inLanguage":"en-GB","potentialAction":[{"@type":"ReadAction","target":["http:\/\/carlossousa.pt\/produto\/cintas-de-elevacao-com-alcas-180-mm\/"]}]},{"@type":"ImageObject","inLanguage":"en-GB","@id":"http:\/\/carlossousa.pt\/produto\/cintas-de-elevacao-com-alcas-180-mm\/#primaryimage","url":"http:\/\/carlossousa.pt\/wp-content\/uploads\/2022\/06\/KR_04332-scaled.jpg","contentUrl":"http:\/\/carlossousa.pt\/wp-content\/uploads\/2022\/06\/KR_04332-scaled.jpg","width":2560,"height":1707,"caption":"Cintas de eleva\u00e7\u00e3o com al\u00e7as"},{"@type":"BreadcrumbList","@id":"http:\/\/carlossousa.pt\/produto\/cintas-de-elevacao-com-alcas-180-mm\/#breadcrumb","itemListElement":[{"@type":"ListItem","position":1,"name":"In\u00edcio","item":"https:\/\/carlossousa.pt\/"},{"@type":"ListItem","position":2,"name":"Produtos","item":"https:\/\/carlossousa.pt\/cintas-de-amarracao-cintas-de-elevacao-fitas-slings\/"},{"@type":"ListItem","position":3,"name":"Cintas de eleva\u00e7\u00e3o com al\u00e7as para 6000 Kg S.F. 7:1 (180 mm)"}]},{"@type":"WebSite","@id":"http:\/\/carlossousa.pt\/#website","url":"http:\/\/carlossousa.pt\/","name":"Carlos Sousa","description":"Fabrico de Cintas de Eleva\u00e7\u00e3o e Amarra\u00e7\u00e3o, Fitas Tecidas, Acess\u00f3rios, Slings e Bigbags.","publisher":{"@id":"http:\/\/carlossousa.pt\/#organization"},"potentialAction":[{"@type":"SearchAction","target":{"@type":"EntryPoint","urlTemplate":"http:\/\/carlossousa.pt\/?s={search_term_string}"},"query-input":{"@type":"PropertyValueSpecification","valueRequired":true,"valueName":"search_term_string"}}],"inLanguage":"en-GB"},{"@type":"Organization","@id":"http:\/\/carlossousa.pt\/#organization","name":"Carlos Sousa","url":"http:\/\/carlossousa.pt\/","logo":{"@type":"ImageObject","inLanguage":"en-GB","@id":"http:\/\/carlossousa.pt\/#\/schema\/logo\/image\/","url":"https:\/\/carlossousa.pt\/wp-content\/uploads\/2022\/05\/Asset-1.png","contentUrl":"https:\/\/carlossousa.pt\/wp-content\/uploads\/2022\/05\/Asset-1.png","width":1771,"height":558,"caption":"Carlos Sousa"},"image":{"@id":"http:\/\/carlossousa.pt\/#\/schema\/logo\/image\/"}}]}},"_links":{"self":[{"href":"http:\/\/carlossousa.pt\/en\/wp-json\/wp\/v2\/product\/827","targetHints":{"allow":["GET"]}}],"collection":[{"href":"http:\/\/carlossousa.pt\/en\/wp-json\/wp\/v2\/product"}],"about":[{"href":"http:\/\/carlossousa.pt\/en\/wp-json\/wp\/v2\/types\/product"}],"replies":[{"embeddable":true,"href":"http:\/\/carlossousa.pt\/en\/wp-json\/wp\/v2\/comments?post=827"}],"wp:featuredmedia":[{"embeddable":true,"href":"http:\/\/carlossousa.pt\/en\/wp-json\/wp\/v2\/media\/828"}],"wp:attachment":[{"href":"http:\/\/carlossousa.pt\/en\/wp-json\/wp\/v2\/media?parent=827"}],"wp:term":[{"taxonomy":"product_brand","embeddable":true,"href":"http:\/\/carlossousa.pt\/en\/wp-json\/wp\/v2\/product_brand?post=827"},{"taxonomy":"product_cat","embeddable":true,"href":"http:\/\/carlossousa.pt\/en\/wp-json\/wp\/v2\/product_cat?post=827"},{"taxonomy":"product_tag","embeddable":true,"href":"http:\/\/carlossousa.pt\/en\/wp-json\/wp\/v2\/product_tag?post=827"}],"curies":[{"name":"wp","href":"https:\/\/api.w.org\/{rel}","templated":true}]}}