{"id":1234,"date":"2022-07-22T09:21:19","date_gmt":"2022-07-22T09:21:19","guid":{"rendered":"https:\/\/carlossousa.pt\/?post_type=product&#038;p=1234"},"modified":"2023-05-12T16:58:36","modified_gmt":"2023-05-12T16:58:36","slug":"slings","status":"publish","type":"product","link":"http:\/\/carlossousa.pt\/en\/product\/slings\/","title":{"rendered":"Slings"},"content":{"rendered":"","protected":false},"excerpt":{"rendered":"<p><img loading=\"lazy\" decoding=\"async\" class=\"alignnone size-medium wp-image-1257\" src=\"https:\/\/carlossousa.pt\/wp-content\/uploads\/2022\/07\/Screenshot_5-2-300x209.png\" alt=\"\" width=\"300\" height=\"209\" \/><\/p>","protected":false},"featured_media":1236,"comment_status":"open","ping_status":"closed","template":"","meta":{"_et_pb_use_builder":"","_et_pb_old_content":"","_et_gb_content_width":"","_monsterinsights_skip_tracking":false,"_monsterinsights_sitenote_active":false,"_monsterinsights_sitenote_note":"","_monsterinsights_sitenote_category":0},"product_brand":[],"product_cat":[63],"product_tag":[],"class_list":{"0":"post-1234","1":"product","2":"type-product","3":"status-publish","4":"has-post-thumbnail","6":"product_cat-slings","8":"first","9":"instock","10":"shipping-taxable","11":"product-type-simple"},"yoast_head":"<!-- This site is optimized with the Yoast SEO plugin v27.4 - https:\/\/yoast.com\/product\/yoast-seo-wordpress\/ -->\n<title>Slings - Carlos Sousa<\/title>\n<meta name=\"description\" content=\"Slings para amarra\u00e7\u00e3o. Pela sua forte resist\u00eancia e facilidade de aplica\u00e7\u00e3o, as cintas slings s\u00e3o muito usadas em diversas ind\u00fastrias.\" \/>\n<meta name=\"robots\" content=\"index, follow, max-snippet:-1, max-image-preview:large, max-video-preview:-1\" \/>\n<link rel=\"canonical\" href=\"http:\/\/carlossousa.pt\/en\/product\/slings\/\" \/>\n<meta property=\"og:locale\" content=\"en_GB\" \/>\n<meta property=\"og:type\" content=\"article\" \/>\n<meta property=\"og:title\" content=\"Slings - Carlos Sousa\" \/>\n<meta property=\"og:description\" content=\"Slings para amarra\u00e7\u00e3o. Pela sua forte resist\u00eancia e facilidade de aplica\u00e7\u00e3o, as cintas slings s\u00e3o muito usadas em diversas ind\u00fastrias.\" \/>\n<meta property=\"og:url\" content=\"http:\/\/carlossousa.pt\/en\/product\/slings\/\" \/>\n<meta property=\"og:site_name\" content=\"Carlos Sousa\" \/>\n<meta property=\"article:modified_time\" content=\"2023-05-12T16:58:36+00:00\" \/>\n<meta property=\"og:image\" content=\"http:\/\/carlossousa.pt\/wp-content\/uploads\/2022\/07\/slingbox.jpg\" \/>\n\t<meta property=\"og:image:width\" content=\"1280\" \/>\n\t<meta property=\"og:image:height\" content=\"720\" \/>\n\t<meta property=\"og:image:type\" content=\"image\/jpeg\" \/>\n<meta name=\"twitter:card\" content=\"summary_large_image\" \/>\n<script type=\"application\/ld+json\" class=\"yoast-schema-graph\">{\"@context\":\"https:\\\/\\\/schema.org\",\"@graph\":[{\"@type\":\"WebPage\",\"@id\":\"http:\\\/\\\/carlossousa.pt\\\/en\\\/product\\\/slings\\\/\",\"url\":\"http:\\\/\\\/carlossousa.pt\\\/en\\\/product\\\/slings\\\/\",\"name\":\"Slings - Carlos Sousa\",\"isPartOf\":{\"@id\":\"http:\\\/\\\/carlossousa.pt\\\/#website\"},\"primaryImageOfPage\":{\"@id\":\"http:\\\/\\\/carlossousa.pt\\\/en\\\/product\\\/slings\\\/#primaryimage\"},\"image\":{\"@id\":\"http:\\\/\\\/carlossousa.pt\\\/en\\\/product\\\/slings\\\/#primaryimage\"},\"thumbnailUrl\":\"http:\\\/\\\/carlossousa.pt\\\/wp-content\\\/uploads\\\/2022\\\/07\\\/slingbox.jpg\",\"datePublished\":\"2022-07-22T09:21:19+00:00\",\"dateModified\":\"2023-05-12T16:58:36+00:00\",\"description\":\"Slings para amarra\u00e7\u00e3o. Pela sua forte resist\u00eancia e facilidade de aplica\u00e7\u00e3o, as cintas slings s\u00e3o muito usadas em diversas ind\u00fastrias.\",\"breadcrumb\":{\"@id\":\"http:\\\/\\\/carlossousa.pt\\\/en\\\/product\\\/slings\\\/#breadcrumb\"},\"inLanguage\":\"en-GB\",\"potentialAction\":[{\"@type\":\"ReadAction\",\"target\":[\"http:\\\/\\\/carlossousa.pt\\\/en\\\/product\\\/slings\\\/\"]}]},{\"@type\":\"ImageObject\",\"inLanguage\":\"en-GB\",\"@id\":\"http:\\\/\\\/carlossousa.pt\\\/en\\\/product\\\/slings\\\/#primaryimage\",\"url\":\"http:\\\/\\\/carlossousa.pt\\\/wp-content\\\/uploads\\\/2022\\\/07\\\/slingbox.jpg\",\"contentUrl\":\"http:\\\/\\\/carlossousa.pt\\\/wp-content\\\/uploads\\\/2022\\\/07\\\/slingbox.jpg\",\"width\":1280,\"height\":720,\"caption\":\"Slings amarra\u00e7\u00e3o\"},{\"@type\":\"BreadcrumbList\",\"@id\":\"http:\\\/\\\/carlossousa.pt\\\/en\\\/product\\\/slings\\\/#breadcrumb\",\"itemListElement\":[{\"@type\":\"ListItem\",\"position\":1,\"name\":\"In\u00edcio\",\"item\":\"https:\\\/\\\/carlossousa.pt\\\/\"},{\"@type\":\"ListItem\",\"position\":2,\"name\":\"Produtos\",\"item\":\"https:\\\/\\\/carlossousa.pt\\\/cintas-de-amarracao-cintas-de-elevacao-fitas-slings\\\/\"},{\"@type\":\"ListItem\",\"position\":3,\"name\":\"Slings\"}]},{\"@type\":\"WebSite\",\"@id\":\"http:\\\/\\\/carlossousa.pt\\\/#website\",\"url\":\"http:\\\/\\\/carlossousa.pt\\\/\",\"name\":\"Carlos Sousa\",\"description\":\"Fabrico de Cintas de Eleva\u00e7\u00e3o e Amarra\u00e7\u00e3o, Fitas Tecidas, Acess\u00f3rios, Slings e Bigbags.\",\"publisher\":{\"@id\":\"http:\\\/\\\/carlossousa.pt\\\/#organization\"},\"potentialAction\":[{\"@type\":\"SearchAction\",\"target\":{\"@type\":\"EntryPoint\",\"urlTemplate\":\"http:\\\/\\\/carlossousa.pt\\\/?s={search_term_string}\"},\"query-input\":{\"@type\":\"PropertyValueSpecification\",\"valueRequired\":true,\"valueName\":\"search_term_string\"}}],\"inLanguage\":\"en-GB\"},{\"@type\":\"Organization\",\"@id\":\"http:\\\/\\\/carlossousa.pt\\\/#organization\",\"name\":\"Carlos Sousa\",\"url\":\"http:\\\/\\\/carlossousa.pt\\\/\",\"logo\":{\"@type\":\"ImageObject\",\"inLanguage\":\"en-GB\",\"@id\":\"http:\\\/\\\/carlossousa.pt\\\/#\\\/schema\\\/logo\\\/image\\\/\",\"url\":\"https:\\\/\\\/carlossousa.pt\\\/wp-content\\\/uploads\\\/2022\\\/05\\\/Asset-1.png\",\"contentUrl\":\"https:\\\/\\\/carlossousa.pt\\\/wp-content\\\/uploads\\\/2022\\\/05\\\/Asset-1.png\",\"width\":1771,\"height\":558,\"caption\":\"Carlos Sousa\"},\"image\":{\"@id\":\"http:\\\/\\\/carlossousa.pt\\\/#\\\/schema\\\/logo\\\/image\\\/\"}}]}<\/script>\n<!-- \/ Yoast SEO plugin. -->","yoast_head_json":{"title":"Slings - Carlos Sousa","description":"Slings para amarra\u00e7\u00e3o. Pela sua forte resist\u00eancia e facilidade de aplica\u00e7\u00e3o, as cintas slings s\u00e3o muito usadas em diversas ind\u00fastrias.","robots":{"index":"index","follow":"follow","max-snippet":"max-snippet:-1","max-image-preview":"max-image-preview:large","max-video-preview":"max-video-preview:-1"},"canonical":"http:\/\/carlossousa.pt\/en\/product\/slings\/","og_locale":"en_GB","og_type":"article","og_title":"Slings - Carlos Sousa","og_description":"Slings para amarra\u00e7\u00e3o. Pela sua forte resist\u00eancia e facilidade de aplica\u00e7\u00e3o, as cintas slings s\u00e3o muito usadas em diversas ind\u00fastrias.","og_url":"http:\/\/carlossousa.pt\/en\/product\/slings\/","og_site_name":"Carlos Sousa","article_modified_time":"2023-05-12T16:58:36+00:00","og_image":[{"width":1280,"height":720,"url":"http:\/\/carlossousa.pt\/wp-content\/uploads\/2022\/07\/slingbox.jpg","type":"image\/jpeg"}],"twitter_card":"summary_large_image","schema":{"@context":"https:\/\/schema.org","@graph":[{"@type":"WebPage","@id":"http:\/\/carlossousa.pt\/en\/product\/slings\/","url":"http:\/\/carlossousa.pt\/en\/product\/slings\/","name":"Slings - Carlos Sousa","isPartOf":{"@id":"http:\/\/carlossousa.pt\/#website"},"primaryImageOfPage":{"@id":"http:\/\/carlossousa.pt\/en\/product\/slings\/#primaryimage"},"image":{"@id":"http:\/\/carlossousa.pt\/en\/product\/slings\/#primaryimage"},"thumbnailUrl":"http:\/\/carlossousa.pt\/wp-content\/uploads\/2022\/07\/slingbox.jpg","datePublished":"2022-07-22T09:21:19+00:00","dateModified":"2023-05-12T16:58:36+00:00","description":"Slings para amarra\u00e7\u00e3o. Pela sua forte resist\u00eancia e facilidade de aplica\u00e7\u00e3o, as cintas slings s\u00e3o muito usadas em diversas ind\u00fastrias.","breadcrumb":{"@id":"http:\/\/carlossousa.pt\/en\/product\/slings\/#breadcrumb"},"inLanguage":"en-GB","potentialAction":[{"@type":"ReadAction","target":["http:\/\/carlossousa.pt\/en\/product\/slings\/"]}]},{"@type":"ImageObject","inLanguage":"en-GB","@id":"http:\/\/carlossousa.pt\/en\/product\/slings\/#primaryimage","url":"http:\/\/carlossousa.pt\/wp-content\/uploads\/2022\/07\/slingbox.jpg","contentUrl":"http:\/\/carlossousa.pt\/wp-content\/uploads\/2022\/07\/slingbox.jpg","width":1280,"height":720,"caption":"Slings amarra\u00e7\u00e3o"},{"@type":"BreadcrumbList","@id":"http:\/\/carlossousa.pt\/en\/product\/slings\/#breadcrumb","itemListElement":[{"@type":"ListItem","position":1,"name":"In\u00edcio","item":"https:\/\/carlossousa.pt\/"},{"@type":"ListItem","position":2,"name":"Produtos","item":"https:\/\/carlossousa.pt\/cintas-de-amarracao-cintas-de-elevacao-fitas-slings\/"},{"@type":"ListItem","position":3,"name":"Slings"}]},{"@type":"WebSite","@id":"http:\/\/carlossousa.pt\/#website","url":"http:\/\/carlossousa.pt\/","name":"Carlos Sousa","description":"Fabrico de Cintas de Eleva\u00e7\u00e3o e Amarra\u00e7\u00e3o, Fitas Tecidas, Acess\u00f3rios, Slings e Bigbags.","publisher":{"@id":"http:\/\/carlossousa.pt\/#organization"},"potentialAction":[{"@type":"SearchAction","target":{"@type":"EntryPoint","urlTemplate":"http:\/\/carlossousa.pt\/?s={search_term_string}"},"query-input":{"@type":"PropertyValueSpecification","valueRequired":true,"valueName":"search_term_string"}}],"inLanguage":"en-GB"},{"@type":"Organization","@id":"http:\/\/carlossousa.pt\/#organization","name":"Carlos Sousa","url":"http:\/\/carlossousa.pt\/","logo":{"@type":"ImageObject","inLanguage":"en-GB","@id":"http:\/\/carlossousa.pt\/#\/schema\/logo\/image\/","url":"https:\/\/carlossousa.pt\/wp-content\/uploads\/2022\/05\/Asset-1.png","contentUrl":"https:\/\/carlossousa.pt\/wp-content\/uploads\/2022\/05\/Asset-1.png","width":1771,"height":558,"caption":"Carlos Sousa"},"image":{"@id":"http:\/\/carlossousa.pt\/#\/schema\/logo\/image\/"}}]}},"_links":{"self":[{"href":"http:\/\/carlossousa.pt\/en\/wp-json\/wp\/v2\/product\/1234","targetHints":{"allow":["GET"]}}],"collection":[{"href":"http:\/\/carlossousa.pt\/en\/wp-json\/wp\/v2\/product"}],"about":[{"href":"http:\/\/carlossousa.pt\/en\/wp-json\/wp\/v2\/types\/product"}],"replies":[{"embeddable":true,"href":"http:\/\/carlossousa.pt\/en\/wp-json\/wp\/v2\/comments?post=1234"}],"wp:featuredmedia":[{"embeddable":true,"href":"http:\/\/carlossousa.pt\/en\/wp-json\/wp\/v2\/media\/1236"}],"wp:attachment":[{"href":"http:\/\/carlossousa.pt\/en\/wp-json\/wp\/v2\/media?parent=1234"}],"wp:term":[{"taxonomy":"product_brand","embeddable":true,"href":"http:\/\/carlossousa.pt\/en\/wp-json\/wp\/v2\/product_brand?post=1234"},{"taxonomy":"product_cat","embeddable":true,"href":"http:\/\/carlossousa.pt\/en\/wp-json\/wp\/v2\/product_cat?post=1234"},{"taxonomy":"product_tag","embeddable":true,"href":"http:\/\/carlossousa.pt\/en\/wp-json\/wp\/v2\/product_tag?post=1234"}],"curies":[{"name":"wp","href":"https:\/\/api.w.org\/{rel}","templated":true}]}}