{"id":24,"date":"2022-05-10T23:05:24","date_gmt":"2022-05-10T23:05:24","guid":{"rendered":"https:\/\/carlossousa.pt\/?page_id=24"},"modified":"2022-09-13T14:58:48","modified_gmt":"2022-09-13T14:58:48","slug":"contactos","status":"publish","type":"page","link":"http:\/\/carlossousa.pt\/en\/contactos\/","title":{"rendered":"Contacts"},"content":{"rendered":"<p>[et_pb_section fb_built=&#8221;1&#8243; make_equal=&#8221;on&#8221; use_custom_gutter=&#8221;on&#8221; gutter_width=&#8221;1&#8243; specialty=&#8221;on&#8221; next_background_color=&#8221;#ffffff&#8221; padding_top_1=&#8221;140px&#8221; padding_top_2=&#8221;0px&#8221; padding_left_1=&#8221;10%&#8221; admin_label=&#8221;Feature Section&#8221; module_class=&#8221; et_pb_specialty_fullwidth&#8221; _builder_version=&#8221;4.17.3&#8243; background_color=&#8221;#f4f4f4&#8243; inner_width=&#8221;100%&#8221; inner_width_tablet=&#8221;100%&#8221; inner_width_phone=&#8221;&#8221; inner_width_last_edited=&#8221;on|desktop&#8221; inner_max_width=&#8221;100%&#8221; inner_max_width_tablet=&#8221;100%&#8221; inner_max_width_phone=&#8221;&#8221; inner_max_width_last_edited=&#8221;on|desktop&#8221; custom_margin=&#8221;|||&#8221; custom_margin_tablet=&#8221;|||&#8221; custom_margin_phone=&#8221;-100px||||false|false&#8221; custom_margin_last_edited=&#8221;on|phone&#8221; custom_padding=&#8221;0px||108px|||&#8221; bottom_divider_style=&#8221;slant&#8221; box_shadow_style=&#8221;preset7&#8243; box_shadow_horizontal=&#8221;0px&#8221; box_shadow_vertical=&#8221;100px&#8221; box_shadow_color=&#8221;#ffffff&#8221; make_fullwidth=&#8221;on&#8221; global_colors_info=&#8221;{}&#8221;][et_pb_column type=&#8221;1_2&#8243; specialty_columns=&#8221;2&#8243; _builder_version=&#8221;4.16&#8243; custom_padding=&#8221;|||&#8221; global_colors_info=&#8221;{}&#8221; padding_left__hover=&#8221;10%&#8221; padding_top__hover=&#8221;140px&#8221; parallax__hover=&#8221;off&#8221; parallax_method__hover=&#8221;on&#8221; custom_padding__hover=&#8221;|||&#8221;][et_pb_row_inner use_custom_gutter=&#8221;on&#8221; make_equal=&#8221;on&#8221; admin_label=&#8221;Feature Titile&#8221; _builder_version=&#8221;4.17.3&#8243; max_width=&#8221;75%&#8221; custom_margin=&#8221;|||&#8221; custom_padding=&#8221;||10px|&#8221; global_colors_info=&#8221;{}&#8221;][et_pb_column_inner saved_specialty_column_type=&#8221;1_2&#8243; _builder_version=&#8221;4.16&#8243; custom_padding=&#8221;|||&#8221; global_colors_info=&#8221;{}&#8221; parallax__hover=&#8221;off&#8221; parallax_method__hover=&#8221;on&#8221; custom_padding__hover=&#8221;|||&#8221;][et_pb_text admin_label=&#8221;Title&#8221; _builder_version=&#8221;4.17.3&#8243; text_font=&#8221;Montserrat||||||||&#8221; text_text_color=&#8221;#747d88&#8243; text_font_size=&#8221;16px&#8221; text_line_height=&#8221;1.9em&#8221; header_font=&#8221;||||||||&#8221; header_text_align=&#8221;left&#8221; header_2_font=&#8221;Open Sans||||||||&#8221; header_2_text_color=&#8221;#2968B1&#8243; header_2_font_size=&#8221;42px&#8221; header_2_line_height=&#8221;1.3em&#8221; max_width=&#8221;700px&#8221; module_alignment=&#8221;left&#8221; animation_direction=&#8221;bottom&#8221; locked=&#8221;off&#8221; global_colors_info=&#8221;{}&#8221;]<\/p>\n<h2>Contactos<\/h2>\n<p>[\/et_pb_text][et_pb_text admin_label=&#8221;Subtitle&#8221; _builder_version=&#8221;4.18.0&#8243; text_font=&#8221;PT Sans||||||||&#8221; text_text_color=&#8221;#333333&#8243; text_font_size=&#8221;16px&#8221; text_line_height=&#8221;1.8em&#8221; header_font=&#8221;||||||||&#8221; max_width=&#8221;700px&#8221; module_alignment=&#8221;left&#8221; custom_margin=&#8221;||7px|||&#8221; custom_padding=&#8221;||20px|&#8221; animation_direction=&#8221;bottom&#8221; hover_enabled=&#8221;0&#8243; locked=&#8221;off&#8221; global_colors_info=&#8221;{}&#8221; sticky_enabled=&#8221;0&#8243;]<\/p>\n<p><span>Contacte-nos atrav\u00e9s dos dados em baixo.<br \/>A nossa Equipa est\u00e1 ao seu dispor para lhe esclarecer qualquer d\u00favida.<\/span><\/p>\n<p>[\/et_pb_text][et_pb_blurb use_icon=&#8221;on&#8221; font_icon=&#8221;&#xe090;||divi||400&#8243; icon_color=&#8221;#2968B1&#8243; icon_placement=&#8221;left&#8221; image_icon_width=&#8221;22px&#8221; _builder_version=&#8221;4.17.3&#8243; _module_preset=&#8221;default&#8221; header_font=&#8221;Montserrat||||||||&#8221; body_font=&#8221;PT Sans||||||||&#8221; body_text_color=&#8221;#333333&#8243; body_font_size=&#8221;16px&#8221; body_line_height=&#8221;1.9em&#8221; custom_margin=&#8221;59px|||||&#8221; custom_margin_tablet=&#8221;59px|||||&#8221; custom_margin_phone=&#8221;15px||||false|false&#8221; custom_margin_last_edited=&#8221;on|phone&#8221; custom_padding_tablet=&#8221;&#8221; custom_padding_phone=&#8221;||||false|false&#8221; custom_padding_last_edited=&#8221;on|phone&#8221; animation=&#8221;off&#8221; icon_font_size=&#8221;22px&#8221; global_colors_info=&#8221;{}&#8221;]<span>+351 933 986 277<\/span><br \/>\n<span>+351 933 986 272<\/span><br \/>\n+351\u00a0256\u00a0811\u00a0800[\/et_pb_blurb][et_pb_blurb use_icon=&#8221;on&#8221; font_icon=&#8221;&#xe010;||divi||400&#8243; icon_color=&#8221;#2968B1&#8243; icon_placement=&#8221;left&#8221; image_icon_width=&#8221;22px&#8221; _builder_version=&#8221;4.17.3&#8243; _module_preset=&#8221;default&#8221; header_font=&#8221;Montserrat||||||||&#8221; body_font=&#8221;PT Sans||||||||&#8221; body_text_color=&#8221;#333333&#8243; body_font_size=&#8221;16px&#8221; body_line_height=&#8221;1.9em&#8221; custom_margin=&#8221;16px|||||&#8221; custom_margin_tablet=&#8221;59px|||||&#8221; custom_margin_phone=&#8221;15px||||false|false&#8221; custom_margin_last_edited=&#8221;on|phone&#8221; animation=&#8221;off&#8221; icon_font_size=&#8221;22px&#8221; global_colors_info=&#8221;{}&#8221;]<\/p>\n<p><span>geral@carlossousa.pt<\/span><br \/><span>vendas@carlossousa.pt<\/span><\/p>\n<p>[\/et_pb_blurb][et_pb_blurb use_icon=&#8221;on&#8221; font_icon=&#8221;&#xe01d;||divi||400&#8243; icon_color=&#8221;#2968B1&#8243; icon_placement=&#8221;left&#8221; image_icon_width=&#8221;22px&#8221; _builder_version=&#8221;4.17.3&#8243; _module_preset=&#8221;default&#8221; header_font=&#8221;Montserrat||||||||&#8221; body_font=&#8221;PT Sans||||||||&#8221; body_text_color=&#8221;#333333&#8243; body_font_size=&#8221;16px&#8221; body_line_height=&#8221;1.9em&#8221; custom_margin=&#8221;16px|||||&#8221; custom_margin_tablet=&#8221;59px|||||&#8221; custom_margin_phone=&#8221;15px||||false|false&#8221; custom_margin_last_edited=&#8221;on|phone&#8221; animation=&#8221;off&#8221; icon_font_size=&#8221;22px&#8221; global_colors_info=&#8221;{}&#8221;]<\/p>\n<p>Rua Vasco da Gama, 243<br \/>3700-569 Arrifana VFR,<br \/>Portugal<\/p>\n<p>[\/et_pb_blurb][et_pb_blurb use_icon=&#8221;on&#8221; font_icon=&#8221;&#xe02d;||divi||400&#8243; icon_color=&#8221;#2968B1&#8243; icon_placement=&#8221;left&#8221; image_icon_width=&#8221;22px&#8221; _builder_version=&#8221;4.18.0&#8243; _module_preset=&#8221;default&#8221; header_font=&#8221;Montserrat||||||||&#8221; body_font=&#8221;PT Sans||||||||&#8221; body_text_color=&#8221;#333333&#8243; body_font_size=&#8221;16px&#8221; body_line_height=&#8221;1.9em&#8221; custom_margin=&#8221;16px|||||&#8221; custom_margin_tablet=&#8221;59px|||||&#8221; custom_margin_phone=&#8221;15px||||false|false&#8221; custom_margin_last_edited=&#8221;on|phone&#8221; animation=&#8221;off&#8221; icon_font_size=&#8221;22px&#8221; global_colors_info=&#8221;{}&#8221;]<\/p>\n<p><span>Segunda a Sexta:<\/span><br \/><span>8h30 \u2013 12h30<\/span><br \/><span>14h00 \u2013 18h00<\/span><\/p>\n<p>[\/et_pb_blurb][et_pb_social_media_follow _builder_version=&#8221;4.18.0&#8243; _module_preset=&#8221;default&#8221; custom_padding=&#8221;|||46px||&#8221; global_colors_info=&#8221;{}&#8221;][et_pb_social_media_follow_network social_network=&#8221;facebook&#8221; url=&#8221;https:\/\/www.facebook.com\/Carlos-Sousa-Ind%C3%BAstria-Lda-681741128911860&#8243; _builder_version=&#8221;4.18.0&#8243; _module_preset=&#8221;default&#8221; background_color=&#8221;#2968B1&#8243; background_enable_color=&#8221;on&#8221; border_radii=&#8221;on|50px|50px|50px|50px&#8221; global_colors_info=&#8221;{}&#8221; follow_button=&#8221;off&#8221; url_new_window=&#8221;on&#8221;]facebook[\/et_pb_social_media_follow_network][et_pb_social_media_follow_network social_network=&#8221;linkedin&#8221; url=&#8221;https:\/\/www.linkedin.com\/company\/carlos-sousa\/&#8221; _builder_version=&#8221;4.18.0&#8243; _module_preset=&#8221;default&#8221; background_color=&#8221;#2968B1&#8243; background_enable_color=&#8221;on&#8221; border_radii=&#8221;on|50px|50px|50px|50px&#8221; global_colors_info=&#8221;{}&#8221; follow_button=&#8221;off&#8221; url_new_window=&#8221;on&#8221;]linkedin[\/et_pb_social_media_follow_network][\/et_pb_social_media_follow][\/et_pb_column_inner][\/et_pb_row_inner][\/et_pb_column][et_pb_column type=&#8221;1_2&#8243; _builder_version=&#8221;4.16&#8243; custom_padding=&#8221;|||&#8221; global_colors_info=&#8221;{}&#8221; padding_top__hover=&#8221;0px&#8221; parallax__hover=&#8221;off&#8221; parallax_method__hover=&#8221;on&#8221; custom_padding__hover=&#8221;|||&#8221;][et_pb_image src=&#8221;https:\/\/carlossousa.pt\/wp-content\/uploads\/2022\/06\/alterado1-scaled.jpg&#8221; title_text=&#8221;alterado1&#8243; force_fullwidth=&#8221;on&#8221; align_tablet=&#8221;center&#8221; align_phone=&#8221;&#8221; align_last_edited=&#8221;on|desktop&#8221; _builder_version=&#8221;4.17.3&#8243; custom_margin=&#8221;|||&#8221; custom_padding=&#8221;|||&#8221; animation_direction=&#8221;bottom&#8221; global_colors_info=&#8221;{}&#8221;][\/et_pb_image][et_pb_image src=&#8221;https:\/\/carlossousa.pt\/wp-content\/uploads\/2022\/06\/alterado2-scaled.jpg&#8221; title_text=&#8221;alterado2&#8243; _builder_version=&#8221;4.17.3&#8243; _module_preset=&#8221;default&#8221; global_colors_info=&#8221;{}&#8221;][\/et_pb_image][\/et_pb_column][\/et_pb_section][et_pb_section fb_built=&#8221;1&#8243; _builder_version=&#8221;4.16&#8243; _module_preset=&#8221;default&#8221; custom_padding=&#8221;1px||2px|||&#8221; global_colors_info=&#8221;{}&#8221;][et_pb_row _builder_version=&#8221;4.16&#8243; _module_preset=&#8221;default&#8221; width=&#8221;100%&#8221; max_width=&#8221;1331px&#8221; custom_margin=&#8221;-3px|auto|-4px|auto||&#8221; custom_padding=&#8221;2px||0px|||&#8221; global_colors_info=&#8221;{}&#8221;][et_pb_column type=&#8221;4_4&#8243; _builder_version=&#8221;4.16&#8243; _module_preset=&#8221;default&#8221; global_colors_info=&#8221;{}&#8221;][et_pb_code _builder_version=&#8221;4.17.3&#8243; _module_preset=&#8221;default&#8221; custom_padding=&#8221;||0px|||&#8221; global_colors_info=&#8221;{}&#8221;]<iframe src=\"https:\/\/www.google.com\/maps\/embed?pb=!1m18!1m12!1m3!1d3014.727017546452!2d-8.49691537732014!3d40.921730976217106!2m3!1f0!2f0!3f0!3m2!1i1024!2i768!4f13.1!3m3!1m2!1s0xd2381fc99bde3e7%3A0x48f4ee83cfc05888!2sCarlos%20Sousa!5e0!3m2!1sen!2spt!4v1653043219345!5m2!1sen!2spt\" width=\"2000\" height=\"450\" style=\"border:0;\" allowfullscreen=\"\" loading=\"lazy\" referrerpolicy=\"no-referrer-when-downgrade\"><\/iframe>[\/et_pb_code][\/et_pb_column][\/et_pb_row][\/et_pb_section]<\/p>\n","protected":false},"excerpt":{"rendered":"<p>ContactosContacte-nos atrav\u00e9s dos dados em baixo.A nossa Equipa est\u00e1 ao seu dispor para lhe esclarecer qualquer d\u00favida.+351 933 986 277 +351 933 986 272 +351\u00a0256\u00a0811\u00a0800geral@carlossousa.ptvendas@carlossousa.ptRua Vasco da Gama, 2433700-569 Arrifana VFR,PortugalSegunda a Sexta:8h30 \u2013 12h3014h00 \u2013 18h00<\/p>","protected":false},"author":1,"featured_media":0,"parent":0,"menu_order":0,"comment_status":"closed","ping_status":"open","template":"","meta":{"_et_pb_use_builder":"on","_et_pb_old_content":"","_et_gb_content_width":"","_monsterinsights_skip_tracking":false,"_monsterinsights_sitenote_active":false,"_monsterinsights_sitenote_note":"","_monsterinsights_sitenote_category":0,"footnotes":""},"class_list":["post-24","page","type-page","status-publish","hentry"],"yoast_head":"<!-- This site is optimized with the Yoast SEO plugin v27.4 - https:\/\/yoast.com\/product\/yoast-seo-wordpress\/ -->\n<title>Contactos - Carlos Sousa<\/title>\n<meta name=\"robots\" content=\"index, follow, max-snippet:-1, max-image-preview:large, max-video-preview:-1\" \/>\n<link rel=\"canonical\" href=\"https:\/\/carlossousa.pt\/en\/contactos\/\" \/>\n<meta property=\"og:locale\" content=\"en_GB\" \/>\n<meta property=\"og:type\" content=\"article\" \/>\n<meta property=\"og:title\" content=\"Contactos - Carlos Sousa\" \/>\n<meta property=\"og:description\" content=\"ContactosContacte-nos atrav\u00e9s dos dados em baixo.A nossa Equipa est\u00e1 ao seu dispor para lhe esclarecer qualquer d\u00favida.+351 933 986 277 +351 933 986 272 +351\u00a0256\u00a0811\u00a0800geral@carlossousa.ptvendas@carlossousa.ptRua Vasco da Gama, 2433700-569 Arrifana VFR,PortugalSegunda a Sexta:8h30 \u2013 12h3014h00 \u2013 18h00\" \/>\n<meta property=\"og:url\" content=\"https:\/\/carlossousa.pt\/en\/contactos\/\" \/>\n<meta property=\"og:site_name\" content=\"Carlos Sousa\" \/>\n<meta property=\"article:modified_time\" content=\"2022-09-13T14:58:48+00:00\" \/>\n<meta name=\"twitter:card\" content=\"summary_large_image\" \/>\n<meta name=\"twitter:label1\" content=\"Estimated reading time\" \/>\n\t<meta name=\"twitter:data1\" content=\"5 minutes\" \/>\n<script type=\"application\/ld+json\" class=\"yoast-schema-graph\">{\"@context\":\"https:\\\/\\\/schema.org\",\"@graph\":[{\"@type\":\"WebPage\",\"@id\":\"https:\\\/\\\/carlossousa.pt\\\/contactos\\\/\",\"url\":\"https:\\\/\\\/carlossousa.pt\\\/contactos\\\/\",\"name\":\"Contactos - Carlos Sousa\",\"isPartOf\":{\"@id\":\"http:\\\/\\\/carlossousa.pt\\\/#website\"},\"datePublished\":\"2022-05-10T23:05:24+00:00\",\"dateModified\":\"2022-09-13T14:58:48+00:00\",\"breadcrumb\":{\"@id\":\"https:\\\/\\\/carlossousa.pt\\\/contactos\\\/#breadcrumb\"},\"inLanguage\":\"en-GB\",\"potentialAction\":[{\"@type\":\"ReadAction\",\"target\":[\"https:\\\/\\\/carlossousa.pt\\\/contactos\\\/\"]}]},{\"@type\":\"BreadcrumbList\",\"@id\":\"https:\\\/\\\/carlossousa.pt\\\/contactos\\\/#breadcrumb\",\"itemListElement\":[{\"@type\":\"ListItem\",\"position\":1,\"name\":\"In\u00edcio\",\"item\":\"https:\\\/\\\/carlossousa.pt\\\/\"},{\"@type\":\"ListItem\",\"position\":2,\"name\":\"Contactos\"}]},{\"@type\":\"WebSite\",\"@id\":\"http:\\\/\\\/carlossousa.pt\\\/#website\",\"url\":\"http:\\\/\\\/carlossousa.pt\\\/\",\"name\":\"Carlos Sousa\",\"description\":\"Fabrico de Cintas de Eleva\u00e7\u00e3o e Amarra\u00e7\u00e3o, Fitas Tecidas, Acess\u00f3rios, Slings e Bigbags.\",\"publisher\":{\"@id\":\"http:\\\/\\\/carlossousa.pt\\\/#organization\"},\"potentialAction\":[{\"@type\":\"SearchAction\",\"target\":{\"@type\":\"EntryPoint\",\"urlTemplate\":\"http:\\\/\\\/carlossousa.pt\\\/?s={search_term_string}\"},\"query-input\":{\"@type\":\"PropertyValueSpecification\",\"valueRequired\":true,\"valueName\":\"search_term_string\"}}],\"inLanguage\":\"en-GB\"},{\"@type\":\"Organization\",\"@id\":\"http:\\\/\\\/carlossousa.pt\\\/#organization\",\"name\":\"Carlos Sousa\",\"url\":\"http:\\\/\\\/carlossousa.pt\\\/\",\"logo\":{\"@type\":\"ImageObject\",\"inLanguage\":\"en-GB\",\"@id\":\"http:\\\/\\\/carlossousa.pt\\\/#\\\/schema\\\/logo\\\/image\\\/\",\"url\":\"https:\\\/\\\/carlossousa.pt\\\/wp-content\\\/uploads\\\/2022\\\/05\\\/Asset-1.png\",\"contentUrl\":\"https:\\\/\\\/carlossousa.pt\\\/wp-content\\\/uploads\\\/2022\\\/05\\\/Asset-1.png\",\"width\":1771,\"height\":558,\"caption\":\"Carlos Sousa\"},\"image\":{\"@id\":\"http:\\\/\\\/carlossousa.pt\\\/#\\\/schema\\\/logo\\\/image\\\/\"}}]}<\/script>\n<!-- \/ Yoast SEO plugin. -->","yoast_head_json":{"title":"Contactos - Carlos Sousa","robots":{"index":"index","follow":"follow","max-snippet":"max-snippet:-1","max-image-preview":"max-image-preview:large","max-video-preview":"max-video-preview:-1"},"canonical":"https:\/\/carlossousa.pt\/en\/contactos\/","og_locale":"en_GB","og_type":"article","og_title":"Contactos - Carlos Sousa","og_description":"ContactosContacte-nos atrav\u00e9s dos dados em baixo.A nossa Equipa est\u00e1 ao seu dispor para lhe esclarecer qualquer d\u00favida.+351 933 986 277 +351 933 986 272 +351\u00a0256\u00a0811\u00a0800geral@carlossousa.ptvendas@carlossousa.ptRua Vasco da Gama, 2433700-569 Arrifana VFR,PortugalSegunda a Sexta:8h30 \u2013 12h3014h00 \u2013 18h00","og_url":"https:\/\/carlossousa.pt\/en\/contactos\/","og_site_name":"Carlos Sousa","article_modified_time":"2022-09-13T14:58:48+00:00","twitter_card":"summary_large_image","twitter_misc":{"Estimated reading time":"5 minutes"},"schema":{"@context":"https:\/\/schema.org","@graph":[{"@type":"WebPage","@id":"https:\/\/carlossousa.pt\/contactos\/","url":"https:\/\/carlossousa.pt\/contactos\/","name":"Contactos - Carlos Sousa","isPartOf":{"@id":"http:\/\/carlossousa.pt\/#website"},"datePublished":"2022-05-10T23:05:24+00:00","dateModified":"2022-09-13T14:58:48+00:00","breadcrumb":{"@id":"https:\/\/carlossousa.pt\/contactos\/#breadcrumb"},"inLanguage":"en-GB","potentialAction":[{"@type":"ReadAction","target":["https:\/\/carlossousa.pt\/contactos\/"]}]},{"@type":"BreadcrumbList","@id":"https:\/\/carlossousa.pt\/contactos\/#breadcrumb","itemListElement":[{"@type":"ListItem","position":1,"name":"In\u00edcio","item":"https:\/\/carlossousa.pt\/"},{"@type":"ListItem","position":2,"name":"Contactos"}]},{"@type":"WebSite","@id":"http:\/\/carlossousa.pt\/#website","url":"http:\/\/carlossousa.pt\/","name":"Carlos Sousa","description":"Fabrico de Cintas de Eleva\u00e7\u00e3o e Amarra\u00e7\u00e3o, Fitas Tecidas, Acess\u00f3rios, Slings e Bigbags.","publisher":{"@id":"http:\/\/carlossousa.pt\/#organization"},"potentialAction":[{"@type":"SearchAction","target":{"@type":"EntryPoint","urlTemplate":"http:\/\/carlossousa.pt\/?s={search_term_string}"},"query-input":{"@type":"PropertyValueSpecification","valueRequired":true,"valueName":"search_term_string"}}],"inLanguage":"en-GB"},{"@type":"Organization","@id":"http:\/\/carlossousa.pt\/#organization","name":"Carlos Sousa","url":"http:\/\/carlossousa.pt\/","logo":{"@type":"ImageObject","inLanguage":"en-GB","@id":"http:\/\/carlossousa.pt\/#\/schema\/logo\/image\/","url":"https:\/\/carlossousa.pt\/wp-content\/uploads\/2022\/05\/Asset-1.png","contentUrl":"https:\/\/carlossousa.pt\/wp-content\/uploads\/2022\/05\/Asset-1.png","width":1771,"height":558,"caption":"Carlos Sousa"},"image":{"@id":"http:\/\/carlossousa.pt\/#\/schema\/logo\/image\/"}}]}},"_links":{"self":[{"href":"http:\/\/carlossousa.pt\/en\/wp-json\/wp\/v2\/pages\/24","targetHints":{"allow":["GET"]}}],"collection":[{"href":"http:\/\/carlossousa.pt\/en\/wp-json\/wp\/v2\/pages"}],"about":[{"href":"http:\/\/carlossousa.pt\/en\/wp-json\/wp\/v2\/types\/page"}],"author":[{"embeddable":true,"href":"http:\/\/carlossousa.pt\/en\/wp-json\/wp\/v2\/users\/1"}],"replies":[{"embeddable":true,"href":"http:\/\/carlossousa.pt\/en\/wp-json\/wp\/v2\/comments?post=24"}],"version-history":[{"count":25,"href":"http:\/\/carlossousa.pt\/en\/wp-json\/wp\/v2\/pages\/24\/revisions"}],"predecessor-version":[{"id":1428,"href":"http:\/\/carlossousa.pt\/en\/wp-json\/wp\/v2\/pages\/24\/revisions\/1428"}],"wp:attachment":[{"href":"http:\/\/carlossousa.pt\/en\/wp-json\/wp\/v2\/media?parent=24"}],"curies":[{"name":"wp","href":"https:\/\/api.w.org\/{rel}","templated":true}]}}