{"id":17,"date":"2022-05-10T23:04:47","date_gmt":"2022-05-10T23:04:47","guid":{"rendered":"https:\/\/carlossousa.pt\/?page_id=17"},"modified":"2023-12-21T12:02:38","modified_gmt":"2023-12-21T12:02:38","slug":"quem-somos","status":"publish","type":"page","link":"http:\/\/carlossousa.pt\/en\/quem-somos\/","title":{"rendered":"Company"},"content":{"rendered":"<p>[et_pb_section fb_built=&#8221;1&#8243; _builder_version=&#8221;4.17.3&#8243; _module_preset=&#8221;default&#8221; background_image=&#8221;https:\/\/carlossousa.pt\/wp-content\/uploads\/2022\/06\/Altardo-scaled.jpg&#8221; custom_padding=&#8221;||142px|||&#8221; bottom_divider_style=&#8221;arrow3&#8243; bottom_divider_color=&#8221;#FFFFFF&#8221; bottom_divider_flip=&#8221;vertical|horizontal&#8221; locked=&#8221;off&#8221; global_colors_info=&#8221;{}&#8221;][et_pb_row column_structure=&#8221;1_2,1_2&#8243; _builder_version=&#8221;4.17.3&#8243; _module_preset=&#8221;default&#8221; custom_margin=&#8221;-24px|auto|38px|auto||&#8221; custom_padding=&#8221;2px|||||&#8221; global_colors_info=&#8221;{}&#8221;][et_pb_column type=&#8221;1_2&#8243; _builder_version=&#8221;4.17.3&#8243; _module_preset=&#8221;default&#8221; global_colors_info=&#8221;{}&#8221;][et_pb_text _builder_version=&#8221;4.17.3&#8243; _module_preset=&#8221;default&#8221; header_2_font=&#8221;|600|||||||&#8221; header_2_text_color=&#8221;#FFFFFF&#8221; header_2_font_size=&#8221;33px&#8221; header_2_line_height=&#8221;1.7em&#8221; custom_margin=&#8221;66px|||||&#8221; custom_padding=&#8221;37px|||||&#8221; global_colors_info=&#8221;{}&#8221;]<\/p>\n<h2>Compromisso e satisfa\u00e7\u00e3o dos nossos clientes.<\/h2>\n<p>&nbsp;<\/p>\n<p>[\/et_pb_text][et_pb_button button_url=&#8221;https:\/\/carlossousa.pt\/produtos-slings-cintas-de-amarracao-cintas-de-elevacao-fitas\/&#8221; button_text=&#8221;Ver Produtos&#8221; _builder_version=&#8221;4.20.2&#8243; _module_preset=&#8221;default&#8221; custom_button=&#8221;on&#8221; button_text_size=&#8221;15px&#8221; button_text_color=&#8221;#333333&#8243; button_bg_color=&#8221;#FFFFFF&#8221; button_border_width=&#8221;0px&#8221; button_border_radius=&#8221;0px&#8221; button_font=&#8221;|600||on|||||&#8221; global_colors_info=&#8221;{}&#8221;][\/et_pb_button][\/et_pb_column][et_pb_column type=&#8221;1_2&#8243; _builder_version=&#8221;4.17.3&#8243; _module_preset=&#8221;default&#8221; global_colors_info=&#8221;{}&#8221;][\/et_pb_column][\/et_pb_row][\/et_pb_section][et_pb_section fb_built=&#8221;1&#8243; _builder_version=&#8221;4.17.3&#8243; _module_preset=&#8221;default&#8221; global_colors_info=&#8221;{}&#8221;][et_pb_row column_structure=&#8221;1_2,1_2&#8243; _builder_version=&#8221;4.17.3&#8243; _module_preset=&#8221;default&#8221; global_colors_info=&#8221;{}&#8221;][et_pb_column type=&#8221;1_2&#8243; _builder_version=&#8221;4.17.3&#8243; _module_preset=&#8221;default&#8221; global_colors_info=&#8221;{}&#8221;][et_pb_text _builder_version=&#8221;4.18.0&#8243; _module_preset=&#8221;default&#8221; global_colors_info=&#8221;{}&#8221;]<\/p>\n<p>A Carlos Sousa Ind\u00fastria dedica-se ao fabrico de <a href=\"https:\/\/carlossousa.pt\/produtos-2\/?wpf=produtos&amp;wpf_cols=3&amp;wpf_produtos=cintas-de-elevacao\">Cintas de Eleva\u00e7\u00e3o<\/a>, <a href=\"https:\/\/carlossousa.pt\/produtos-2\/?wpf=produtos&amp;wpf_cols=3&amp;wpf_page=1&amp;wpf_produtos=cintas-de-amarracao\">Cintas de Amarra\u00e7\u00e3o<\/a>, <a href=\"https:\/\/carlossousa.pt\/produtos\/\">Cintas de Carga<\/a>, <a href=\"https:\/\/carlossousa.pt\/produtos-2\/?wpf=produtos&amp;wpf_cols=3&amp;wpf_page=1&amp;wpf_produtos=fitas\">Fitas Tecidas<\/a>, <a href=\"https:\/\/carlossousa.pt\/produtos-2\/?wpf=produtos&amp;wpf_cols=3&amp;wpf_produtos=acessorios\">Acess\u00f3rios<\/a>, <a href=\"https:\/\/carlossousa.pt\/produtos-2\/?wpf=produtos&amp;wpf_cols=3&amp;wpf_produtos=slings\">Slings e Bigbags<\/a>.<\/p>\n<p><span>Apresenta uma forte presen\u00e7a em setores como Log\u00edstica, Transportes, Portu\u00e1rio, Metalomec\u00e2nica, Embalagens, Cimenteiro e, em todos aqueles que realizam procedimentos de movimenta\u00e7\u00e3o de carga.<\/span><\/p>\n<p>A empresa CARLOS SOUSA, L.DA iniciou atividade a 6 de Abril de 1981 por Carlos Manuel Martins de Sousa, Armando Flor da Silva e Ant\u00f3nio Manuel Mateus Palma, dedicando-se ao fabrico de \u201cPassamanarias, slings e afins\u201d.<\/p>\n<p>[\/et_pb_text][et_pb_text _builder_version=&#8221;4.17.3&#8243; _module_preset=&#8221;default&#8221; global_colors_info=&#8221;{}&#8221;]<\/p>\n<p>Mesmo iniciando a atividade em exclusivo para o mercado Nacional, rapidamente se expandiu al\u00e9m fronteiras para outros pa\u00edses, sendo que mais tarde come\u00e7ou a desenvolver novos produtos em poli\u00e9ster, nomeadamente cintas de amarra\u00e7\u00e3o e suspens\u00e3o de cargas, alargando assim o seu leque de produtos e mercado.<\/p>\n<p>[\/et_pb_text][\/et_pb_column][et_pb_column type=&#8221;1_2&#8243; _builder_version=&#8221;4.17.3&#8243; _module_preset=&#8221;default&#8221; global_colors_info=&#8221;{}&#8221;][et_pb_text _builder_version=&#8221;4.17.3&#8243; _module_preset=&#8221;default&#8221; locked=&#8221;off&#8221; global_colors_info=&#8221;{}&#8221;]<\/p>\n<p>Ao longo dos anos, a empresa assume o compromisso de satisfa\u00e7\u00e3o dos seus clientes e partes interessadas, atrav\u00e9s da qualidade dos seus produtos. Para isso compromete-se a cumprir os requisitos e melhorar continuamente a efic\u00e1cia do Sistema de Gest\u00e3o da Qualidade, garantindo a qualidade do produto ao longo de todo o processo produtivo.<\/p>\n<p>[\/et_pb_text][et_pb_text _builder_version=&#8221;4.17.3&#8243; _module_preset=&#8221;default&#8221; global_colors_info=&#8221;{}&#8221;]<\/p>\n<p>Assume igualmente o compromisso de bem-estar e bom relacionamento interno com os seus Recursos Humanos, proporcionando boas condi\u00e7\u00f5es de trabalho e criando um bom ambiente dentro da empresa.<\/p>\n<p>[\/et_pb_text][\/et_pb_column][\/et_pb_row][\/et_pb_section][et_pb_section fb_built=&#8221;1&#8243; _builder_version=&#8221;4.17.3&#8243; _module_preset=&#8221;default&#8221; custom_padding=&#8221;||74px|||&#8221; global_colors_info=&#8221;{}&#8221;][et_pb_row _builder_version=&#8221;4.17.3&#8243; _module_preset=&#8221;default&#8221; global_colors_info=&#8221;{}&#8221;][et_pb_column type=&#8221;4_4&#8243; _builder_version=&#8221;4.17.3&#8243; _module_preset=&#8221;default&#8221; global_colors_info=&#8221;{}&#8221;][et_pb_text _builder_version=&#8221;4.17.3&#8243; _module_preset=&#8221;default&#8221; header_2_text_align=&#8221;center&#8221; custom_margin=&#8221;||26px|||&#8221; global_colors_info=&#8221;{}&#8221;]<\/p>\n<h2>Os nossos Objetivos<\/h2>\n<p>[\/et_pb_text][\/et_pb_column][\/et_pb_row][et_pb_row column_structure=&#8221;1_4,1_4,1_4,1_4&#8243; custom_padding_last_edited=&#8221;on|phone&#8221; _builder_version=&#8221;4.17.3&#8243; _module_preset=&#8221;default&#8221; width=&#8221;100%&#8221; custom_margin_tablet=&#8221;&#8221; custom_margin_phone=&#8221;||||false|false&#8221; custom_margin_last_edited=&#8221;on|phone&#8221; custom_padding=&#8221;||||false|true&#8221; custom_padding_tablet=&#8221;||||false|true&#8221; custom_padding_phone=&#8221;|10px||10px|false|true&#8221; global_colors_info=&#8221;{}&#8221;][et_pb_column type=&#8221;1_4&#8243; _builder_version=&#8221;4.17.3&#8243; _module_preset=&#8221;default&#8221; global_colors_info=&#8221;{}&#8221;][et_pb_blurb title=&#8221;Qualidade&#8221; use_icon=&#8221;on&#8221; font_icon=&#8221;&#xe035;||divi||400&#8243; icon_color=&#8221;#2968B1&#8243; image_icon_width=&#8221;70px&#8221; _builder_version=&#8221;4.17.3&#8243; _module_preset=&#8221;default&#8221; header_text_align=&#8221;center&#8221; body_text_align=&#8221;center&#8221; animation=&#8221;off&#8221; global_colors_info=&#8221;{}&#8221;]<\/p>\n<p>No nosso processo produtivo, somos extremamente rigorosos, garantindo aos nossos clientes produtos de qualidade.<\/p>\n<p>[\/et_pb_blurb][\/et_pb_column][et_pb_column type=&#8221;1_4&#8243; _builder_version=&#8221;4.17.3&#8243; _module_preset=&#8221;default&#8221; global_colors_info=&#8221;{}&#8221;][et_pb_blurb title=&#8221;Bom Ambiente de Trabalho&#8221; use_icon=&#8221;on&#8221; font_icon=&#8221;&#xf0c0;||fa||900&#8243; icon_color=&#8221;#2968B1&#8243; image_icon_width=&#8221;70px&#8221; _builder_version=&#8221;4.17.3&#8243; _module_preset=&#8221;default&#8221; header_text_align=&#8221;center&#8221; body_text_align=&#8221;center&#8221; animation=&#8221;off&#8221; global_colors_info=&#8221;{}&#8221;]<\/p>\n<p>Desde a nossa funda\u00e7\u00e3o, que esta foi uma das premissas obrigat\u00f3rias. Estimulamos um bom ambiente dentro da empresa, pois acreditamos que s\u00f3 assim conseguimos alcan\u00e7ar o sucesso.<\/p>\n<p>[\/et_pb_blurb][\/et_pb_column][et_pb_column type=&#8221;1_4&#8243; _builder_version=&#8221;4.17.3&#8243; _module_preset=&#8221;default&#8221; global_colors_info=&#8221;{}&#8221;][et_pb_blurb title=&#8221;Competitividade&#8221; use_icon=&#8221;on&#8221; font_icon=&#8221;&#x52;||divi||400&#8243; icon_color=&#8221;#2968B1&#8243; image_icon_width=&#8221;70px&#8221; _builder_version=&#8221;4.17.3&#8243; _module_preset=&#8221;default&#8221; header_text_align=&#8221;center&#8221; body_text_align=&#8221;center&#8221; animation=&#8221;off&#8221; global_colors_info=&#8221;{}&#8221;]<\/p>\n<p>Os nossos clientes, s\u00e3o a pe\u00e7a chave da nossa empresa. Como tal, damos uma r\u00e1pida resposta \u00e0s solicita\u00e7\u00f5es dos mesmos, mas nunca perdendo a qualidade do nosso produto.<\/p>\n<p>[\/et_pb_blurb][\/et_pb_column][et_pb_column type=&#8221;1_4&#8243; _builder_version=&#8221;4.17.3&#8243; _module_preset=&#8221;default&#8221; global_colors_info=&#8221;{}&#8221;][et_pb_blurb title=&#8221;MELHORIA CONTINUA&#8221; use_icon=&#8221;on&#8221; font_icon=&#8221;&#xf837;||fa||400&#8243; icon_color=&#8221;#2968B1&#8243; image_icon_width=&#8221;70px&#8221; _builder_version=&#8221;4.17.3&#8243; _module_preset=&#8221;default&#8221; header_text_align=&#8221;center&#8221; body_text_align=&#8221;center&#8221; animation=&#8221;off&#8221; global_colors_info=&#8221;{}&#8221;]<\/p>\n<p>Estamos sempre \u00e0 procura de melhoria do nosso processo produtivo, de modo a darmos resposta \u00e0s necessidades dos nossos clientes.<\/p>\n<p>[\/et_pb_blurb][\/et_pb_column][\/et_pb_row][\/et_pb_section]<\/p>\n","protected":false},"excerpt":{"rendered":"<p>Compromisso e satisfa\u00e7\u00e3o dos nossos clientes. &nbsp;A Carlos Sousa Ind\u00fastria dedica-se ao fabrico de Cintas de Eleva\u00e7\u00e3o, Cintas de Amarra\u00e7\u00e3o, Cintas de Carga, Fitas Tecidas, Acess\u00f3rios, Slings e Bigbags. Apresenta uma forte presen\u00e7a em setores como Log\u00edstica, Transportes, Portu\u00e1rio, Metalomec\u00e2nica, Embalagens, Cimenteiro e, em todos aqueles que realizam procedimentos de movimenta\u00e7\u00e3o de carga. A empresa [&hellip;]<\/p>\n","protected":false},"author":1,"featured_media":0,"parent":0,"menu_order":0,"comment_status":"closed","ping_status":"open","template":"","meta":{"_et_pb_use_builder":"on","_et_pb_old_content":"","_et_gb_content_width":"","_monsterinsights_skip_tracking":false,"_monsterinsights_sitenote_active":false,"_monsterinsights_sitenote_note":"","_monsterinsights_sitenote_category":0,"footnotes":""},"class_list":["post-17","page","type-page","status-publish","hentry"],"yoast_head":"<!-- This site is optimized with the Yoast SEO plugin v27.4 - https:\/\/yoast.com\/product\/yoast-seo-wordpress\/ -->\n<title>Empresa - Carlos Sousa<\/title>\n<meta name=\"description\" content=\"Somos uma empresa que se dedica \u00e0 produ\u00e7\u00e3o desde Fitas Tecidas, Cintas de eleva\u00e7\u00e3o e amarra\u00e7\u00e3o, slings e bigbags.\" \/>\n<meta name=\"robots\" content=\"index, follow, max-snippet:-1, max-image-preview:large, max-video-preview:-1\" \/>\n<link rel=\"canonical\" href=\"https:\/\/carlossousa.pt\/en\/quem-somos\/\" \/>\n<meta property=\"og:locale\" content=\"en_GB\" \/>\n<meta property=\"og:type\" content=\"article\" \/>\n<meta property=\"og:title\" content=\"Empresa - Carlos Sousa\" \/>\n<meta property=\"og:description\" content=\"Somos uma empresa que se dedica \u00e0 produ\u00e7\u00e3o desde Fitas Tecidas, Cintas de eleva\u00e7\u00e3o e amarra\u00e7\u00e3o, slings e bigbags.\" \/>\n<meta property=\"og:url\" content=\"https:\/\/carlossousa.pt\/en\/quem-somos\/\" \/>\n<meta property=\"og:site_name\" content=\"Carlos Sousa\" \/>\n<meta property=\"article:modified_time\" content=\"2023-12-21T12:02:38+00:00\" \/>\n<meta name=\"twitter:card\" content=\"summary_large_image\" \/>\n<meta name=\"twitter:label1\" content=\"Estimated reading time\" \/>\n\t<meta name=\"twitter:data1\" content=\"3 minutes\" \/>\n<script type=\"application\/ld+json\" class=\"yoast-schema-graph\">{\"@context\":\"https:\\\/\\\/schema.org\",\"@graph\":[{\"@type\":\"WebPage\",\"@id\":\"https:\\\/\\\/carlossousa.pt\\\/quem-somos\\\/\",\"url\":\"https:\\\/\\\/carlossousa.pt\\\/quem-somos\\\/\",\"name\":\"Empresa - Carlos Sousa\",\"isPartOf\":{\"@id\":\"http:\\\/\\\/carlossousa.pt\\\/#website\"},\"datePublished\":\"2022-05-10T23:04:47+00:00\",\"dateModified\":\"2023-12-21T12:02:38+00:00\",\"description\":\"Somos uma empresa que se dedica \u00e0 produ\u00e7\u00e3o desde Fitas Tecidas, Cintas de eleva\u00e7\u00e3o e amarra\u00e7\u00e3o, slings e bigbags.\",\"breadcrumb\":{\"@id\":\"https:\\\/\\\/carlossousa.pt\\\/quem-somos\\\/#breadcrumb\"},\"inLanguage\":\"en-GB\",\"potentialAction\":[{\"@type\":\"ReadAction\",\"target\":[\"https:\\\/\\\/carlossousa.pt\\\/quem-somos\\\/\"]}]},{\"@type\":\"BreadcrumbList\",\"@id\":\"https:\\\/\\\/carlossousa.pt\\\/quem-somos\\\/#breadcrumb\",\"itemListElement\":[{\"@type\":\"ListItem\",\"position\":1,\"name\":\"In\u00edcio\",\"item\":\"https:\\\/\\\/carlossousa.pt\\\/\"},{\"@type\":\"ListItem\",\"position\":2,\"name\":\"Empresa\"}]},{\"@type\":\"WebSite\",\"@id\":\"http:\\\/\\\/carlossousa.pt\\\/#website\",\"url\":\"http:\\\/\\\/carlossousa.pt\\\/\",\"name\":\"Carlos Sousa\",\"description\":\"Fabrico de Cintas de Eleva\u00e7\u00e3o e Amarra\u00e7\u00e3o, Fitas Tecidas, Acess\u00f3rios, Slings e Bigbags.\",\"publisher\":{\"@id\":\"http:\\\/\\\/carlossousa.pt\\\/#organization\"},\"potentialAction\":[{\"@type\":\"SearchAction\",\"target\":{\"@type\":\"EntryPoint\",\"urlTemplate\":\"http:\\\/\\\/carlossousa.pt\\\/?s={search_term_string}\"},\"query-input\":{\"@type\":\"PropertyValueSpecification\",\"valueRequired\":true,\"valueName\":\"search_term_string\"}}],\"inLanguage\":\"en-GB\"},{\"@type\":\"Organization\",\"@id\":\"http:\\\/\\\/carlossousa.pt\\\/#organization\",\"name\":\"Carlos Sousa\",\"url\":\"http:\\\/\\\/carlossousa.pt\\\/\",\"logo\":{\"@type\":\"ImageObject\",\"inLanguage\":\"en-GB\",\"@id\":\"http:\\\/\\\/carlossousa.pt\\\/#\\\/schema\\\/logo\\\/image\\\/\",\"url\":\"https:\\\/\\\/carlossousa.pt\\\/wp-content\\\/uploads\\\/2022\\\/05\\\/Asset-1.png\",\"contentUrl\":\"https:\\\/\\\/carlossousa.pt\\\/wp-content\\\/uploads\\\/2022\\\/05\\\/Asset-1.png\",\"width\":1771,\"height\":558,\"caption\":\"Carlos Sousa\"},\"image\":{\"@id\":\"http:\\\/\\\/carlossousa.pt\\\/#\\\/schema\\\/logo\\\/image\\\/\"}}]}<\/script>\n<!-- \/ Yoast SEO plugin. -->","yoast_head_json":{"title":"Empresa - Carlos Sousa","description":"Somos uma empresa que se dedica \u00e0 produ\u00e7\u00e3o desde Fitas Tecidas, Cintas de eleva\u00e7\u00e3o e amarra\u00e7\u00e3o, slings e bigbags.","robots":{"index":"index","follow":"follow","max-snippet":"max-snippet:-1","max-image-preview":"max-image-preview:large","max-video-preview":"max-video-preview:-1"},"canonical":"https:\/\/carlossousa.pt\/en\/quem-somos\/","og_locale":"en_GB","og_type":"article","og_title":"Empresa - Carlos Sousa","og_description":"Somos uma empresa que se dedica \u00e0 produ\u00e7\u00e3o desde Fitas Tecidas, Cintas de eleva\u00e7\u00e3o e amarra\u00e7\u00e3o, slings e bigbags.","og_url":"https:\/\/carlossousa.pt\/en\/quem-somos\/","og_site_name":"Carlos Sousa","article_modified_time":"2023-12-21T12:02:38+00:00","twitter_card":"summary_large_image","twitter_misc":{"Estimated reading time":"3 minutes"},"schema":{"@context":"https:\/\/schema.org","@graph":[{"@type":"WebPage","@id":"https:\/\/carlossousa.pt\/quem-somos\/","url":"https:\/\/carlossousa.pt\/quem-somos\/","name":"Empresa - Carlos Sousa","isPartOf":{"@id":"http:\/\/carlossousa.pt\/#website"},"datePublished":"2022-05-10T23:04:47+00:00","dateModified":"2023-12-21T12:02:38+00:00","description":"Somos uma empresa que se dedica \u00e0 produ\u00e7\u00e3o desde Fitas Tecidas, Cintas de eleva\u00e7\u00e3o e amarra\u00e7\u00e3o, slings e bigbags.","breadcrumb":{"@id":"https:\/\/carlossousa.pt\/quem-somos\/#breadcrumb"},"inLanguage":"en-GB","potentialAction":[{"@type":"ReadAction","target":["https:\/\/carlossousa.pt\/quem-somos\/"]}]},{"@type":"BreadcrumbList","@id":"https:\/\/carlossousa.pt\/quem-somos\/#breadcrumb","itemListElement":[{"@type":"ListItem","position":1,"name":"In\u00edcio","item":"https:\/\/carlossousa.pt\/"},{"@type":"ListItem","position":2,"name":"Empresa"}]},{"@type":"WebSite","@id":"http:\/\/carlossousa.pt\/#website","url":"http:\/\/carlossousa.pt\/","name":"Carlos Sousa","description":"Fabrico de Cintas de Eleva\u00e7\u00e3o e Amarra\u00e7\u00e3o, Fitas Tecidas, Acess\u00f3rios, Slings e Bigbags.","publisher":{"@id":"http:\/\/carlossousa.pt\/#organization"},"potentialAction":[{"@type":"SearchAction","target":{"@type":"EntryPoint","urlTemplate":"http:\/\/carlossousa.pt\/?s={search_term_string}"},"query-input":{"@type":"PropertyValueSpecification","valueRequired":true,"valueName":"search_term_string"}}],"inLanguage":"en-GB"},{"@type":"Organization","@id":"http:\/\/carlossousa.pt\/#organization","name":"Carlos Sousa","url":"http:\/\/carlossousa.pt\/","logo":{"@type":"ImageObject","inLanguage":"en-GB","@id":"http:\/\/carlossousa.pt\/#\/schema\/logo\/image\/","url":"https:\/\/carlossousa.pt\/wp-content\/uploads\/2022\/05\/Asset-1.png","contentUrl":"https:\/\/carlossousa.pt\/wp-content\/uploads\/2022\/05\/Asset-1.png","width":1771,"height":558,"caption":"Carlos Sousa"},"image":{"@id":"http:\/\/carlossousa.pt\/#\/schema\/logo\/image\/"}}]}},"_links":{"self":[{"href":"http:\/\/carlossousa.pt\/en\/wp-json\/wp\/v2\/pages\/17","targetHints":{"allow":["GET"]}}],"collection":[{"href":"http:\/\/carlossousa.pt\/en\/wp-json\/wp\/v2\/pages"}],"about":[{"href":"http:\/\/carlossousa.pt\/en\/wp-json\/wp\/v2\/types\/page"}],"author":[{"embeddable":true,"href":"http:\/\/carlossousa.pt\/en\/wp-json\/wp\/v2\/users\/1"}],"replies":[{"embeddable":true,"href":"http:\/\/carlossousa.pt\/en\/wp-json\/wp\/v2\/comments?post=17"}],"version-history":[{"count":21,"href":"http:\/\/carlossousa.pt\/en\/wp-json\/wp\/v2\/pages\/17\/revisions"}],"predecessor-version":[{"id":2938,"href":"http:\/\/carlossousa.pt\/en\/wp-json\/wp\/v2\/pages\/17\/revisions\/2938"}],"wp:attachment":[{"href":"http:\/\/carlossousa.pt\/en\/wp-json\/wp\/v2\/media?parent=17"}],"curies":[{"name":"wp","href":"https:\/\/api.w.org\/{rel}","templated":true}]}}