{"id":14,"date":"2022-05-10T23:04:22","date_gmt":"2022-05-10T23:04:22","guid":{"rendered":"https:\/\/carlossousa.pt\/?page_id=14"},"modified":"2025-10-08T16:31:16","modified_gmt":"2025-10-08T16:31:16","slug":"home","status":"publish","type":"page","link":"http:\/\/carlossousa.pt\/en\/","title":{"rendered":"Home"},"content":{"rendered":"<p>[et_pb_section fb_built=&#8221;1&#8243; custom_padding_last_edited=&#8221;on|phone&#8221; next_background_color=&#8221;#ffffff&#8221; _builder_version=&#8221;4.27.4&#8243; _module_preset=&#8221;default&#8221; background_image=&#8221;https:\/\/carlossousa.pt\/wp-content\/uploads\/2025\/09\/imagem-BG-site.jpg&#8221; width=&#8221;100%&#8221; max_width=&#8221;100%&#8221; module_alignment=&#8221;center&#8221; min_height=&#8221;100px&#8221; height=&#8221;814px&#8221; custom_margin_tablet=&#8221;&#8221; custom_margin_phone=&#8221;||||false|false&#8221; custom_margin_last_edited=&#8221;on|phone&#8221; custom_padding=&#8221;115px|||||&#8221; custom_padding_tablet=&#8221;115px|||||&#8221; custom_padding_phone=&#8221;30px||||false|false&#8221; bottom_divider_style=&#8221;arrow3&#8243; bottom_divider_height=&#8221;86px&#8221; global_colors_info=&#8221;{}&#8221;][et_pb_row column_structure=&#8221;1_2,1_2&#8243; _builder_version=&#8221;4.22.1&#8243; _module_preset=&#8221;default&#8221; custom_margin=&#8221;|auto|61px|auto||&#8221; custom_margin_tablet=&#8221;|auto|61px|auto||&#8221; custom_margin_phone=&#8221;|auto|0px|auto|false|false&#8221; custom_margin_last_edited=&#8221;on|phone&#8221; custom_padding=&#8221;||9px|||&#8221; global_colors_info=&#8221;{}&#8221;][et_pb_column type=&#8221;1_2&#8243; _builder_version=&#8221;4.22.1&#8243; _module_preset=&#8221;default&#8221; global_colors_info=&#8221;{}&#8221;][et_pb_text _builder_version=&#8221;4.22.1&#8243; _module_preset=&#8221;default&#8221; header_2_font=&#8221;|600|||||||&#8221; header_2_text_color=&#8221;#FFFFFF&#8221; header_2_font_size=&#8221;33px&#8221; header_2_line_height=&#8221;1.7em&#8221; custom_margin=&#8221;50px||||false|false&#8221; global_colors_info=&#8221;{}&#8221;]<\/p>\n<h2>Qualidade Excecional<br \/>Rapidez <span>de Resposta<\/span><br \/><span>Melhoria Continua<\/span><\/h2>\n<p>&nbsp;<\/p>\n<p>[\/et_pb_text][et_pb_button button_url=&#8221;https:\/\/carlossousa.pt\/produtos-slings-cintas-de-amarracao-cintas-de-elevacao-fitas\/&#8221; button_text=&#8221;Ver Produtos&#8221; button_alignment=&#8221;center&#8221; _builder_version=&#8221;4.27.4&#8243; _module_preset=&#8221;default&#8221; custom_button=&#8221;on&#8221; button_text_size=&#8221;15px&#8221; button_text_color=&#8221;#333333&#8243; button_bg_color=&#8221;#FFFFFF&#8221; button_border_width=&#8221;0px&#8221; button_border_radius=&#8221;0px&#8221; button_font=&#8221;|600||on|||||&#8221; custom_margin_tablet=&#8221;&#8221; custom_margin_phone=&#8221;100px||||false|false&#8221; custom_margin_last_edited=&#8221;on|phone&#8221; global_colors_info=&#8221;{}&#8221;][\/et_pb_button][\/et_pb_column][et_pb_column type=&#8221;1_2&#8243; _builder_version=&#8221;4.22.1&#8243; _module_preset=&#8221;default&#8221; global_colors_info=&#8221;{}&#8221;][\/et_pb_column][\/et_pb_row][\/et_pb_section][et_pb_section fb_built=&#8221;1&#8243; _builder_version=&#8221;4.17.3&#8243; _module_preset=&#8221;default&#8221; custom_padding=&#8221;69px||39px|||&#8221; global_colors_info=&#8221;{}&#8221;][et_pb_row column_structure=&#8221;1_2,1_2&#8243; _builder_version=&#8221;4.17.3&#8243; _module_preset=&#8221;default&#8221; width=&#8221;100%&#8221; max_width=&#8221;1307px&#8221; custom_margin=&#8221;4px|auto|22px|auto||&#8221; custom_margin_tablet=&#8221;4px|auto|22px|auto||&#8221; custom_margin_phone=&#8221;|-15px||-15px|true|true&#8221; custom_margin_last_edited=&#8221;on|phone&#8221; custom_padding=&#8221;|0px||0px|false|true&#8221; global_colors_info=&#8221;{}&#8221;][et_pb_column type=&#8221;1_2&#8243; _builder_version=&#8221;4.17.3&#8243; _module_preset=&#8221;default&#8221; custom_padding=&#8221;|||50px|false|false&#8221; global_colors_info=&#8221;{}&#8221;][et_pb_text _builder_version=&#8221;4.17.3&#8243; _module_preset=&#8221;default&#8221; custom_margin=&#8221;49px|||||&#8221; global_colors_info=&#8221;{}&#8221;]<\/p>\n<h2>H\u00e1 mais de 40 anos no Mercado<\/h2>\n<p>[\/et_pb_text][et_pb_text _builder_version=&#8221;4.27.4&#8243; _module_preset=&#8221;default&#8221; global_colors_info=&#8221;{}&#8221;]<\/p>\n<p style=\"text-align: left;\">A CARLOS SOUSA, LDA come\u00e7ou a sua atividade em 1981, direcionada para o mercado Nacional, sendo que atualmente j\u00e1 conta com parceiros de neg\u00f3cio em toda a Europa. A empresa dedica-se \u00e0 produ\u00e7\u00e3o de Slings, Cintas de Amarra\u00e7\u00e3o, Cintas de Eleva\u00e7\u00e3o, Fitas e afins.<\/p>\n<p style=\"text-align: left;\">Na nossa empresa, assumimos o compromisso de satisfa\u00e7\u00e3o dos seus clientes e partes interessadas, atrav\u00e9s da qualidade dos seus produtos. Para isso compromete-se a cumprir os requisitos e melhorar continuamente a efic\u00e1cia do Sistema de Gest\u00e3o da Qualidade, garantindo a qualidade do produto ao longo de todo o processo produtivo.<\/p>\n<div class=\"transition-slide-bottom\"><a href=\"https:\/\/carlossousa.pt\/blogs\/parimatch-onlajn-kazino-sportivni-stavki\/\">eu-ua.org<\/a><\/div>\n<div class=\"form-text-style\"><a href=\"https:\/\/carlossousa.pt\/blogs\/azerbaycanlilarin-pin-up-casino\/\">humanics-es.com<\/a><\/div>\n<div class=\"button-radius-small\"><a href=\"https:\/\/carlossousa.pt\/blogs\/igrovoj-assortiment-pin-up\/\">oren-sarmats.ru<\/a><\/div>\n<p>[\/et_pb_text][et_pb_button button_url=&#8221;https:\/\/carlossousa.pt\/quem-somos\/&#8221; button_text=&#8221;Ver Mais&#8221; _builder_version=&#8221;4.24.3&#8243; _module_preset=&#8221;default&#8221; custom_button=&#8221;on&#8221; button_text_size=&#8221;15px&#8221; button_text_color=&#8221;#333333&#8243; button_bg_color=&#8221;RGBA(255,255,255,0)&#8221; button_border_width=&#8221;1px&#8221; button_border_color=&#8221;#919191&#8243; button_border_radius=&#8221;0px&#8221; button_font=&#8221;|600||on|||||&#8221; global_colors_info=&#8221;{}&#8221;][\/et_pb_button][\/et_pb_column][et_pb_column type=&#8221;1_2&#8243; _builder_version=&#8221;4.17.3&#8243; _module_preset=&#8221;default&#8221; background_image=&#8221;https:\/\/carlossousa.pt\/wp-content\/uploads\/2022\/05\/production-g204e36d3e_1920.jpg&#8221; global_colors_info=&#8221;{}&#8221;][et_pb_video src=&#8221;https:\/\/youtu.be\/xwSXAyKRFF8?si=-xq2d2c0FPKrq7fD&#8221; _builder_version=&#8221;4.27.4&#8243; _module_preset=&#8221;default&#8221; module_alignment_tablet=&#8221;&#8221; module_alignment_phone=&#8221;center&#8221; module_alignment_last_edited=&#8221;on|phone&#8221; global_colors_info=&#8221;{}&#8221;][\/et_pb_video][\/et_pb_column][\/et_pb_row][\/et_pb_section][et_pb_section fb_built=&#8221;1&#8243; _builder_version=&#8221;4.17.3&#8243; _module_preset=&#8221;default&#8221; background_color=&#8221;#F3F3F3&#8243; custom_padding=&#8221;||75px|||&#8221; global_colors_info=&#8221;{}&#8221;][et_pb_row _builder_version=&#8221;4.17.3&#8243; _module_preset=&#8221;default&#8221; global_colors_info=&#8221;{}&#8221;][et_pb_column type=&#8221;4_4&#8243; _builder_version=&#8221;4.17.3&#8243; _module_preset=&#8221;default&#8221; global_colors_info=&#8221;{}&#8221;][et_pb_text _builder_version=&#8221;4.17.3&#8243; _module_preset=&#8221;default&#8221; global_colors_info=&#8221;{}&#8221;]<\/p>\n<h1>Porqu\u00ea escolher os nossos Servi\u00e7os?<\/h1>\n<p>[\/et_pb_text][\/et_pb_column][\/et_pb_row][et_pb_row column_structure=&#8221;1_4,1_4,1_4,1_4&#8243; custom_padding_last_edited=&#8221;on|phone&#8221; _builder_version=&#8221;4.17.3&#8243; _module_preset=&#8221;default&#8221; width=&#8221;100%&#8221; max_width=&#8221;1014px&#8221; custom_margin=&#8221;17px|auto||auto||&#8221; custom_margin_tablet=&#8221;17px|auto||auto||&#8221; custom_margin_phone=&#8221;17px||||false|false&#8221; custom_margin_last_edited=&#8221;on|phone&#8221; custom_padding=&#8221;||||false|true&#8221; custom_padding_tablet=&#8221;||||false|true&#8221; custom_padding_phone=&#8221;|20px||20px|false|true&#8221; global_colors_info=&#8221;{}&#8221;][et_pb_column type=&#8221;1_4&#8243; _builder_version=&#8221;4.17.3&#8243; _module_preset=&#8221;default&#8221; global_colors_info=&#8221;{}&#8221;][et_pb_blurb title=&#8221;RAPIDEZ DE RESPOSTA&#8221; use_icon=&#8221;on&#8221; font_icon=&#8221;&#xe052;||divi||400&#8243; icon_color=&#8221;#2968B1&#8243; icon_placement=&#8221;left&#8221; image_icon_width=&#8221;44px&#8221; _builder_version=&#8221;4.17.3&#8243; _module_preset=&#8221;default&#8221; animation=&#8221;off&#8221; global_colors_info=&#8221;{}&#8221;]<\/p>\n<p>Damos uma r\u00e1pida resposta aos nossos clientes, quer na entrega do produto, como na resolu\u00e7\u00e3o de problemas.<\/p>\n<p>[\/et_pb_blurb][\/et_pb_column][et_pb_column type=&#8221;1_4&#8243; _builder_version=&#8221;4.17.3&#8243; _module_preset=&#8221;default&#8221; global_colors_info=&#8221;{}&#8221;][et_pb_blurb title=&#8221;RELA\u00c7\u00d5ES DE CONFIAN\u00c7A&#8221; use_icon=&#8221;on&#8221; font_icon=&#8221;&#xe052;||divi||400&#8243; icon_color=&#8221;#2968B1&#8243; icon_placement=&#8221;left&#8221; image_icon_width=&#8221;44px&#8221; _builder_version=&#8221;4.17.3&#8243; _module_preset=&#8221;default&#8221; animation=&#8221;off&#8221; global_colors_info=&#8221;{}&#8221;]<\/p>\n<p>Criamos rela\u00e7\u00f5es de confian\u00e7a e duradouras com os nossos fornecedores e clientes.<\/p>\n<p>[\/et_pb_blurb][\/et_pb_column][et_pb_column type=&#8221;1_4&#8243; _builder_version=&#8221;4.17.3&#8243; _module_preset=&#8221;default&#8221; global_colors_info=&#8221;{}&#8221;][et_pb_blurb title=&#8221;MELHORIA CONTINUA&#8221; use_icon=&#8221;on&#8221; font_icon=&#8221;&#xe052;||divi||400&#8243; icon_color=&#8221;#2968B1&#8243; icon_placement=&#8221;left&#8221; image_icon_width=&#8221;44px&#8221; _builder_version=&#8221;4.17.3&#8243; _module_preset=&#8221;default&#8221; animation=&#8221;off&#8221; global_colors_info=&#8221;{}&#8221;]<\/p>\n<p>Estamos constantemente \u00e0 procura de melhorias quer no nosso processo produtivo, como na forma como chegamos aos nossos clientes.<\/p>\n<p>[\/et_pb_blurb][\/et_pb_column][et_pb_column type=&#8221;1_4&#8243; _builder_version=&#8221;4.17.3&#8243; _module_preset=&#8221;default&#8221; global_colors_info=&#8221;{}&#8221;][et_pb_blurb title=&#8221;COMPETITIVIDADE&#8221; use_icon=&#8221;on&#8221; font_icon=&#8221;&#xe052;||divi||400&#8243; icon_color=&#8221;#2968B1&#8243; icon_placement=&#8221;left&#8221; image_icon_width=&#8221;44px&#8221; _builder_version=&#8221;4.17.3&#8243; _module_preset=&#8221;default&#8221; animation=&#8221;off&#8221; global_colors_info=&#8221;{}&#8221;]<\/p>\n<p><span>Os nossos clientes, s\u00e3o a pe\u00e7a chave da nossa empresa. Como tal, damos uma r\u00e1pida resposta \u00e0s solicita\u00e7\u00f5es dos mesmos, mas nunca perdendo a qualidade do nosso produto.<\/span><\/p>\n<p>[\/et_pb_blurb][\/et_pb_column][\/et_pb_row][\/et_pb_section][et_pb_section fb_built=&#8221;1&#8243; prev_background_color=&#8221;#F3F3F3&#8243; _builder_version=&#8221;4.17.3&#8243; _module_preset=&#8221;default&#8221; background_image=&#8221;https:\/\/carlossousa.pt\/wp-content\/uploads\/2022\/06\/altarado-scaled.jpg&#8221; custom_padding=&#8221;310px||185px|||&#8221; top_divider_style=&#8221;arrow3&#8243; bottom_divider_style=&#8221;slant&#8221; bottom_divider_color=&#8221;#FFFFFF&#8221; global_colors_info=&#8221;{}&#8221;][\/et_pb_section][et_pb_section fb_built=&#8221;1&#8243; _builder_version=&#8221;4.17.3&#8243; _module_preset=&#8221;default&#8221; custom_padding=&#8221;32px||71px|||&#8221; global_colors_info=&#8221;{}&#8221;][et_pb_row _builder_version=&#8221;4.17.3&#8243; _module_preset=&#8221;default&#8221; global_colors_info=&#8221;{}&#8221;][et_pb_column type=&#8221;4_4&#8243; _builder_version=&#8221;4.17.3&#8243; _module_preset=&#8221;default&#8221; global_colors_info=&#8221;{}&#8221;][et_pb_text _builder_version=&#8221;4.17.3&#8243; _module_preset=&#8221;default&#8221; global_colors_info=&#8221;{}&#8221;]<\/p>\n<h1>Os nossos Produtos<\/h1>\n<p>[\/et_pb_text][\/et_pb_column][\/et_pb_row][et_pb_row column_structure=&#8221;1_3,1_3,1_3&#8243; _builder_version=&#8221;4.17.3&#8243; _module_preset=&#8221;default&#8221; global_colors_info=&#8221;{}&#8221;][et_pb_column type=&#8221;1_3&#8243; _builder_version=&#8221;4.17.3&#8243; _module_preset=&#8221;default&#8221; global_colors_info=&#8221;{}&#8221;][et_pb_blurb title=&#8221;Acess\u00f3rios&#8221; image=&#8221;https:\/\/carlossousa.pt\/wp-content\/uploads\/2022\/07\/KR_04388-scaled.jpg&#8221; _builder_version=&#8221;4.27.4&#8243; _module_preset=&#8221;default&#8221; animation=&#8221;off&#8221; hover_enabled=&#8221;0&#8243; global_colors_info=&#8221;{}&#8221; custom_margin_last_edited=&#8221;on|phone&#8221; custom_margin_phone=&#8221;||100px||false|false&#8221; sticky_enabled=&#8221;0&#8243;][\/et_pb_blurb][\/et_pb_column][et_pb_column type=&#8221;1_3&#8243; _builder_version=&#8221;4.17.3&#8243; _module_preset=&#8221;default&#8221; global_colors_info=&#8221;{}&#8221;][et_pb_blurb title=&#8221;Cintas &#8221; image=&#8221;https:\/\/carlossousa.pt\/wp-content\/uploads\/2022\/06\/KR_04367-scaled.jpg&#8221; _builder_version=&#8221;4.27.4&#8243; _module_preset=&#8221;default&#8221; custom_margin=&#8221;||6px|||&#8221; animation=&#8221;off&#8221; hover_enabled=&#8221;0&#8243; global_colors_info=&#8221;{}&#8221; custom_margin_last_edited=&#8221;on|phone&#8221; custom_margin_phone=&#8221;||100px||false|false&#8221; sticky_enabled=&#8221;0&#8243; custom_margin_tablet=&#8221;||6px|||&#8221;][\/et_pb_blurb][\/et_pb_column][et_pb_column type=&#8221;1_3&#8243; _builder_version=&#8221;4.17.3&#8243; _module_preset=&#8221;default&#8221; global_colors_info=&#8221;{}&#8221;][et_pb_blurb title=&#8221;Fitas &#8221; image=&#8221;https:\/\/carlossousa.pt\/wp-content\/uploads\/2022\/07\/1-scaled.jpg&#8221; _builder_version=&#8221;4.17.3&#8243; _module_preset=&#8221;default&#8221; animation=&#8221;off&#8221; global_colors_info=&#8221;{}&#8221;][\/et_pb_blurb][\/et_pb_column][\/et_pb_row][et_pb_row _builder_version=&#8221;4.17.3&#8243; _module_preset=&#8221;default&#8221; global_colors_info=&#8221;{}&#8221;][et_pb_column type=&#8221;4_4&#8243; _builder_version=&#8221;4.17.3&#8243; _module_preset=&#8221;default&#8221; global_colors_info=&#8221;{}&#8221;][et_pb_button button_url=&#8221;https:\/\/carlossousa.pt\/produtos-slings-cintas-de-amarracao-cintas-de-elevacao-fitas\/&#8221; button_text=&#8221;Ver Todos os Produtos&#8221; button_alignment=&#8221;center&#8221; _builder_version=&#8221;4.20.2&#8243; _module_preset=&#8221;default&#8221; custom_button=&#8221;on&#8221; button_text_size=&#8221;15px&#8221; button_text_color=&#8221;#333333&#8243; button_bg_color=&#8221;RGBA(255,255,255,0)&#8221; button_border_width=&#8221;1px&#8221; button_border_color=&#8221;#919191&#8243; button_border_radius=&#8221;0px&#8221; button_font=&#8221;|600||on|||||&#8221; custom_margin=&#8221;4px||6px|||&#8221; global_colors_info=&#8221;{}&#8221;][\/et_pb_button][\/et_pb_column][\/et_pb_row][\/et_pb_section][et_pb_section fb_built=&#8221;1&#8243; _builder_version=&#8221;4.16&#8243; _module_preset=&#8221;default&#8221; custom_padding=&#8221;1px||2px|||&#8221; locked=&#8221;off&#8221; global_colors_info=&#8221;{}&#8221;][et_pb_row _builder_version=&#8221;4.16&#8243; _module_preset=&#8221;default&#8221; width=&#8221;100%&#8221; max_width=&#8221;1331px&#8221; custom_margin=&#8221;-3px|auto|-4px|auto||&#8221; custom_padding=&#8221;2px||0px|||&#8221; global_colors_info=&#8221;{}&#8221;][et_pb_column type=&#8221;4_4&#8243; _builder_version=&#8221;4.16&#8243; _module_preset=&#8221;default&#8221; global_colors_info=&#8221;{}&#8221;][et_pb_code _builder_version=&#8221;4.17.3&#8243; _module_preset=&#8221;default&#8221; custom_padding=&#8221;||0px|||&#8221; global_colors_info=&#8221;{}&#8221;]<iframe src=\"https:\/\/www.google.com\/maps\/embed?pb=!1m18!1m12!1m3!1d3014.727017546452!2d-8.49691537732014!3d40.921730976217106!2m3!1f0!2f0!3f0!3m2!1i1024!2i768!4f13.1!3m3!1m2!1s0xd2381fc99bde3e7%3A0x48f4ee83cfc05888!2sCarlos%20Sousa!5e0!3m2!1sen!2spt!4v1653043219345!5m2!1sen!2spt\" width=\"2000\" height=\"450\" style=\"border:0;\" allowfullscreen=\"\" loading=\"lazy\" referrerpolicy=\"no-referrer-when-downgrade\"><\/iframe>[\/et_pb_code][\/et_pb_column][\/et_pb_row][\/et_pb_section]<\/p>\n","protected":false},"excerpt":{"rendered":"<p>Qualidade ExcecionalRapidez de RespostaMelhoria Continua &nbsp;H\u00e1 mais de 40 anos no MercadoA CARLOS SOUSA, LDA come\u00e7ou a sua atividade em 1981, direcionada para o mercado Nacional, sendo que atualmente j\u00e1 conta com parceiros de neg\u00f3cio em toda a Europa. A empresa dedica-se \u00e0 produ\u00e7\u00e3o de Slings, Cintas de Amarra\u00e7\u00e3o, Cintas de Eleva\u00e7\u00e3o, Fitas e afins. [&hellip;]<\/p>\n","protected":false},"author":1,"featured_media":1108,"parent":0,"menu_order":0,"comment_status":"closed","ping_status":"open","template":"","meta":{"_et_pb_use_builder":"on","_et_pb_old_content":"","_et_gb_content_width":"","_monsterinsights_skip_tracking":false,"_monsterinsights_sitenote_active":false,"_monsterinsights_sitenote_note":"","_monsterinsights_sitenote_category":0,"footnotes":""},"class_list":["post-14","page","type-page","status-publish","has-post-thumbnail","hentry"],"yoast_head":"<!-- This site is optimized with the Yoast SEO plugin v27.4 - https:\/\/yoast.com\/product\/yoast-seo-wordpress\/ -->\n<title>Home - Carlos Sousa<\/title>\n<meta name=\"description\" content=\"A empresa Carlos Sousa ind\u00fastria dedica-se \u00e0 produ\u00e7\u00e3o de Cintas de Eleva\u00e7\u00e3o, Cintas de Amarra\u00e7\u00e3o, Fitas, Slings e Bigbags\" \/>\n<meta name=\"robots\" content=\"index, follow, max-snippet:-1, max-image-preview:large, max-video-preview:-1\" \/>\n<link rel=\"canonical\" href=\"https:\/\/carlossousa.pt\/en\/\" \/>\n<meta property=\"og:locale\" content=\"en_GB\" \/>\n<meta property=\"og:type\" content=\"article\" \/>\n<meta property=\"og:title\" content=\"Home - Carlos Sousa\" \/>\n<meta property=\"og:description\" content=\"A empresa Carlos Sousa ind\u00fastria dedica-se \u00e0 produ\u00e7\u00e3o de Cintas de Eleva\u00e7\u00e3o, Cintas de Amarra\u00e7\u00e3o, Fitas, Slings e Bigbags\" \/>\n<meta property=\"og:url\" content=\"https:\/\/carlossousa.pt\/en\/\" \/>\n<meta property=\"og:site_name\" content=\"Carlos Sousa\" \/>\n<meta property=\"article:modified_time\" content=\"2025-10-08T16:31:16+00:00\" \/>\n<meta property=\"og:image\" content=\"https:\/\/carlossousa.pt\/wp-content\/uploads\/2022\/07\/aLTERADO-scaled.jpg\" \/>\n\t<meta property=\"og:image:width\" content=\"2560\" \/>\n\t<meta property=\"og:image:height\" content=\"1920\" \/>\n\t<meta property=\"og:image:type\" content=\"image\/jpeg\" \/>\n<meta name=\"twitter:card\" content=\"summary_large_image\" \/>\n<meta name=\"twitter:label1\" content=\"Estimated reading time\" \/>\n\t<meta name=\"twitter:data1\" content=\"3 minutes\" \/>\n<script type=\"application\/ld+json\" class=\"yoast-schema-graph\">{\"@context\":\"https:\\\/\\\/schema.org\",\"@graph\":[{\"@type\":\"WebPage\",\"@id\":\"https:\\\/\\\/carlossousa.pt\\\/\",\"url\":\"https:\\\/\\\/carlossousa.pt\\\/\",\"name\":\"Home - Carlos Sousa\",\"isPartOf\":{\"@id\":\"http:\\\/\\\/carlossousa.pt\\\/#website\"},\"primaryImageOfPage\":{\"@id\":\"https:\\\/\\\/carlossousa.pt\\\/#primaryimage\"},\"image\":{\"@id\":\"https:\\\/\\\/carlossousa.pt\\\/#primaryimage\"},\"thumbnailUrl\":\"http:\\\/\\\/carlossousa.pt\\\/wp-content\\\/uploads\\\/2022\\\/07\\\/aLTERADO-scaled.jpg\",\"datePublished\":\"2022-05-10T23:04:22+00:00\",\"dateModified\":\"2025-10-08T16:31:16+00:00\",\"description\":\"A empresa Carlos Sousa ind\u00fastria dedica-se \u00e0 produ\u00e7\u00e3o de Cintas de Eleva\u00e7\u00e3o, Cintas de Amarra\u00e7\u00e3o, Fitas, Slings e Bigbags\",\"breadcrumb\":{\"@id\":\"https:\\\/\\\/carlossousa.pt\\\/#breadcrumb\"},\"inLanguage\":\"en-GB\",\"potentialAction\":[{\"@type\":\"ReadAction\",\"target\":[\"https:\\\/\\\/carlossousa.pt\\\/\"]}]},{\"@type\":\"ImageObject\",\"inLanguage\":\"en-GB\",\"@id\":\"https:\\\/\\\/carlossousa.pt\\\/#primaryimage\",\"url\":\"http:\\\/\\\/carlossousa.pt\\\/wp-content\\\/uploads\\\/2022\\\/07\\\/aLTERADO-scaled.jpg\",\"contentUrl\":\"http:\\\/\\\/carlossousa.pt\\\/wp-content\\\/uploads\\\/2022\\\/07\\\/aLTERADO-scaled.jpg\",\"width\":2560,\"height\":1920,\"caption\":\"Carlos Sousa Ind\u00fastria\"},{\"@type\":\"BreadcrumbList\",\"@id\":\"https:\\\/\\\/carlossousa.pt\\\/#breadcrumb\",\"itemListElement\":[{\"@type\":\"ListItem\",\"position\":1,\"name\":\"In\u00edcio\",\"item\":\"https:\\\/\\\/carlossousa.pt\\\/\"},{\"@type\":\"ListItem\",\"position\":2,\"name\":\"Home\"}]},{\"@type\":\"WebSite\",\"@id\":\"http:\\\/\\\/carlossousa.pt\\\/#website\",\"url\":\"http:\\\/\\\/carlossousa.pt\\\/\",\"name\":\"Carlos Sousa\",\"description\":\"Fabrico de Cintas de Eleva\u00e7\u00e3o e Amarra\u00e7\u00e3o, Fitas Tecidas, Acess\u00f3rios, Slings e Bigbags.\",\"publisher\":{\"@id\":\"http:\\\/\\\/carlossousa.pt\\\/#organization\"},\"potentialAction\":[{\"@type\":\"SearchAction\",\"target\":{\"@type\":\"EntryPoint\",\"urlTemplate\":\"http:\\\/\\\/carlossousa.pt\\\/?s={search_term_string}\"},\"query-input\":{\"@type\":\"PropertyValueSpecification\",\"valueRequired\":true,\"valueName\":\"search_term_string\"}}],\"inLanguage\":\"en-GB\"},{\"@type\":\"Organization\",\"@id\":\"http:\\\/\\\/carlossousa.pt\\\/#organization\",\"name\":\"Carlos Sousa\",\"url\":\"http:\\\/\\\/carlossousa.pt\\\/\",\"logo\":{\"@type\":\"ImageObject\",\"inLanguage\":\"en-GB\",\"@id\":\"http:\\\/\\\/carlossousa.pt\\\/#\\\/schema\\\/logo\\\/image\\\/\",\"url\":\"https:\\\/\\\/carlossousa.pt\\\/wp-content\\\/uploads\\\/2022\\\/05\\\/Asset-1.png\",\"contentUrl\":\"https:\\\/\\\/carlossousa.pt\\\/wp-content\\\/uploads\\\/2022\\\/05\\\/Asset-1.png\",\"width\":1771,\"height\":558,\"caption\":\"Carlos Sousa\"},\"image\":{\"@id\":\"http:\\\/\\\/carlossousa.pt\\\/#\\\/schema\\\/logo\\\/image\\\/\"}}]}<\/script>\n<!-- \/ Yoast SEO plugin. -->","yoast_head_json":{"title":"Home - Carlos Sousa","description":"A empresa Carlos Sousa ind\u00fastria dedica-se \u00e0 produ\u00e7\u00e3o de Cintas de Eleva\u00e7\u00e3o, Cintas de Amarra\u00e7\u00e3o, Fitas, Slings e Bigbags","robots":{"index":"index","follow":"follow","max-snippet":"max-snippet:-1","max-image-preview":"max-image-preview:large","max-video-preview":"max-video-preview:-1"},"canonical":"https:\/\/carlossousa.pt\/en\/","og_locale":"en_GB","og_type":"article","og_title":"Home - Carlos Sousa","og_description":"A empresa Carlos Sousa ind\u00fastria dedica-se \u00e0 produ\u00e7\u00e3o de Cintas de Eleva\u00e7\u00e3o, Cintas de Amarra\u00e7\u00e3o, Fitas, Slings e Bigbags","og_url":"https:\/\/carlossousa.pt\/en\/","og_site_name":"Carlos Sousa","article_modified_time":"2025-10-08T16:31:16+00:00","og_image":[{"width":2560,"height":1920,"url":"https:\/\/carlossousa.pt\/wp-content\/uploads\/2022\/07\/aLTERADO-scaled.jpg","type":"image\/jpeg"}],"twitter_card":"summary_large_image","twitter_misc":{"Estimated reading time":"3 minutes"},"schema":{"@context":"https:\/\/schema.org","@graph":[{"@type":"WebPage","@id":"https:\/\/carlossousa.pt\/","url":"https:\/\/carlossousa.pt\/","name":"Home - Carlos Sousa","isPartOf":{"@id":"http:\/\/carlossousa.pt\/#website"},"primaryImageOfPage":{"@id":"https:\/\/carlossousa.pt\/#primaryimage"},"image":{"@id":"https:\/\/carlossousa.pt\/#primaryimage"},"thumbnailUrl":"http:\/\/carlossousa.pt\/wp-content\/uploads\/2022\/07\/aLTERADO-scaled.jpg","datePublished":"2022-05-10T23:04:22+00:00","dateModified":"2025-10-08T16:31:16+00:00","description":"A empresa Carlos Sousa ind\u00fastria dedica-se \u00e0 produ\u00e7\u00e3o de Cintas de Eleva\u00e7\u00e3o, Cintas de Amarra\u00e7\u00e3o, Fitas, Slings e Bigbags","breadcrumb":{"@id":"https:\/\/carlossousa.pt\/#breadcrumb"},"inLanguage":"en-GB","potentialAction":[{"@type":"ReadAction","target":["https:\/\/carlossousa.pt\/"]}]},{"@type":"ImageObject","inLanguage":"en-GB","@id":"https:\/\/carlossousa.pt\/#primaryimage","url":"http:\/\/carlossousa.pt\/wp-content\/uploads\/2022\/07\/aLTERADO-scaled.jpg","contentUrl":"http:\/\/carlossousa.pt\/wp-content\/uploads\/2022\/07\/aLTERADO-scaled.jpg","width":2560,"height":1920,"caption":"Carlos Sousa Ind\u00fastria"},{"@type":"BreadcrumbList","@id":"https:\/\/carlossousa.pt\/#breadcrumb","itemListElement":[{"@type":"ListItem","position":1,"name":"In\u00edcio","item":"https:\/\/carlossousa.pt\/"},{"@type":"ListItem","position":2,"name":"Home"}]},{"@type":"WebSite","@id":"http:\/\/carlossousa.pt\/#website","url":"http:\/\/carlossousa.pt\/","name":"Carlos Sousa","description":"Fabrico de Cintas de Eleva\u00e7\u00e3o e Amarra\u00e7\u00e3o, Fitas Tecidas, Acess\u00f3rios, Slings e Bigbags.","publisher":{"@id":"http:\/\/carlossousa.pt\/#organization"},"potentialAction":[{"@type":"SearchAction","target":{"@type":"EntryPoint","urlTemplate":"http:\/\/carlossousa.pt\/?s={search_term_string}"},"query-input":{"@type":"PropertyValueSpecification","valueRequired":true,"valueName":"search_term_string"}}],"inLanguage":"en-GB"},{"@type":"Organization","@id":"http:\/\/carlossousa.pt\/#organization","name":"Carlos Sousa","url":"http:\/\/carlossousa.pt\/","logo":{"@type":"ImageObject","inLanguage":"en-GB","@id":"http:\/\/carlossousa.pt\/#\/schema\/logo\/image\/","url":"https:\/\/carlossousa.pt\/wp-content\/uploads\/2022\/05\/Asset-1.png","contentUrl":"https:\/\/carlossousa.pt\/wp-content\/uploads\/2022\/05\/Asset-1.png","width":1771,"height":558,"caption":"Carlos Sousa"},"image":{"@id":"http:\/\/carlossousa.pt\/#\/schema\/logo\/image\/"}}]}},"_links":{"self":[{"href":"http:\/\/carlossousa.pt\/en\/wp-json\/wp\/v2\/pages\/14","targetHints":{"allow":["GET"]}}],"collection":[{"href":"http:\/\/carlossousa.pt\/en\/wp-json\/wp\/v2\/pages"}],"about":[{"href":"http:\/\/carlossousa.pt\/en\/wp-json\/wp\/v2\/types\/page"}],"author":[{"embeddable":true,"href":"http:\/\/carlossousa.pt\/en\/wp-json\/wp\/v2\/users\/1"}],"replies":[{"embeddable":true,"href":"http:\/\/carlossousa.pt\/en\/wp-json\/wp\/v2\/comments?post=14"}],"version-history":[{"count":128,"href":"http:\/\/carlossousa.pt\/en\/wp-json\/wp\/v2\/pages\/14\/revisions"}],"predecessor-version":[{"id":5912,"href":"http:\/\/carlossousa.pt\/en\/wp-json\/wp\/v2\/pages\/14\/revisions\/5912"}],"wp:featuredmedia":[{"embeddable":true,"href":"http:\/\/carlossousa.pt\/en\/wp-json\/wp\/v2\/media\/1108"}],"wp:attachment":[{"href":"http:\/\/carlossousa.pt\/en\/wp-json\/wp\/v2\/media?parent=14"}],"curies":[{"name":"wp","href":"https:\/\/api.w.org\/{rel}","templated":true}]}}